{"id":729353,"date":"2025-08-27T20:54:39","date_gmt":"2025-08-27T17:54:39","guid":{"rendered":"https:\/\/roveyayinevi.com.tr\/index.php\/urun\/fil-kazasi\/"},"modified":"2026-04-16T02:37:08","modified_gmt":"2026-04-15T23:37:08","slug":"fil-kazasi","status":"publish","type":"product","link":"https:\/\/roveyayinevi.com.tr\/index.php\/urun\/fil-kazasi\/","title":{"rendered":"Fil Kazas\u0131"},"content":{"rendered":"<p>\u015eiir Erk\u00f6k Y\u0131lmaz\u2019dan yepyeni \u00f6yk\u00fcler: Fil Kazas\u0131   Yazar\u0131n toplu \u00f6yk\u00fcler kitab\u0131 E\u015fekar\u0131s\u0131\u2019ndan on y\u0131l sonra yay\u0131mlanan kitapta dokuz \u00f6yk\u00fc yer al\u0131yor. \u015eiir Erk\u00f6k Y\u0131lmaz, bu kitab\u0131nda da s\u0131ra d\u0131\u015f\u0131 bak\u0131\u015f a\u00e7\u0131s\u0131n\u0131 ve sinematografik anlat\u0131m\u0131n\u0131 s\u00fcrd\u00fcr\u00fcyor. Hayat\u0131n buhar olup u\u00e7an ve kat\u0131la\u015f\u0131p kalan yanlar\u0131na ayn\u0131 ustal\u0131kla e\u011filiyor. \u0130roni ger\u00e7ekli\u011fin i\u00e7ine ustal\u0131kla yerle\u015fiyor, k\u00f6p\u00fc\u011f\u00fc \u00fcst\u00fcnde olaylar ustal\u0131kla \u00f6yk\u00fcye ta\u015f\u0131n\u0131yor ve sinema perdesine s\u00f6zc\u00fcklerin \u0131\u015f\u0131\u011f\u0131 d\u00fc\u015f\u00fcyor. Fil Kazas\u0131\u2019nda bir araya gelen \u00f6yk\u00fclerin ba\u015f\u0131n\u0131, ger\u00e7ekten de film gibi iki \u00f6yk\u00fc, \u201c1 May\u0131s\u201d ve \u201cKoku\u201d \u00e7ekiyor.   Somut olaylar\u0131n i\u00e7indeki ger\u00e7ek\u00fcst\u00fc izleri ara\u015ft\u0131ran, insan\u0131n \u00f6z\u00fcne dokunmay\u0131 ba\u015faran, son derece \u00f6zg\u00fcn, canl\u0131, incelikli, derinlikli bir yazar\u0131n ustal\u0131k verimi Fil Kazas\u0131. <\/p>\n","protected":false},"excerpt":{"rendered":"<p>\u015eiir Erk\u00f6k Y\u0131lmaz\u2019dan yepyeni \u00f6yk\u00fcler: Fil Kazas\u0131 Yazar\u0131n toplu \u00f6yk\u00fcler kitab\u0131 E\u015fekar\u0131s\u0131\u2019ndan on y\u0131l sonra yay\u0131mlanan kitapta dokuz \u00f6yk\u00fc yer al\u0131yor. \u015eiir Erk\u00f6k Y\u0131lmaz, bu kitab\u0131nda<span class=\"excerpt-hellip\"> [\u2026]<\/span><\/p>\n","protected":false},"featured_media":0,"template":"","meta":{"_monsterinsights_skip_tracking":false,"_monsterinsights_sitenote_active":false,"_monsterinsights_sitenote_note":"","_monsterinsights_sitenote_category":0},"product_brand":[],"product_cat":[12291,12711],"product_tag":[],"class_list":{"0":"post-729353","1":"product","2":"type-product","3":"status-publish","5":"product_cat-edebiyat","6":"product_cat-roman-oyku","7":"pa_cilt-ciltsiz","8":"pa_tur-kitap","9":"pa_yayinevi-yapi-kredi-yayinlari","10":"pa_yazar-siir-erkok-yilmaz","12":"first","13":"instock","14":"sale","15":"shipping-taxable","16":"purchasable","17":"product-type-simple"},"_links":{"self":[{"href":"https:\/\/roveyayinevi.com.tr\/index.php\/wp-json\/wp\/v2\/product\/729353","targetHints":{"allow":["GET"]}}],"collection":[{"href":"https:\/\/roveyayinevi.com.tr\/index.php\/wp-json\/wp\/v2\/product"}],"about":[{"href":"https:\/\/roveyayinevi.com.tr\/index.php\/wp-json\/wp\/v2\/types\/product"}],"wp:attachment":[{"href":"https:\/\/roveyayinevi.com.tr\/index.php\/wp-json\/wp\/v2\/media?parent=729353"}],"wp:term":[{"taxonomy":"product_brand","embeddable":true,"href":"https:\/\/roveyayinevi.com.tr\/index.php\/wp-json\/wp\/v2\/product_brand?post=729353"},{"taxonomy":"product_cat","embeddable":true,"href":"https:\/\/roveyayinevi.com.tr\/index.php\/wp-json\/wp\/v2\/product_cat?post=729353"},{"taxonomy":"product_tag","embeddable":true,"href":"https:\/\/roveyayinevi.com.tr\/index.php\/wp-json\/wp\/v2\/product_tag?post=729353"}],"curies":[{"name":"wp","href":"https:\/\/api.w.org\/{rel}","templated":true}]}}