{"id":729352,"date":"2025-08-27T20:54:38","date_gmt":"2025-08-27T17:54:38","guid":{"rendered":"https:\/\/roveyayinevi.com.tr\/index.php\/urun\/aksam-yemegine-gelen-kuzu\/"},"modified":"2026-04-16T02:37:08","modified_gmt":"2026-04-15T23:37:08","slug":"aksam-yemegine-gelen-kuzu","status":"publish","type":"product","link":"https:\/\/roveyayinevi.com.tr\/index.php\/urun\/aksam-yemegine-gelen-kuzu\/","title":{"rendered":"Ak\u015fam Yeme\u011fine Gelen Kuzu"},"content":{"rendered":"<p>Ak\u015fam yeme\u011fini yemeye haz\u0131rlanan ihtiyar kurdun s\u00fcrpriz bir ziyaret\u00e7isi var: k\u00fc\u00e7\u00fck bir kuzu! \u0130htiyar kurdun k\u00fc\u00e7\u00fck kuzuyla ilgili bamba\u015fka planlar\u0131 olsa da k\u00fc\u00e7\u00fck kuzunun tek bir iste\u011fi var: kurtla arkada\u015f olmak! Peki, bir kurtla bir kuzu arkada\u015f olabilir mi dersiniz? Cevab\u0131 bu kitapta.Ak\u015fam Yeme\u011fine Gelen Kuzu, s\u00fcrpriz sonuyla g\u00fcl\u00fcmseten bir dostluk hik\u00e2yesi.<\/p>\n","protected":false},"excerpt":{"rendered":"<p>Ak\u015fam yeme\u011fini yemeye haz\u0131rlanan ihtiyar kurdun s\u00fcrpriz bir ziyaret\u00e7isi var: k\u00fc\u00e7\u00fck bir kuzu! \u0130htiyar kurdun k\u00fc\u00e7\u00fck kuzuyla ilgili bamba\u015fka planlar\u0131 olsa da k\u00fc\u00e7\u00fck kuzunun tek bir<span class=\"excerpt-hellip\"> [\u2026]<\/span><\/p>\n","protected":false},"featured_media":0,"template":"","meta":{"_monsterinsights_skip_tracking":false,"_monsterinsights_sitenote_active":false,"_monsterinsights_sitenote_note":"","_monsterinsights_sitenote_category":0},"product_brand":[],"product_cat":[12274,12284],"product_tag":[],"class_list":{"0":"post-729352","1":"product","2":"type-product","3":"status-publish","5":"product_cat-cocuk-ve-genclik-kitaplari","6":"product_cat-hikayeler","7":"pa_cilt-ciltli","8":"pa_tur-kitap","9":"pa_yayinevi-beyaz-balina-yayinlari","10":"pa_yazar-steve-smallman","12":"first","13":"instock","14":"sale","15":"shipping-taxable","16":"purchasable","17":"product-type-simple"},"_links":{"self":[{"href":"https:\/\/roveyayinevi.com.tr\/index.php\/wp-json\/wp\/v2\/product\/729352","targetHints":{"allow":["GET"]}}],"collection":[{"href":"https:\/\/roveyayinevi.com.tr\/index.php\/wp-json\/wp\/v2\/product"}],"about":[{"href":"https:\/\/roveyayinevi.com.tr\/index.php\/wp-json\/wp\/v2\/types\/product"}],"wp:attachment":[{"href":"https:\/\/roveyayinevi.com.tr\/index.php\/wp-json\/wp\/v2\/media?parent=729352"}],"wp:term":[{"taxonomy":"product_brand","embeddable":true,"href":"https:\/\/roveyayinevi.com.tr\/index.php\/wp-json\/wp\/v2\/product_brand?post=729352"},{"taxonomy":"product_cat","embeddable":true,"href":"https:\/\/roveyayinevi.com.tr\/index.php\/wp-json\/wp\/v2\/product_cat?post=729352"},{"taxonomy":"product_tag","embeddable":true,"href":"https:\/\/roveyayinevi.com.tr\/index.php\/wp-json\/wp\/v2\/product_tag?post=729352"}],"curies":[{"name":"wp","href":"https:\/\/api.w.org\/{rel}","templated":true}]}}