{"id":729351,"date":"2025-08-27T20:54:37","date_gmt":"2025-08-27T17:54:37","guid":{"rendered":"https:\/\/roveyayinevi.com.tr\/index.php\/urun\/dimitriosun-maskesi\/"},"modified":"2026-04-16T02:37:08","modified_gmt":"2026-04-15T23:37:08","slug":"dimitriosun-maskesi","status":"publish","type":"product","link":"https:\/\/roveyayinevi.com.tr\/index.php\/urun\/dimitriosun-maskesi\/","title":{"rendered":"Dimitrios\u2019un Maskesi"},"content":{"rendered":"<p>K\u00f6t\u00fcc\u00fcl zek\u00e2y\u0131 anlaman\u0131n pe\u015finde\u0130zmir\u2019in kurtulu\u015fu s\u0131ras\u0131nda \u00e7\u0131kan yang\u0131n\u0131n k\u00fcllerinden efsanevi bir kanun ka\u00e7a\u011f\u0131 do\u011far: Dimitrios. Daha sonra Mustafa Kemal Pa\u015fa\u2019ya kar\u015f\u0131 planlanan suikast giri\u015fimine de ad\u0131 kar\u0131\u015fan Dimitrios, \u0130stanbul\u2019da bulunan \u0130ngiliz polisiye yazar\u0131 Charles Latimer\u2019in ilgisini \u00e7eker. Bu yeralt\u0131 fig\u00fcr\u00fcn\u00fcn hayat\u0131yla ilgili ayr\u0131nt\u0131lar\u0131n pe\u015fine d\u00fc\u015fen Latimer kendini \u00e7ok ge\u00e7meden b\u00fct\u00fcn Balkanlar\u2019\u0131 i\u00e7ine alan bir suikast, casusluk ve ihanet a\u011f\u0131n\u0131n ortas\u0131nda bulacakt\u0131r. \u00c7a\u011fda\u015f gerilim ve casusluk romanlar\u0131n\u0131n \u00f6nc\u00fcs\u00fc kabul edilen Eric Ambler, tekinsiz komplolar\u0131n i\u00e7ine d\u00fc\u015fen s\u0131radan insanlar\u0131n maceralar\u0131n\u0131 konu alan romanlar\u0131yla tan\u0131nd\u0131. D\u00fc\u015fmeyen temposu, ger\u00e7ek\u00e7i atmosferi ve \u0130stanbul\u2019da ba\u015flay\u0131p casuslar\u0131n cirit att\u0131\u011f\u0131 bir Avrupa\u2019ya do\u011fru geni\u015fleyen olay \u00f6rg\u00fcs\u00fcyle Dimitrios\u2019un Maskesi bug\u00fcn de tazeli\u011fini koruyan birinci s\u0131n\u0131f bir gerilim roman\u0131, Ambler\u2019\u0131n d\u00fcnyas\u0131yla tan\u0131\u015fmak i\u00e7in harika bir ba\u015flang\u0131\u00e7. \u201cT\u00fcr\u00fcn\u00fcn ba\u015fyap\u0131tlar\u0131ndan biri.\u201d \u2013 New York Times \u201cAmbler\u2019\u0131 hen\u00fcz okumam\u0131\u015f olanlar\u0131 ger\u00e7ek bir ziyafet bekliyor.\u201d \u2013 Washington Post \u201cEn b\u00fcy\u00fck gerilim yazar\u0131m\u0131z.\u201d \u2013 Graham Greene <\/p>\n","protected":false},"excerpt":{"rendered":"<p>K\u00f6t\u00fcc\u00fcl zek\u00e2y\u0131 anlaman\u0131n pe\u015finde\u0130zmir\u2019in kurtulu\u015fu s\u0131ras\u0131nda \u00e7\u0131kan yang\u0131n\u0131n k\u00fcllerinden efsanevi bir kanun ka\u00e7a\u011f\u0131 do\u011far: Dimitrios. Daha sonra Mustafa Kemal Pa\u015fa\u2019ya kar\u015f\u0131 planlanan suikast giri\u015fimine de ad\u0131<span class=\"excerpt-hellip\"> [\u2026]<\/span><\/p>\n","protected":false},"featured_media":0,"template":"","meta":{"_monsterinsights_skip_tracking":false,"_monsterinsights_sitenote_active":false,"_monsterinsights_sitenote_note":"","_monsterinsights_sitenote_category":0},"product_brand":[],"product_cat":[12291,15445],"product_tag":[],"class_list":{"0":"post-729351","1":"product","2":"type-product","3":"status-publish","5":"product_cat-edebiyat","6":"product_cat-polisiye","7":"pa_cilt-ciltsiz","8":"pa_tur-kitap","9":"pa_yayinevi-yapi-kredi-yayinlari","10":"pa_yazar-eric-ambler","12":"first","13":"instock","14":"sale","15":"shipping-taxable","16":"purchasable","17":"product-type-simple"},"_links":{"self":[{"href":"https:\/\/roveyayinevi.com.tr\/index.php\/wp-json\/wp\/v2\/product\/729351","targetHints":{"allow":["GET"]}}],"collection":[{"href":"https:\/\/roveyayinevi.com.tr\/index.php\/wp-json\/wp\/v2\/product"}],"about":[{"href":"https:\/\/roveyayinevi.com.tr\/index.php\/wp-json\/wp\/v2\/types\/product"}],"wp:attachment":[{"href":"https:\/\/roveyayinevi.com.tr\/index.php\/wp-json\/wp\/v2\/media?parent=729351"}],"wp:term":[{"taxonomy":"product_brand","embeddable":true,"href":"https:\/\/roveyayinevi.com.tr\/index.php\/wp-json\/wp\/v2\/product_brand?post=729351"},{"taxonomy":"product_cat","embeddable":true,"href":"https:\/\/roveyayinevi.com.tr\/index.php\/wp-json\/wp\/v2\/product_cat?post=729351"},{"taxonomy":"product_tag","embeddable":true,"href":"https:\/\/roveyayinevi.com.tr\/index.php\/wp-json\/wp\/v2\/product_tag?post=729351"}],"curies":[{"name":"wp","href":"https:\/\/api.w.org\/{rel}","templated":true}]}}