{"id":729349,"date":"2025-08-27T20:54:36","date_gmt":"2025-08-27T17:54:36","guid":{"rendered":"https:\/\/roveyayinevi.com.tr\/index.php\/urun\/bilim-nedir-nasil-yapilir\/"},"modified":"2026-04-16T02:37:07","modified_gmt":"2026-04-15T23:37:07","slug":"bilim-nedir-nasil-yapilir","status":"publish","type":"product","link":"https:\/\/roveyayinevi.com.tr\/index.php\/urun\/bilim-nedir-nasil-yapilir\/","title":{"rendered":"Bilim Nedir Nas\u0131l Yap\u0131l\u0131r?"},"content":{"rendered":"<p>Bilim insanlar\u0131 kar\u015f\u0131lar\u0131na \u00e7\u0131kan sorunlar\u0131 nas\u0131l \u00e7\u00f6zer? Bilimsel ke\u015fifler nas\u0131l ger\u00e7ekle\u015fir? So\u011fuk f\u00fczyon gibi teoriler ve parapsikoloji gibi disiplinler neden tam olarak \u201cbilimsel\u201d say\u0131lmaz? Bilimsel d\u00fcnya g\u00f6r\u00fc\u015f\u00fc nas\u0131l bir \u015feydir? Gregory N. Derry okura bilimsel d\u00fc\u015f\u00fcnmeyi tan\u0131t\u0131rken bu t\u00fcr sorular\u0131 yan\u0131tl\u0131yor. X-\u0131\u015f\u0131nlar\u0131, yar\u0131 iletkenler, levha tektoni\u011fi ve \u00e7i\u00e7ek a\u015f\u0131s\u0131 gibi \u00f6nemli ke\u015fif ve bulu\u015flar\u0131 \u00f6zetleyerek bilimsel \u00e7al\u0131\u015fman\u0131n d\u00fcr\u00fcst g\u00f6zlem, ele\u015ftirel ak\u0131l y\u00fcr\u00fctme ve bazen de safi \u015fans ile nas\u0131l meyve verdi\u011fini a\u00e7\u0131kl\u0131yor. Derry bilimin hem g\u00fcc\u00fcn\u00fc hem de s\u0131n\u0131rlar\u0131n\u0131 ortaya koyarak bilim ile din, etik ve felsefe aras\u0131ndaki ili\u015fkileri de ele al\u0131yor. Kitap, okura bir bilim insan\u0131 gibi d\u00fc\u015f\u00fcnmeye ba\u015flamak i\u00e7in m\u00fckemmel bir ba\u015flang\u0131\u00e7 noktas\u0131 sunuyor.   \u201c\u00c7ok iyi bir yazar\u0131n kaleminden muhte\u015fem bir kitap. \u2026 Bilimi sokaktaki insan i\u00e7in daha anla\u015f\u0131l\u0131r k\u0131lma \u00e7abas\u0131na \u00f6nemli bir katk\u0131.\u201d \u2014 Robert Ehrlich, Nine Crazy Ideas in Science, adl\u0131 kitab\u0131n yazar\u0131 <\/p>\n","protected":false},"excerpt":{"rendered":"<p>Bilim insanlar\u0131 kar\u015f\u0131lar\u0131na \u00e7\u0131kan sorunlar\u0131 nas\u0131l \u00e7\u00f6zer? Bilimsel ke\u015fifler nas\u0131l ger\u00e7ekle\u015fir? So\u011fuk f\u00fczyon gibi teoriler ve parapsikoloji gibi disiplinler neden tam olarak \u201cbilimsel\u201d say\u0131lmaz? Bilimsel d\u00fcnya<span class=\"excerpt-hellip\"> [\u2026]<\/span><\/p>\n","protected":false},"featured_media":0,"template":"","meta":{"_monsterinsights_skip_tracking":false,"_monsterinsights_sitenote_active":false,"_monsterinsights_sitenote_note":"","_monsterinsights_sitenote_category":0},"product_brand":[],"product_cat":[13005,13006],"product_tag":[],"class_list":{"0":"post-729349","1":"product","2":"type-product","3":"status-publish","5":"product_cat-bilim-muhendislik","6":"product_cat-populer-bilim","7":"pa_cilt-ciltsiz","8":"pa_tur-kitap","9":"pa_yayinevi-say-yayinlari","10":"pa_yazar-gregory-n-derry","12":"first","13":"instock","14":"sale","15":"shipping-taxable","16":"purchasable","17":"product-type-simple"},"_links":{"self":[{"href":"https:\/\/roveyayinevi.com.tr\/index.php\/wp-json\/wp\/v2\/product\/729349","targetHints":{"allow":["GET"]}}],"collection":[{"href":"https:\/\/roveyayinevi.com.tr\/index.php\/wp-json\/wp\/v2\/product"}],"about":[{"href":"https:\/\/roveyayinevi.com.tr\/index.php\/wp-json\/wp\/v2\/types\/product"}],"wp:attachment":[{"href":"https:\/\/roveyayinevi.com.tr\/index.php\/wp-json\/wp\/v2\/media?parent=729349"}],"wp:term":[{"taxonomy":"product_brand","embeddable":true,"href":"https:\/\/roveyayinevi.com.tr\/index.php\/wp-json\/wp\/v2\/product_brand?post=729349"},{"taxonomy":"product_cat","embeddable":true,"href":"https:\/\/roveyayinevi.com.tr\/index.php\/wp-json\/wp\/v2\/product_cat?post=729349"},{"taxonomy":"product_tag","embeddable":true,"href":"https:\/\/roveyayinevi.com.tr\/index.php\/wp-json\/wp\/v2\/product_tag?post=729349"}],"curies":[{"name":"wp","href":"https:\/\/api.w.org\/{rel}","templated":true}]}}