{"id":729348,"date":"2025-08-27T20:54:35","date_gmt":"2025-08-27T17:54:35","guid":{"rendered":"https:\/\/roveyayinevi.com.tr\/index.php\/urun\/son-osmanlilar-osmanli-hanedaninin-surgun-ve-miras-oykusu\/"},"modified":"2026-04-16T02:37:07","modified_gmt":"2026-04-15T23:37:07","slug":"son-osmanlilar-osmanli-hanedaninin-surgun-ve-miras-oykusu","status":"publish","type":"product","link":"https:\/\/roveyayinevi.com.tr\/index.php\/urun\/son-osmanlilar-osmanli-hanedaninin-surgun-ve-miras-oykusu\/","title":{"rendered":"Son Osmanl\u0131lar Osmanl\u0131 Hanedan\u0131n\u0131n S\u00fcrg\u00fcn Ve Miras \u00d6yk\u00fcs\u00fc"},"content":{"rendered":"<p>SON OSMANLILAR Kad\u0131n, erkek ve \u00e7ocuk, 155 ki\u015fiydiler&#8230; Osmanl\u0131 hanedan\u0131 bu 155 ki\u015fiden ibaretti ve 1924 Mart\u0131\u2019nda, hepsi T\u00fcrkiye d\u0131\u015f\u0131na \u00e7\u0131kart\u0131ld\u0131&#8230;  Ellerine iki\u015fer bin \u0130ngiliz liras\u0131 ve bir y\u0131ll\u0131k ama d\u00f6n\u00fc\u015f\u00fc olmayan pasaport verildi. Mal varl\u0131klar\u0131 tasfiye edildi&#8230;  T\u00fcrkiye\u2019ye girmeleri ve transit ge\u00e7meleri yasakland\u0131&#8230;  Art\u0131k ne vatanlar\u0131, ne de gelirleri vard\u0131&#8230; Macera dolu bir s\u00fcrg\u00fcn ya\u015fad\u0131lar&#8230;  Ge\u00e7inebilmek i\u00e7in her t\u00fcrl\u00fc i\u015fte \u00e7al\u0131\u015ft\u0131lar&#8230; Kimisi mezar bek\u00e7ili\u011fi yapt\u0131, kimisi kap\u0131 kap\u0131 dola\u015f\u0131p sabun satt\u0131&#8230;  Yabanc\u0131 zindanlarda can verenleri oldu&#8230; Kimisi de ba\u015fka hanedanlar\u0131n mensuplar\u0131yla evlenip yeniden asalet unvan\u0131 ald\u0131&#8230;  S\u00fcrg\u00fcn, hanedan\u0131n kad\u0131n mensuplar\u0131 i\u00e7in 28, erkekleri i\u00e7in 50 y\u0131l devam etti. 1974\u2019te, ailenin tamam\u0131n\u0131n T\u00fcrkiye\u2019ye d\u00f6nebilmesine izin verildi. Bir k\u0131sm\u0131 d\u00f6nd\u00fc, bir k\u0131sm\u0131 y\u0131llard\u0131r ya\u015fad\u0131\u011f\u0131 \u00fclkelerde kald\u0131. Gazeteci Murat Bardak\u00e7\u0131\u2019n\u0131n, d\u00fcnyan\u0131n hemen her taraf\u0131na da\u011f\u0131lm\u0131\u015f olan Osmanl\u0131 hanedan\u0131n\u0131n mensuplar\u0131yla g\u00f6r\u00fc\u015ferek haz\u0131rlad\u0131\u011f\u0131 bu kitap, Ortado\u011fu\u2019ya ve Avrupa\u2019n\u0131n bir b\u00f6l\u00fcm\u00fcne y\u00fczlerce y\u0131l boyunca h\u00fckmetmi\u015f bir ailedan bug\u00fcne kalanlar\u0131n \u00f6yk\u00fcs\u00fcn\u00fc anlat\u0131yor&#8230;  Konusundaki ilk ve tek eser olan bu kitap, bir yerde, Osmanl\u0131lar\u2019\u0131n tarih sahnesinden \u00e7ekilmelerinden sonraki tarihidir&#8230; <\/p>\n","protected":false},"excerpt":{"rendered":"<p>SON OSMANLILAR Kad\u0131n, erkek ve \u00e7ocuk, 155 ki\u015fiydiler&#8230; Osmanl\u0131 hanedan\u0131 bu 155 ki\u015fiden ibaretti ve 1924 Mart\u0131\u2019nda, hepsi T\u00fcrkiye d\u0131\u015f\u0131na \u00e7\u0131kart\u0131ld\u0131&#8230; Ellerine iki\u015fer bin \u0130ngiliz liras\u0131<span class=\"excerpt-hellip\"> [\u2026]<\/span><\/p>\n","protected":false},"featured_media":0,"template":"","meta":{"_monsterinsights_skip_tracking":false,"_monsterinsights_sitenote_active":false,"_monsterinsights_sitenote_note":"","_monsterinsights_sitenote_category":0},"product_brand":[],"product_cat":[13517,12304],"product_tag":[],"class_list":{"0":"post-729348","1":"product","2":"type-product","3":"status-publish","5":"product_cat-osmanli-tarihi","6":"product_cat-tarih","7":"pa_cilt-ciltsiz","8":"pa_tur-kitap","9":"pa_yayinevi-turkuvaz-kitap","10":"pa_yazar-murat-bardakci","12":"first","13":"instock","14":"sale","15":"shipping-taxable","16":"purchasable","17":"product-type-simple"},"_links":{"self":[{"href":"https:\/\/roveyayinevi.com.tr\/index.php\/wp-json\/wp\/v2\/product\/729348","targetHints":{"allow":["GET"]}}],"collection":[{"href":"https:\/\/roveyayinevi.com.tr\/index.php\/wp-json\/wp\/v2\/product"}],"about":[{"href":"https:\/\/roveyayinevi.com.tr\/index.php\/wp-json\/wp\/v2\/types\/product"}],"wp:attachment":[{"href":"https:\/\/roveyayinevi.com.tr\/index.php\/wp-json\/wp\/v2\/media?parent=729348"}],"wp:term":[{"taxonomy":"product_brand","embeddable":true,"href":"https:\/\/roveyayinevi.com.tr\/index.php\/wp-json\/wp\/v2\/product_brand?post=729348"},{"taxonomy":"product_cat","embeddable":true,"href":"https:\/\/roveyayinevi.com.tr\/index.php\/wp-json\/wp\/v2\/product_cat?post=729348"},{"taxonomy":"product_tag","embeddable":true,"href":"https:\/\/roveyayinevi.com.tr\/index.php\/wp-json\/wp\/v2\/product_tag?post=729348"}],"curies":[{"name":"wp","href":"https:\/\/api.w.org\/{rel}","templated":true}]}}