{"id":729346,"date":"2025-08-27T20:54:33","date_gmt":"2025-08-27T17:54:33","guid":{"rendered":"https:\/\/roveyayinevi.com.tr\/index.php\/urun\/bircok-yolculugun-tamamlanmamis-hikayesi\/"},"modified":"2026-04-16T02:37:07","modified_gmt":"2026-04-15T23:37:07","slug":"bircok-yolculugun-tamamlanmamis-hikayesi","status":"publish","type":"product","link":"https:\/\/roveyayinevi.com.tr\/index.php\/urun\/bircok-yolculugun-tamamlanmamis-hikayesi\/","title":{"rendered":"Bir\u00e7ok Yolculu\u011fun Tamamlanmam\u0131\u015f Hikayesi"},"content":{"rendered":"<p>\u201cama h\u00e2l\u00e2 iyi bir \u015feyler kald\u0131 i\u00e7imde, \u00f6ld\u00fcremediler g\u00fczel r\u00fcyalar g\u00f6rebiliyorum arada inand\u0131\u011f\u0131m her \u015fey y\u0131k\u0131ld\u0131 ama sen vars\u0131n aya\u011f\u0131m her t\u00f6kezledi\u011finde sana s\u0131\u011f\u0131n\u0131rken buluyorum kendimi tut elimi sevdi\u011fim madem bahar gelmiyor gidelim buralardan demenin ferahl\u0131\u011f\u0131na s\u0131\u011f\u0131nal\u0131m nas\u0131lsa al\u0131\u015fk\u0131n\u0131z bir k\u0131l \u00e7ad\u0131rdan \u00e7\u0131k\u0131p at s\u00fcrmelere nereye g\u00f6\u00e7sek yar\u0131m kalacak bir yan\u0131m\u0131z\u201d<\/p>\n","protected":false},"excerpt":{"rendered":"<p>\u201cama h\u00e2l\u00e2 iyi bir \u015feyler kald\u0131 i\u00e7imde, \u00f6ld\u00fcremediler g\u00fczel r\u00fcyalar g\u00f6rebiliyorum arada inand\u0131\u011f\u0131m her \u015fey y\u0131k\u0131ld\u0131 ama sen vars\u0131n aya\u011f\u0131m her t\u00f6kezledi\u011finde sana s\u0131\u011f\u0131n\u0131rken buluyorum kendimi<span class=\"excerpt-hellip\"> [\u2026]<\/span><\/p>\n","protected":false},"featured_media":0,"template":"","meta":{"_monsterinsights_skip_tracking":false,"_monsterinsights_sitenote_active":false,"_monsterinsights_sitenote_note":"","_monsterinsights_sitenote_category":0},"product_brand":[],"product_cat":[12291,12509],"product_tag":[],"class_list":{"0":"post-729346","1":"product","2":"type-product","3":"status-publish","5":"product_cat-edebiyat","6":"product_cat-siir","7":"pa_cilt-ciltsiz","8":"pa_tur-kitap","9":"pa_yayinevi-otuken-nesriyat","10":"pa_yazar-rasit-ulas","12":"first","13":"instock","14":"sale","15":"shipping-taxable","16":"purchasable","17":"product-type-simple"},"_links":{"self":[{"href":"https:\/\/roveyayinevi.com.tr\/index.php\/wp-json\/wp\/v2\/product\/729346","targetHints":{"allow":["GET"]}}],"collection":[{"href":"https:\/\/roveyayinevi.com.tr\/index.php\/wp-json\/wp\/v2\/product"}],"about":[{"href":"https:\/\/roveyayinevi.com.tr\/index.php\/wp-json\/wp\/v2\/types\/product"}],"wp:attachment":[{"href":"https:\/\/roveyayinevi.com.tr\/index.php\/wp-json\/wp\/v2\/media?parent=729346"}],"wp:term":[{"taxonomy":"product_brand","embeddable":true,"href":"https:\/\/roveyayinevi.com.tr\/index.php\/wp-json\/wp\/v2\/product_brand?post=729346"},{"taxonomy":"product_cat","embeddable":true,"href":"https:\/\/roveyayinevi.com.tr\/index.php\/wp-json\/wp\/v2\/product_cat?post=729346"},{"taxonomy":"product_tag","embeddable":true,"href":"https:\/\/roveyayinevi.com.tr\/index.php\/wp-json\/wp\/v2\/product_tag?post=729346"}],"curies":[{"name":"wp","href":"https:\/\/api.w.org\/{rel}","templated":true}]}}