{"id":729345,"date":"2025-08-27T20:54:32","date_gmt":"2025-08-27T17:54:32","guid":{"rendered":"https:\/\/roveyayinevi.com.tr\/index.php\/urun\/turkunun-otesi-neset-ertas\/"},"modified":"2026-04-16T02:37:07","modified_gmt":"2026-04-15T23:37:07","slug":"turkunun-otesi-neset-ertas","status":"publish","type":"product","link":"https:\/\/roveyayinevi.com.tr\/index.php\/urun\/turkunun-otesi-neset-ertas\/","title":{"rendered":"T\u00fcrk\u00fcn\u00fcn \u00d6tesi : Ne\u015fet Erta\u015f"},"content":{"rendered":"<p>Ne\u015fet Erta\u015f, T\u00fcrkistan\u2019dan gelen Kelam\u2019\u0131 t\u00fcrk\u00fcleriyle anlatan ve Anadolu\u2019ya aktaran insand\u0131r. O hikmetin ve gelene\u011fin farkl\u0131 me\u015frep ve ne\u015fvelerini kendi g\u00f6nl\u00fcnde yeniden yorumlay\u0131p, farkl\u0131l\u0131klar\u0131n z\u0131tl\u0131klar olmad\u0131\u011f\u0131n\u0131 g\u00f6stermi\u015ftir. Bundan dolay\u0131d\u0131r ki onun t\u00fcrk\u00fclerinin hayatta da bir kar\u015f\u0131l\u0131\u011f\u0131 vard\u0131r. Ya\u015famad\u0131\u011f\u0131n\u0131 ve yanmad\u0131\u011f\u0131n\u0131 yakmaz Ne\u015fet Erta\u015f. T\u00fcrk\u00fcleri t\u00fcrk\u00fc olsun diye bir g\u00f6r\u00fcnt\u00fc ve g\u00f6steri unsuru olarak ortaya \u00e7\u0131kmam\u0131\u015ft\u0131r. G\u00f6nl\u00fcnden gelen sesin perdesine bast\u0131\u011f\u0131 gibi hayatta ya\u015famad\u0131\u011f\u0131, hissetmedi\u011fi, g\u00f6rmedi\u011fi hi\u00e7bir \u015feyi de yans\u0131tmam\u0131\u015ft\u0131r t\u00fcrk\u00fclerinde. <\/p>\n","protected":false},"excerpt":{"rendered":"<p>Ne\u015fet Erta\u015f, T\u00fcrkistan\u2019dan gelen Kelam\u2019\u0131 t\u00fcrk\u00fcleriyle anlatan ve Anadolu\u2019ya aktaran insand\u0131r. O hikmetin ve gelene\u011fin farkl\u0131 me\u015frep ve ne\u015fvelerini kendi g\u00f6nl\u00fcnde yeniden yorumlay\u0131p, farkl\u0131l\u0131klar\u0131n z\u0131tl\u0131klar olmad\u0131\u011f\u0131n\u0131<span class=\"excerpt-hellip\"> [\u2026]<\/span><\/p>\n","protected":false},"featured_media":0,"template":"","meta":{"_monsterinsights_skip_tracking":false,"_monsterinsights_sitenote_active":false,"_monsterinsights_sitenote_note":"","_monsterinsights_sitenote_category":0},"product_brand":[],"product_cat":[13072,12291],"product_tag":[],"class_list":{"0":"post-729345","1":"product","2":"type-product","3":"status-publish","5":"product_cat-arastirma-inceleme-referans","6":"product_cat-edebiyat","7":"pa_cilt-ciltsiz","8":"pa_tur-kitap","9":"pa_yayinevi-muhit-kitap","10":"pa_yazar-dursun-cicek","12":"first","13":"instock","14":"sale","15":"shipping-taxable","16":"purchasable","17":"product-type-simple"},"_links":{"self":[{"href":"https:\/\/roveyayinevi.com.tr\/index.php\/wp-json\/wp\/v2\/product\/729345","targetHints":{"allow":["GET"]}}],"collection":[{"href":"https:\/\/roveyayinevi.com.tr\/index.php\/wp-json\/wp\/v2\/product"}],"about":[{"href":"https:\/\/roveyayinevi.com.tr\/index.php\/wp-json\/wp\/v2\/types\/product"}],"wp:attachment":[{"href":"https:\/\/roveyayinevi.com.tr\/index.php\/wp-json\/wp\/v2\/media?parent=729345"}],"wp:term":[{"taxonomy":"product_brand","embeddable":true,"href":"https:\/\/roveyayinevi.com.tr\/index.php\/wp-json\/wp\/v2\/product_brand?post=729345"},{"taxonomy":"product_cat","embeddable":true,"href":"https:\/\/roveyayinevi.com.tr\/index.php\/wp-json\/wp\/v2\/product_cat?post=729345"},{"taxonomy":"product_tag","embeddable":true,"href":"https:\/\/roveyayinevi.com.tr\/index.php\/wp-json\/wp\/v2\/product_tag?post=729345"}],"curies":[{"name":"wp","href":"https:\/\/api.w.org\/{rel}","templated":true}]}}