{"id":729344,"date":"2025-08-27T20:54:31","date_gmt":"2025-08-27T17:54:31","guid":{"rendered":"https:\/\/roveyayinevi.com.tr\/index.php\/urun\/ayni-yagmur\/"},"modified":"2026-04-16T02:37:07","modified_gmt":"2026-04-15T23:37:07","slug":"ayni-yagmur","status":"publish","type":"product","link":"https:\/\/roveyayinevi.com.tr\/index.php\/urun\/ayni-yagmur\/","title":{"rendered":"Ayn\u0131 Ya\u011fmur"},"content":{"rendered":"<p>&#8220;Ya\u011fmurun \u015fiddeti artt\u0131 birden, bir y\u0131ld\u0131z s\u00f6nd\u00fc, bir \u00e7i\u00e7ek kurudu, bir mermi at\u0131ld\u0131, birilerinin ipi \u00e7ekildi bir yerlerde, bir bebe\u011fin sesi kesildi, bir anne feryat etti ve yine g\u00f6k g\u00fcrledi\u2026 ve yine \u015fim\u015fekler \u00e7akt\u0131\u2026 \u00f6fkesi kam\u00e7\u0131lanm\u0131\u015ft\u0131 ya\u011fmurun arka sokaklarda cans\u0131z yatan bedenin \u00fcst\u00fcne ya\u011farken. Ayn\u0131 ya\u011fmurdu bu, \u015fimdi yerdeki k\u00fc\u00e7\u00fck bedenin \u00fcst\u00fcne ya\u011fan. &#8220;<\/p>\n","protected":false},"excerpt":{"rendered":"<p>&#8220;Ya\u011fmurun \u015fiddeti artt\u0131 birden, bir y\u0131ld\u0131z s\u00f6nd\u00fc, bir \u00e7i\u00e7ek kurudu, bir mermi at\u0131ld\u0131, birilerinin ipi \u00e7ekildi bir yerlerde, bir bebe\u011fin sesi kesildi, bir anne feryat etti<span class=\"excerpt-hellip\"> [\u2026]<\/span><\/p>\n","protected":false},"featured_media":0,"template":"","meta":{"_monsterinsights_skip_tracking":false,"_monsterinsights_sitenote_active":false,"_monsterinsights_sitenote_note":"","_monsterinsights_sitenote_category":0},"product_brand":[],"product_cat":[12291,12711],"product_tag":[],"class_list":{"0":"post-729344","1":"product","2":"type-product","3":"status-publish","5":"product_cat-edebiyat","6":"product_cat-roman-oyku","7":"pa_cilt-ciltsiz","8":"pa_tur-kitap","9":"pa_yayinevi-muhit-kitap","10":"pa_yazar-emine-batar","12":"first","13":"instock","14":"sale","15":"shipping-taxable","16":"purchasable","17":"product-type-simple"},"_links":{"self":[{"href":"https:\/\/roveyayinevi.com.tr\/index.php\/wp-json\/wp\/v2\/product\/729344","targetHints":{"allow":["GET"]}}],"collection":[{"href":"https:\/\/roveyayinevi.com.tr\/index.php\/wp-json\/wp\/v2\/product"}],"about":[{"href":"https:\/\/roveyayinevi.com.tr\/index.php\/wp-json\/wp\/v2\/types\/product"}],"wp:attachment":[{"href":"https:\/\/roveyayinevi.com.tr\/index.php\/wp-json\/wp\/v2\/media?parent=729344"}],"wp:term":[{"taxonomy":"product_brand","embeddable":true,"href":"https:\/\/roveyayinevi.com.tr\/index.php\/wp-json\/wp\/v2\/product_brand?post=729344"},{"taxonomy":"product_cat","embeddable":true,"href":"https:\/\/roveyayinevi.com.tr\/index.php\/wp-json\/wp\/v2\/product_cat?post=729344"},{"taxonomy":"product_tag","embeddable":true,"href":"https:\/\/roveyayinevi.com.tr\/index.php\/wp-json\/wp\/v2\/product_tag?post=729344"}],"curies":[{"name":"wp","href":"https:\/\/api.w.org\/{rel}","templated":true}]}}