{"id":729343,"date":"2025-08-27T20:54:30","date_gmt":"2025-08-27T17:54:30","guid":{"rendered":"https:\/\/roveyayinevi.com.tr\/index.php\/urun\/baltan-tasa-degecek\/"},"modified":"2026-04-16T02:37:07","modified_gmt":"2026-04-15T23:37:07","slug":"baltan-tasa-degecek","status":"publish","type":"product","link":"https:\/\/roveyayinevi.com.tr\/index.php\/urun\/baltan-tasa-degecek\/","title":{"rendered":"Baltan Ta\u015fa de\u011fecek"},"content":{"rendered":"<p>Yirmi y\u0131l\u0131 a\u015fk\u0131n s\u00fcredir T\u00fcrk \u00f6yk\u00fcs\u00fcne \u00f6nemli katk\u0131lar sunan Abdullah Harmanc\u0131 son kitab\u0131 Baltan Ta\u015fa De\u011fecek\u2019le okuyucuyu selaml\u0131yor. Bir\u00e7ok gen\u00e7 isme \u00f6nc\u00fcl\u00fck etmi\u015f, T\u00fcrk \u00f6yk\u00fcs\u00fcn\u00fcn gidi\u015fat\u0131na y\u00f6n vermi\u015f Harmanc\u0131 son kitab\u0131yla dikkatleri \u00fczerine \u00e7ekmeye devam edecek. M\u00fcstakil on bir \u00f6yk\u00fcden olu\u015fan Baltan Ta\u015fa De\u011fecek, y\u00fcksek g\u00f6zlem g\u00fcc\u00fc, derin bir kavray\u0131\u015f ve anlat\u0131mla okuyucuyu selaml\u0131yor.Harmanc\u0131, anlama dair sorgulamalarda, tek yol olarak bireyin kendini ke\u015ffetmesinin yan\u0131na d\u00fc\u015f\u00fcnceyi, fikri koyar. Bir anlamda bireyin kendisine y\u00f6nelik sorgulamas\u0131nda yeni referanslar getirip ufkunu a\u00e7mak ister; onu biraz da d\u0131\u015far\u0131ya bakmaya davet eder. \/ Cemal \u015eakar    Harmanc\u0131, neye dokunsa \u00f6yk\u00fc oluyor! \/ \u00d6mer Lekesiz <\/p>\n","protected":false},"excerpt":{"rendered":"<p>Yirmi y\u0131l\u0131 a\u015fk\u0131n s\u00fcredir T\u00fcrk \u00f6yk\u00fcs\u00fcne \u00f6nemli katk\u0131lar sunan Abdullah Harmanc\u0131 son kitab\u0131 Baltan Ta\u015fa De\u011fecek\u2019le okuyucuyu selaml\u0131yor. Bir\u00e7ok gen\u00e7 isme \u00f6nc\u00fcl\u00fck etmi\u015f, T\u00fcrk \u00f6yk\u00fcs\u00fcn\u00fcn gidi\u015fat\u0131na<span class=\"excerpt-hellip\"> [\u2026]<\/span><\/p>\n","protected":false},"featured_media":0,"template":"","meta":{"_monsterinsights_skip_tracking":false,"_monsterinsights_sitenote_active":false,"_monsterinsights_sitenote_note":"","_monsterinsights_sitenote_category":0},"product_brand":[],"product_cat":[12291,12711],"product_tag":[],"class_list":{"0":"post-729343","1":"product","2":"type-product","3":"status-publish","5":"product_cat-edebiyat","6":"product_cat-roman-oyku","7":"pa_cilt-ciltsiz","8":"pa_tur-kitap","9":"pa_yayinevi-muhit-kitap","10":"pa_yazar-abdullah-harmanci","12":"first","13":"instock","14":"sale","15":"shipping-taxable","16":"purchasable","17":"product-type-simple"},"_links":{"self":[{"href":"https:\/\/roveyayinevi.com.tr\/index.php\/wp-json\/wp\/v2\/product\/729343","targetHints":{"allow":["GET"]}}],"collection":[{"href":"https:\/\/roveyayinevi.com.tr\/index.php\/wp-json\/wp\/v2\/product"}],"about":[{"href":"https:\/\/roveyayinevi.com.tr\/index.php\/wp-json\/wp\/v2\/types\/product"}],"wp:attachment":[{"href":"https:\/\/roveyayinevi.com.tr\/index.php\/wp-json\/wp\/v2\/media?parent=729343"}],"wp:term":[{"taxonomy":"product_brand","embeddable":true,"href":"https:\/\/roveyayinevi.com.tr\/index.php\/wp-json\/wp\/v2\/product_brand?post=729343"},{"taxonomy":"product_cat","embeddable":true,"href":"https:\/\/roveyayinevi.com.tr\/index.php\/wp-json\/wp\/v2\/product_cat?post=729343"},{"taxonomy":"product_tag","embeddable":true,"href":"https:\/\/roveyayinevi.com.tr\/index.php\/wp-json\/wp\/v2\/product_tag?post=729343"}],"curies":[{"name":"wp","href":"https:\/\/api.w.org\/{rel}","templated":true}]}}