{"id":729340,"date":"2025-08-27T20:54:27","date_gmt":"2025-08-27T17:54:27","guid":{"rendered":"https:\/\/roveyayinevi.com.tr\/index.php\/urun\/iyilerin-ahlaki\/"},"modified":"2026-04-16T02:37:07","modified_gmt":"2026-04-15T23:37:07","slug":"iyilerin-ahlaki","status":"publish","type":"product","link":"https:\/\/roveyayinevi.com.tr\/index.php\/urun\/iyilerin-ahlaki\/","title":{"rendered":"\u0130yilerin Ahlak\u0131"},"content":{"rendered":"<p>\u201c\u0130yilerin Ahlak\u0131, 15. Y\u00fczy\u0131l Herat\u2019\u0131n\u0131n \u00f6nde gelen edip ve alimlerinden H\u00fcseyin Vaiz Ka\u015fifi\u2019nin Sultan H\u00fcseyin Baykara\u2019n\u0131n talebi \u00fczerine yazd\u0131\u011f\u0131, ahl\u00e2k temelli bir siyasetnamedir. \u0130slam Ahlak literat\u00fcr\u00fcnde kitap \u00e7ok \u00f6nemli bir yere sahiptir. Eserde ahlak, k\u0131rk maddede i\u015flenmi\u015f olup akademik ve felsefi y\u00f6ntemle yaz\u0131lmam\u0131\u015ft\u0131r. Anlat\u0131m\u0131nda didaktik bir ama\u00e7 g\u00fcd\u00fclm\u00fc\u015f, toplum liderlerinde bulunmas\u0131 gereken ahlak ve adaba dair bilgiler beyit ve hikayelerle s\u00fcslenmi\u015ftir. \u0130yilerin ahlak\u0131n\u0131n toplumun geneline sirayet edece\u011fi s\u00f6ylenerek topluma y\u00f6n veren insanlara hikayelerle tavsiyelerde bulunulmu\u015ftur. Faziletli bir toplum i\u00e7in, y\u00f6neticilerin iyi olmas\u0131 gerekti\u011fi, iyilik \u00f6n ko\u015fulunun ise Ahl\u00e2k oldu\u011fu s\u00f6ylenmi\u015ftir. Bu eserle birlikte; do\u011fruluk, sab\u0131r, tevazu, \u015f\u00fck\u00fcr, hay\u00e2, edep, c\u00f6mertlik, merhamet gibi faziletlerin 500 y\u0131l i\u00e7erisinde nas\u0131l kavram haline geldi\u011fi de g\u00f6zler \u00f6n\u00fcne serilmektedir<\/p>\n","protected":false},"excerpt":{"rendered":"<p>\u201c\u0130yilerin Ahlak\u0131, 15. Y\u00fczy\u0131l Herat\u2019\u0131n\u0131n \u00f6nde gelen edip ve alimlerinden H\u00fcseyin Vaiz Ka\u015fifi\u2019nin Sultan H\u00fcseyin Baykara\u2019n\u0131n talebi \u00fczerine yazd\u0131\u011f\u0131, ahl\u00e2k temelli bir siyasetnamedir. \u0130slam Ahlak literat\u00fcr\u00fcnde<span class=\"excerpt-hellip\"> [\u2026]<\/span><\/p>\n","protected":false},"featured_media":0,"template":"","meta":{"_monsterinsights_skip_tracking":false,"_monsterinsights_sitenote_active":false,"_monsterinsights_sitenote_note":"","_monsterinsights_sitenote_category":0},"product_brand":[],"product_cat":[16789,12718,12719],"product_tag":[],"class_list":{"0":"post-729340","1":"product","2":"type-product","3":"status-publish","5":"product_cat-diger-islam","6":"product_cat-din","7":"product_cat-islam","8":"pa_cilt-ciltsiz","9":"pa_tur-kitap","10":"pa_yayinevi-debir-yayinlari","11":"pa_yazar-huseyin-vaiz-i-kasifi","13":"first","14":"instock","15":"sale","16":"shipping-taxable","17":"purchasable","18":"product-type-simple"},"_links":{"self":[{"href":"https:\/\/roveyayinevi.com.tr\/index.php\/wp-json\/wp\/v2\/product\/729340","targetHints":{"allow":["GET"]}}],"collection":[{"href":"https:\/\/roveyayinevi.com.tr\/index.php\/wp-json\/wp\/v2\/product"}],"about":[{"href":"https:\/\/roveyayinevi.com.tr\/index.php\/wp-json\/wp\/v2\/types\/product"}],"wp:attachment":[{"href":"https:\/\/roveyayinevi.com.tr\/index.php\/wp-json\/wp\/v2\/media?parent=729340"}],"wp:term":[{"taxonomy":"product_brand","embeddable":true,"href":"https:\/\/roveyayinevi.com.tr\/index.php\/wp-json\/wp\/v2\/product_brand?post=729340"},{"taxonomy":"product_cat","embeddable":true,"href":"https:\/\/roveyayinevi.com.tr\/index.php\/wp-json\/wp\/v2\/product_cat?post=729340"},{"taxonomy":"product_tag","embeddable":true,"href":"https:\/\/roveyayinevi.com.tr\/index.php\/wp-json\/wp\/v2\/product_tag?post=729340"}],"curies":[{"name":"wp","href":"https:\/\/api.w.org\/{rel}","templated":true}]}}