{"id":729339,"date":"2025-08-27T20:54:26","date_gmt":"2025-08-27T17:54:26","guid":{"rendered":"https:\/\/roveyayinevi.com.tr\/index.php\/urun\/er-riaye\/"},"modified":"2026-04-16T02:37:07","modified_gmt":"2026-04-15T23:37:07","slug":"er-riaye","status":"publish","type":"product","link":"https:\/\/roveyayinevi.com.tr\/index.php\/urun\/er-riaye\/","title":{"rendered":"Er Riaye"},"content":{"rendered":"<p>\u201cBir adam\u0131n gece uykular\u0131n\u0131 ka\u00e7\u0131ran, g\u00fcnd\u00fcz\u00fcn\u00fc dertlerle dolduran bir\u00e7ok hastal\u0131\u011f\u0131 vard\u0131r.Bedenindeki b\u00fct\u00fcn s\u0131k\u0131nt\u0131lar\u0131n\u0131 gideren \u00fccretsiz bir ila\u00e7la tedavi olur.Art\u0131k b\u00fct\u00fcn hastal\u0131klar\u0131ndan \u015fifa bulmu\u015ftur. Uykusuz ge\u00e7en uzun gecelerin ard\u0131ndan rahat\u00e7a uyur.Dertlerle dolu bitmek bilmeyen g\u00fcnlerin ard\u0131ndan sakin, s\u0131hhat ve afiyet dolu g\u00fcnlere kavu\u015fur.Hayat\u0131 g\u00fczelle\u015fir ve mutluluk dolar.\u0130yile\u015ftikten sonra etraf\u0131na bakt\u0131\u011f\u0131nda bir\u00e7ok M\u00fcsl\u00fcman\u0131n da ayr\u0131 hastal\u0131klarla bo\u011fu\u015ftu\u011funug\u00f6r\u00fcr. Geceleri uykusuz, ac\u0131lar\u0131 b\u00fcy\u00fck, hayatlar\u0131 kararm\u0131\u015f haldedirler.Onlar\u0131 o halde g\u00f6r\u00fcnce kalbindeki merhamet harekete ge\u00e7er, onlar\u0131n dertlerine \u015fifa olacak, ac\u0131lar\u0131n\u0131 giderecek ilac\u0131 bildi\u011fini ve onlara onu \u00fccretsiz sunabilece\u011fini hat\u0131rlar ve insanlar\u0131 iyile\u015ftirme gayretine giri\u015fir<\/p>\n","protected":false},"excerpt":{"rendered":"<p>\u201cBir adam\u0131n gece uykular\u0131n\u0131 ka\u00e7\u0131ran, g\u00fcnd\u00fcz\u00fcn\u00fc dertlerle dolduran bir\u00e7ok hastal\u0131\u011f\u0131 vard\u0131r.Bedenindeki b\u00fct\u00fcn s\u0131k\u0131nt\u0131lar\u0131n\u0131 gideren \u00fccretsiz bir ila\u00e7la tedavi olur.Art\u0131k b\u00fct\u00fcn hastal\u0131klar\u0131ndan \u015fifa bulmu\u015ftur. Uykusuz ge\u00e7en uzun<span class=\"excerpt-hellip\"> [\u2026]<\/span><\/p>\n","protected":false},"featured_media":0,"template":"","meta":{"_monsterinsights_skip_tracking":false,"_monsterinsights_sitenote_active":false,"_monsterinsights_sitenote_note":"","_monsterinsights_sitenote_category":0},"product_brand":[],"product_cat":[12718,12719,12720],"product_tag":[],"class_list":{"0":"post-729339","1":"product","2":"type-product","3":"status-publish","5":"product_cat-din","6":"product_cat-islam","7":"product_cat-tasavvuf-mezhepler-tarikatlar","8":"pa_cilt-ciltsiz","9":"pa_tur-kitap","10":"pa_yayinevi-debir-yayinlari","11":"pa_yazar-haris-el-muhasibi","13":"first","14":"instock","15":"sale","16":"shipping-taxable","17":"purchasable","18":"product-type-simple"},"_links":{"self":[{"href":"https:\/\/roveyayinevi.com.tr\/index.php\/wp-json\/wp\/v2\/product\/729339","targetHints":{"allow":["GET"]}}],"collection":[{"href":"https:\/\/roveyayinevi.com.tr\/index.php\/wp-json\/wp\/v2\/product"}],"about":[{"href":"https:\/\/roveyayinevi.com.tr\/index.php\/wp-json\/wp\/v2\/types\/product"}],"wp:attachment":[{"href":"https:\/\/roveyayinevi.com.tr\/index.php\/wp-json\/wp\/v2\/media?parent=729339"}],"wp:term":[{"taxonomy":"product_brand","embeddable":true,"href":"https:\/\/roveyayinevi.com.tr\/index.php\/wp-json\/wp\/v2\/product_brand?post=729339"},{"taxonomy":"product_cat","embeddable":true,"href":"https:\/\/roveyayinevi.com.tr\/index.php\/wp-json\/wp\/v2\/product_cat?post=729339"},{"taxonomy":"product_tag","embeddable":true,"href":"https:\/\/roveyayinevi.com.tr\/index.php\/wp-json\/wp\/v2\/product_tag?post=729339"}],"curies":[{"name":"wp","href":"https:\/\/api.w.org\/{rel}","templated":true}]}}