{"id":729338,"date":"2025-08-27T20:54:25","date_gmt":"2025-08-27T17:54:25","guid":{"rendered":"https:\/\/roveyayinevi.com.tr\/index.php\/urun\/hiziri-beklerken\/"},"modified":"2026-04-16T02:37:07","modified_gmt":"2026-04-15T23:37:07","slug":"hiziri-beklerken","status":"publish","type":"product","link":"https:\/\/roveyayinevi.com.tr\/index.php\/urun\/hiziri-beklerken\/","title":{"rendered":"H\u0131z\u0131r\u2019\u0131 Beklerken"},"content":{"rendered":"<p>G\u00f6zlerime inanm\u0131yorum \u00e7\u00fcnk\u00fc hepsini g\u00f6rd\u00fcm \u00dcst\u00fcnde born free yazan ti\u015f\u00f6rtlerle \u00f6l\u00fcme ko\u015fan Bir maraton gibiydi ya\u015famak, bir \u015fans bileti D\u00fcnya umutsuz bir parkur i\u00e7in fazla gen\u00e7 Ben g\u00f6zlerime inanmak i\u00e7in fazla ihtiyar. <\/p>\n","protected":false},"excerpt":{"rendered":"<p>G\u00f6zlerime inanm\u0131yorum \u00e7\u00fcnk\u00fc hepsini g\u00f6rd\u00fcm \u00dcst\u00fcnde born free yazan ti\u015f\u00f6rtlerle \u00f6l\u00fcme ko\u015fan Bir maraton gibiydi ya\u015famak, bir \u015fans bileti D\u00fcnya umutsuz bir parkur i\u00e7in fazla gen\u00e7<span class=\"excerpt-hellip\"> [\u2026]<\/span><\/p>\n","protected":false},"featured_media":0,"template":"","meta":{"_monsterinsights_skip_tracking":false,"_monsterinsights_sitenote_active":false,"_monsterinsights_sitenote_note":"","_monsterinsights_sitenote_category":0},"product_brand":[],"product_cat":[12291,12509],"product_tag":[],"class_list":{"0":"post-729338","1":"product","2":"type-product","3":"status-publish","5":"product_cat-edebiyat","6":"product_cat-siir","7":"pa_cilt-ciltsiz","8":"pa_tur-kitap","9":"pa_yayinevi-muhit-kitap","10":"pa_yazar-ahmet-edip-basaran","12":"first","13":"instock","14":"sale","15":"shipping-taxable","16":"purchasable","17":"product-type-simple"},"_links":{"self":[{"href":"https:\/\/roveyayinevi.com.tr\/index.php\/wp-json\/wp\/v2\/product\/729338","targetHints":{"allow":["GET"]}}],"collection":[{"href":"https:\/\/roveyayinevi.com.tr\/index.php\/wp-json\/wp\/v2\/product"}],"about":[{"href":"https:\/\/roveyayinevi.com.tr\/index.php\/wp-json\/wp\/v2\/types\/product"}],"wp:attachment":[{"href":"https:\/\/roveyayinevi.com.tr\/index.php\/wp-json\/wp\/v2\/media?parent=729338"}],"wp:term":[{"taxonomy":"product_brand","embeddable":true,"href":"https:\/\/roveyayinevi.com.tr\/index.php\/wp-json\/wp\/v2\/product_brand?post=729338"},{"taxonomy":"product_cat","embeddable":true,"href":"https:\/\/roveyayinevi.com.tr\/index.php\/wp-json\/wp\/v2\/product_cat?post=729338"},{"taxonomy":"product_tag","embeddable":true,"href":"https:\/\/roveyayinevi.com.tr\/index.php\/wp-json\/wp\/v2\/product_tag?post=729338"}],"curies":[{"name":"wp","href":"https:\/\/api.w.org\/{rel}","templated":true}]}}