{"id":729336,"date":"2025-08-27T20:54:23","date_gmt":"2025-08-27T17:54:23","guid":{"rendered":"https:\/\/roveyayinevi.com.tr\/index.php\/urun\/mesaj-2\/"},"modified":"2026-04-13T02:46:05","modified_gmt":"2026-04-12T23:46:05","slug":"mesaj-2","status":"publish","type":"product","link":"https:\/\/roveyayinevi.com.tr\/index.php\/urun\/mesaj-2\/","title":{"rendered":"Mesaj"},"content":{"rendered":"<p>\u201cBir gece yar\u0131s\u0131, tan\u0131mad\u0131g\u0306\u0131m bir numaradan gelen esrarengiz bir \u2018mesaj\u2019la bas\u0327lad\u0131 her s\u0327ey. Bas\u0327lad\u0131 demek ne kadar dog\u0306ru olur, bilemiyorum. Bas\u0327lad\u0131 m\u0131, yoksa bitti mi? En iyisi, buna siz karar verin.\u201d   M\u00fcrvet U\u00e7, Mesaj kitab\u0131nda kendi anahtar\u0131n\u0131 bulmak isteyenlere, ya\u015famlar\u0131n\u0131 kontrol alt\u0131na almalar\u0131n\u0131 sa\u011flayacak mesajlar\u0131 okuyabilmenin yol ve y\u00f6ntemlerini aktar\u0131yor.   Do\u011fu ile bat\u0131y\u0131, Lev Tolstoy ile Mevl\u00e2n\u00e2\u2019y\u0131, Hallac-\u0131 Mansur\u2019la Mark Twain\u2019i bir araya getiren Mesaj\u2019la yeni bir d\u00fcnyan\u0131n kap\u0131lar\u0131n\u0131 aralayacaks\u0131n\u0131z. Unutmay\u0131n\u2026 Hayat ayn\u0131 mutluluklar\u0131 bize tekrar tekrar ya\u015fatacak kadar c\u00f6mert olmayabilir. <\/p>\n","protected":false},"excerpt":{"rendered":"<p>\u201cBir gece yar\u0131s\u0131, tan\u0131mad\u0131g\u0306\u0131m bir numaradan gelen esrarengiz bir \u2018mesaj\u2019la bas\u0327lad\u0131 her s\u0327ey. Bas\u0327lad\u0131 demek ne kadar dog\u0306ru olur, bilemiyorum. Bas\u0327lad\u0131 m\u0131, yoksa bitti mi? En<span class=\"excerpt-hellip\"> [\u2026]<\/span><\/p>\n","protected":false},"featured_media":0,"template":"","meta":{"_monsterinsights_skip_tracking":false,"_monsterinsights_sitenote_active":false,"_monsterinsights_sitenote_note":"","_monsterinsights_sitenote_category":0},"product_brand":[],"product_cat":[12364,12376],"product_tag":[],"class_list":{"0":"post-729336","1":"product","2":"type-product","3":"status-publish","5":"product_cat-genel-konular","6":"product_cat-kisisel-gelisim","7":"pa_cilt-ciltsiz","8":"pa_tur-kitap","9":"pa_yayinevi-sahi-kitap","10":"pa_yazar-murvet-uc","12":"first","13":"instock","14":"sale","15":"shipping-taxable","16":"purchasable","17":"product-type-simple"},"_links":{"self":[{"href":"https:\/\/roveyayinevi.com.tr\/index.php\/wp-json\/wp\/v2\/product\/729336","targetHints":{"allow":["GET"]}}],"collection":[{"href":"https:\/\/roveyayinevi.com.tr\/index.php\/wp-json\/wp\/v2\/product"}],"about":[{"href":"https:\/\/roveyayinevi.com.tr\/index.php\/wp-json\/wp\/v2\/types\/product"}],"wp:attachment":[{"href":"https:\/\/roveyayinevi.com.tr\/index.php\/wp-json\/wp\/v2\/media?parent=729336"}],"wp:term":[{"taxonomy":"product_brand","embeddable":true,"href":"https:\/\/roveyayinevi.com.tr\/index.php\/wp-json\/wp\/v2\/product_brand?post=729336"},{"taxonomy":"product_cat","embeddable":true,"href":"https:\/\/roveyayinevi.com.tr\/index.php\/wp-json\/wp\/v2\/product_cat?post=729336"},{"taxonomy":"product_tag","embeddable":true,"href":"https:\/\/roveyayinevi.com.tr\/index.php\/wp-json\/wp\/v2\/product_tag?post=729336"}],"curies":[{"name":"wp","href":"https:\/\/api.w.org\/{rel}","templated":true}]}}