{"id":729335,"date":"2025-08-27T20:54:23","date_gmt":"2025-08-27T17:54:23","guid":{"rendered":"https:\/\/roveyayinevi.com.tr\/index.php\/urun\/meraklisina-drama-atolyeleri\/"},"modified":"2026-04-16T02:37:07","modified_gmt":"2026-04-15T23:37:07","slug":"meraklisina-drama-atolyeleri","status":"publish","type":"product","link":"https:\/\/roveyayinevi.com.tr\/index.php\/urun\/meraklisina-drama-atolyeleri\/","title":{"rendered":"Merakl\u0131s\u0131na Drama At\u00f6lyeleri"},"content":{"rendered":"<p>\u00d6\u011frenme s\u00fcrecinde merak\u0131n de\u011feri nedir? \u00d6\u011frenme yolculu\u011fumuzda merak bize nas\u0131l e\u015flik eder?Draman\u0131n merak ve \u00f6\u011frenmeyle kurdu\u011fu ili\u015fki nas\u0131ld\u0131r?Bu sorular\u0131n yan\u0131t\u0131 Merakl\u0131s\u0131na Drama At\u00f6lyeleri&#8217;nde sakl\u0131. \u0130lkokul d\u00fczeyinde 21. y\u00fczy\u0131l becerilerini geli\u015ftirmeyi ama\u00e7layan \u00e7al\u0131\u015fma, hem kuramsal hem de uygulamalar arac\u0131l\u0131\u011f\u0131yla ve merakla bilgilerin izini s\u00fcr\u00fcyor. Kitapta alan\u0131nda uzman yirmi d\u00f6rt e\u011fitimci taraf\u0131ndan yaz\u0131lan ve yine onlar\u0131n ele\u015ftirel s\u00fczgeciden ge\u00e7en metinler, uygulamalar ve \u00e7e\u015fitli \u00f6neriler bulacaks\u0131n\u0131z.Kitab\u0131m\u0131z merak\u0131n izini s\u00fcrmeyi, onu beslemeyi ve merak\u0131 i\u015f birli\u011fiyle \u00e7o\u011faltmay\u0131 hedefliyor.Merakl\u0131s\u0131na Drama At\u00f6lyeleri&#8217;nin merakl\u0131lara ula\u015fmas\u0131 ve merak\u0131n\u0131z\u0131 \u00e7o\u011faltmas\u0131 dile\u011fiyle\u2026<\/p>\n","protected":false},"excerpt":{"rendered":"<p>\u00d6\u011frenme s\u00fcrecinde merak\u0131n de\u011feri nedir? \u00d6\u011frenme yolculu\u011fumuzda merak bize nas\u0131l e\u015flik eder?Draman\u0131n merak ve \u00f6\u011frenmeyle kurdu\u011fu ili\u015fki nas\u0131ld\u0131r?Bu sorular\u0131n yan\u0131t\u0131 Merakl\u0131s\u0131na Drama At\u00f6lyeleri&#8217;nde sakl\u0131. \u0130lkokul d\u00fczeyinde<span class=\"excerpt-hellip\"> [\u2026]<\/span><\/p>\n","protected":false},"featured_media":0,"template":"","meta":{"_monsterinsights_skip_tracking":false,"_monsterinsights_sitenote_active":false,"_monsterinsights_sitenote_note":"","_monsterinsights_sitenote_category":0},"product_brand":[],"product_cat":[12573,12566],"product_tag":[],"class_list":{"0":"post-729335","1":"product","2":"type-product","3":"status-publish","5":"product_cat-akademik-kitaplar","6":"product_cat-egitim","7":"pa_cilt-ciltsiz","8":"pa_tur-kitap","9":"pa_yayinevi-altin-kitaplar-ozel-urun","10":"pa_yazar-altin-kitaplar-kolektif","12":"first","13":"instock","14":"sale","15":"shipping-taxable","16":"purchasable","17":"product-type-simple"},"_links":{"self":[{"href":"https:\/\/roveyayinevi.com.tr\/index.php\/wp-json\/wp\/v2\/product\/729335","targetHints":{"allow":["GET"]}}],"collection":[{"href":"https:\/\/roveyayinevi.com.tr\/index.php\/wp-json\/wp\/v2\/product"}],"about":[{"href":"https:\/\/roveyayinevi.com.tr\/index.php\/wp-json\/wp\/v2\/types\/product"}],"wp:attachment":[{"href":"https:\/\/roveyayinevi.com.tr\/index.php\/wp-json\/wp\/v2\/media?parent=729335"}],"wp:term":[{"taxonomy":"product_brand","embeddable":true,"href":"https:\/\/roveyayinevi.com.tr\/index.php\/wp-json\/wp\/v2\/product_brand?post=729335"},{"taxonomy":"product_cat","embeddable":true,"href":"https:\/\/roveyayinevi.com.tr\/index.php\/wp-json\/wp\/v2\/product_cat?post=729335"},{"taxonomy":"product_tag","embeddable":true,"href":"https:\/\/roveyayinevi.com.tr\/index.php\/wp-json\/wp\/v2\/product_tag?post=729335"}],"curies":[{"name":"wp","href":"https:\/\/api.w.org\/{rel}","templated":true}]}}