{"id":729334,"date":"2025-08-27T20:54:22","date_gmt":"2025-08-27T17:54:22","guid":{"rendered":"https:\/\/roveyayinevi.com.tr\/index.php\/urun\/dusunsel-okuma\/"},"modified":"2026-04-16T02:37:07","modified_gmt":"2026-04-15T23:37:07","slug":"dusunsel-okuma","status":"publish","type":"product","link":"https:\/\/roveyayinevi.com.tr\/index.php\/urun\/dusunsel-okuma\/","title":{"rendered":"D\u00fc\u015f\u00fcnsel Okuma"},"content":{"rendered":"<p>\u201cD\u00fcnya okuyabildi\u011fimiz bir kitap oldu\u011funa g\u00f6re kitap da i\u00e7inde yolculu\u011fa \u00e7\u0131kabilece\u011fimiz bir d\u00fcnyad\u0131r.\u201dAlberto ManguelKi\u015fisel deneyim ve sistemli d\u00fc\u015f\u00fcnmeyle derinle\u015fen, d\u00fc\u015f ile d\u00fc\u015f\u00fcnceyi birle\u015ftiren yarat\u0131c\u0131 bir okuma nas\u0131l yap\u0131labilir?Bir metni okuma bi\u00e7imleri d\u00fcnyay\u0131 okuma bi\u00e7imine nas\u0131l d\u00f6n\u00fc\u015ft\u00fcr\u00fclebilir?D\u00fc\u015f\u00fcnsel Okuma ki\u015fisel geli\u015fim ve mesleki geli\u015fim okumalar\u0131n\u0131n i\u00e7 i\u00e7e ge\u00e7ti\u011fi bir anlat\u0131, bir yol haritas\u0131. Okumak yolda olmaksa, bu yolculukta her ya\u015ftaki okura yol arkada\u015f\u0131 olacak bir kitap. Kitapta yer alan \u0131raksak, yak\u0131nsak, yanal, paralel ve yarat\u0131c\u0131 d\u00fc\u015f\u00fcnme bi\u00e7imlerine y\u00f6nelik uygulamalar sadece yaz\u0131l\u0131 metinleri de\u011fil, okurun kendisiyle ve d\u00fcnyayla kurdu\u011fu ili\u015fkiyi de okumas\u0131na, yeniden d\u00fc\u015f\u00fcn\u00fcp yap\u0131land\u0131rmas\u0131na yard\u0131mc\u0131 olmay\u0131 hedefliyor.D\u00fc\u015f\u00fcnmeyi d\u00fc\u015f\u00fcnmek, d\u00fc\u015fsel ve e\u011flenceli bir yolculu\u011fa \u00e7\u0131kmak isteyenler i\u00e7in&#8230;<\/p>\n","protected":false},"excerpt":{"rendered":"<p>\u201cD\u00fcnya okuyabildi\u011fimiz bir kitap oldu\u011funa g\u00f6re kitap da i\u00e7inde yolculu\u011fa \u00e7\u0131kabilece\u011fimiz bir d\u00fcnyad\u0131r.\u201dAlberto ManguelKi\u015fisel deneyim ve sistemli d\u00fc\u015f\u00fcnmeyle derinle\u015fen, d\u00fc\u015f ile d\u00fc\u015f\u00fcnceyi birle\u015ftiren yarat\u0131c\u0131 bir okuma<span class=\"excerpt-hellip\"> [\u2026]<\/span><\/p>\n","protected":false},"featured_media":0,"template":"","meta":{"_monsterinsights_skip_tracking":false,"_monsterinsights_sitenote_active":false,"_monsterinsights_sitenote_note":"","_monsterinsights_sitenote_category":0},"product_brand":[],"product_cat":[12573,12566],"product_tag":[],"class_list":{"0":"post-729334","1":"product","2":"type-product","3":"status-publish","5":"product_cat-akademik-kitaplar","6":"product_cat-egitim","7":"pa_cilt-ciltsiz","8":"pa_tur-kitap","9":"pa_yayinevi-altin-kitaplar-ozel-urun","10":"pa_yazar-nilay-yilmaz","12":"first","13":"instock","14":"sale","15":"shipping-taxable","16":"purchasable","17":"product-type-simple"},"_links":{"self":[{"href":"https:\/\/roveyayinevi.com.tr\/index.php\/wp-json\/wp\/v2\/product\/729334","targetHints":{"allow":["GET"]}}],"collection":[{"href":"https:\/\/roveyayinevi.com.tr\/index.php\/wp-json\/wp\/v2\/product"}],"about":[{"href":"https:\/\/roveyayinevi.com.tr\/index.php\/wp-json\/wp\/v2\/types\/product"}],"wp:attachment":[{"href":"https:\/\/roveyayinevi.com.tr\/index.php\/wp-json\/wp\/v2\/media?parent=729334"}],"wp:term":[{"taxonomy":"product_brand","embeddable":true,"href":"https:\/\/roveyayinevi.com.tr\/index.php\/wp-json\/wp\/v2\/product_brand?post=729334"},{"taxonomy":"product_cat","embeddable":true,"href":"https:\/\/roveyayinevi.com.tr\/index.php\/wp-json\/wp\/v2\/product_cat?post=729334"},{"taxonomy":"product_tag","embeddable":true,"href":"https:\/\/roveyayinevi.com.tr\/index.php\/wp-json\/wp\/v2\/product_tag?post=729334"}],"curies":[{"name":"wp","href":"https:\/\/api.w.org\/{rel}","templated":true}]}}