{"id":729332,"date":"2025-08-27T20:54:20","date_gmt":"2025-08-27T17:54:20","guid":{"rendered":"https:\/\/roveyayinevi.com.tr\/index.php\/urun\/soneler-5\/"},"modified":"2026-04-16T02:37:07","modified_gmt":"2026-04-15T23:37:07","slug":"soneler-5","status":"publish","type":"product","link":"https:\/\/roveyayinevi.com.tr\/index.php\/urun\/soneler-5\/","title":{"rendered":"Soneler"},"content":{"rendered":"<p>sicc\u00eende uyanm\u0131\u015f gibi korkun\u00e7tu siren&#8230; \u00e7\u00fcnb\u00e2z\u00ee\u00e7e y\u0131k\u0131k bur\u00e7lar\u0131m\u0131zdan d\u00fc\u015f\u00fcvermi\u015fsolgun t\u0131n\u0131&#8230; heyhat! ne bir i\u015fm\u00e2r, ne i\u015f\u00e2ret,her \u015fey ka\u00e7\u0131n\u0131lmaz sona do\u011fru ak\u0131yorken&#8230; vurgun yedi gen\u00e7 g\u00fcnlerimiz&#8230; ah g\u00fcl umars\u0131z&#8230;koylarda tel\u00e2\u015fs\u0131z gemiler batt\u0131&#8230; liman bo\u015f&#8230;bakt\u0131k ki dil\u00e2r\u00e2 bize d\u00fc\u015fman&#8230; ve sularda\u015fol tekd\u00fcze im kendini tekrar ediyordu&#8230;<\/p>\n","protected":false},"excerpt":{"rendered":"<p>sicc\u00eende uyanm\u0131\u015f gibi korkun\u00e7tu siren&#8230; \u00e7\u00fcnb\u00e2z\u00ee\u00e7e y\u0131k\u0131k bur\u00e7lar\u0131m\u0131zdan d\u00fc\u015f\u00fcvermi\u015fsolgun t\u0131n\u0131&#8230; heyhat! ne bir i\u015fm\u00e2r, ne i\u015f\u00e2ret,her \u015fey ka\u00e7\u0131n\u0131lmaz sona do\u011fru ak\u0131yorken&#8230; vurgun yedi gen\u00e7 g\u00fcnlerimiz&#8230; ah<span class=\"excerpt-hellip\"> [\u2026]<\/span><\/p>\n","protected":false},"featured_media":0,"template":"","meta":{"_monsterinsights_skip_tracking":false,"_monsterinsights_sitenote_active":false,"_monsterinsights_sitenote_note":"","_monsterinsights_sitenote_category":0},"product_brand":[],"product_cat":[12291,12509],"product_tag":[],"class_list":{"0":"post-729332","1":"product","2":"type-product","3":"status-publish","5":"product_cat-edebiyat","6":"product_cat-siir","7":"pa_cilt-ciltsiz","8":"pa_tur-kitap","9":"pa_yayinevi-otuken-nesriyat","10":"pa_yazar-ali-gunvar","12":"first","13":"instock","14":"sale","15":"shipping-taxable","16":"purchasable","17":"product-type-simple"},"_links":{"self":[{"href":"https:\/\/roveyayinevi.com.tr\/index.php\/wp-json\/wp\/v2\/product\/729332","targetHints":{"allow":["GET"]}}],"collection":[{"href":"https:\/\/roveyayinevi.com.tr\/index.php\/wp-json\/wp\/v2\/product"}],"about":[{"href":"https:\/\/roveyayinevi.com.tr\/index.php\/wp-json\/wp\/v2\/types\/product"}],"wp:attachment":[{"href":"https:\/\/roveyayinevi.com.tr\/index.php\/wp-json\/wp\/v2\/media?parent=729332"}],"wp:term":[{"taxonomy":"product_brand","embeddable":true,"href":"https:\/\/roveyayinevi.com.tr\/index.php\/wp-json\/wp\/v2\/product_brand?post=729332"},{"taxonomy":"product_cat","embeddable":true,"href":"https:\/\/roveyayinevi.com.tr\/index.php\/wp-json\/wp\/v2\/product_cat?post=729332"},{"taxonomy":"product_tag","embeddable":true,"href":"https:\/\/roveyayinevi.com.tr\/index.php\/wp-json\/wp\/v2\/product_tag?post=729332"}],"curies":[{"name":"wp","href":"https:\/\/api.w.org\/{rel}","templated":true}]}}