{"id":729328,"date":"2025-08-27T20:54:16","date_gmt":"2025-08-27T17:54:16","guid":{"rendered":"https:\/\/roveyayinevi.com.tr\/index.php\/urun\/oteki-6\/"},"modified":"2026-04-16T02:37:07","modified_gmt":"2026-04-15T23:37:07","slug":"oteki-6","status":"publish","type":"product","link":"https:\/\/roveyayinevi.com.tr\/index.php\/urun\/oteki-6\/","title":{"rendered":"\u00d6teki"},"content":{"rendered":"<p>13 ya\u015f\u0131ndaki ikiz karde\u015fler Holland ve Niles Perry, birbirlerinin akl\u0131n\u0131 okuyacak kadar yak\u0131n, fakat bir o kadar da farkl\u0131d\u0131r. Holland c\u00fcretk\u00e2r ve fesatken, Niles nazik ve cana yak\u0131nd\u0131r. Uzun zaman \u00f6nce New England k\u0131rsal\u0131nda bir kasabaya yerle\u015fen Perry ailesi, ikizlerin babas\u0131n\u0131n ac\u0131 kayb\u0131yla sars\u0131l\u0131r. Anneleri de bu olay\u0131n deh\u015fetini atlatamam\u0131\u015ft\u0131r. Bu \u00f6l\u00fcm\u00fcn \u00fczerinden zaman ge\u00e7tik\u00e7e Holland\u2019\u0131n fesatl\u0131klar\u0131 artmaya ba\u015flarken, Niles da ya\u015fananlarla ba\u015f etmekte zorlanacakt\u0131r. Rosemary\u2019nin Bebe\u011fi  ve \u015eeytan (The Exorcist) ile birlikte 1970\u2019li y\u0131llarda y\u00fckselen korku edebiyat\u0131n\u0131n \u00fc\u00e7 b\u00fcy\u00fck roman\u0131ndan biri olan \u00d6teki, insan\u0131n i\u00e7indeki karanl\u0131\u011f\u0131 konu eden, psikolojik gerilimin zirvesinde yer alan \u00e7a\u011fda\u015f bir klasik. \u201cBir\u00e7ok profesyonel yazar gibi ben de bu romana k\u0131zg\u0131n\u0131m, \u00e7\u00fcnk\u00fc Tryon halihaz\u0131rda ba\u015far\u0131l\u0131 oldu\u011fu akt\u00f6rl\u00fck mesle\u011fine devam etmeli ve bir de gidip bu kadar iyi kitaplar yazmamal\u0131. Bu kadar da olmaz.\u201d\u2013 Anthony Burgess \u2013 Otomatik Portakal\u2019\u0131n yazar\u0131 \u201cHarikulade. L\u00fctfen Bay Tryon\u2019u benim yerime tebrik edin. Ne kadar muhte\u015fem bir esere imza atm\u0131\u015f.\u201d\u2013 Ira Levin \u2013 Rosemary\u2019nin Bebe\u011fi\u2019nin yazar\u0131 \u201cStephen King, Ray Bradbury ve Tryontta daha de ge\u00e7mi\u015fe gidersek Lovecraft, ayn\u0131 New England manzaras\u0131na bakt\u0131lar ve zalim topra\u011fa yay\u0131lan o ince uygarl\u0131k tabakas\u0131n\u0131n alt\u0131nda tehlikeli, kanl\u0131 ve kadim bir \u015feyin izlerini g\u00f6rd\u00fcler.\u201d\u2013 Grady Hendrix \u2013 Horrorst\u00f6r\u2019\u00fcn yazar\u0131 <\/p>\n","protected":false},"excerpt":{"rendered":"<p>13 ya\u015f\u0131ndaki ikiz karde\u015fler Holland ve Niles Perry, birbirlerinin akl\u0131n\u0131 okuyacak kadar yak\u0131n, fakat bir o kadar da farkl\u0131d\u0131r. Holland c\u00fcretk\u00e2r ve fesatken, Niles nazik ve<span class=\"excerpt-hellip\"> [\u2026]<\/span><\/p>\n","protected":false},"featured_media":0,"template":"","meta":{"_monsterinsights_skip_tracking":false,"_monsterinsights_sitenote_active":false,"_monsterinsights_sitenote_note":"","_monsterinsights_sitenote_category":0},"product_brand":[],"product_cat":[12291,17033],"product_tag":[],"class_list":{"0":"post-729328","1":"product","2":"type-product","3":"status-publish","5":"product_cat-edebiyat","6":"product_cat-korku-gerilim","7":"pa_cilt-ciltsiz","8":"pa_tur-kitap","9":"pa_yayinevi-cinar-yayinlari","10":"pa_yazar-thomas-tryon","12":"first","13":"instock","14":"sale","15":"shipping-taxable","16":"purchasable","17":"product-type-simple"},"_links":{"self":[{"href":"https:\/\/roveyayinevi.com.tr\/index.php\/wp-json\/wp\/v2\/product\/729328","targetHints":{"allow":["GET"]}}],"collection":[{"href":"https:\/\/roveyayinevi.com.tr\/index.php\/wp-json\/wp\/v2\/product"}],"about":[{"href":"https:\/\/roveyayinevi.com.tr\/index.php\/wp-json\/wp\/v2\/types\/product"}],"wp:attachment":[{"href":"https:\/\/roveyayinevi.com.tr\/index.php\/wp-json\/wp\/v2\/media?parent=729328"}],"wp:term":[{"taxonomy":"product_brand","embeddable":true,"href":"https:\/\/roveyayinevi.com.tr\/index.php\/wp-json\/wp\/v2\/product_brand?post=729328"},{"taxonomy":"product_cat","embeddable":true,"href":"https:\/\/roveyayinevi.com.tr\/index.php\/wp-json\/wp\/v2\/product_cat?post=729328"},{"taxonomy":"product_tag","embeddable":true,"href":"https:\/\/roveyayinevi.com.tr\/index.php\/wp-json\/wp\/v2\/product_tag?post=729328"}],"curies":[{"name":"wp","href":"https:\/\/api.w.org\/{rel}","templated":true}]}}