{"id":729327,"date":"2025-08-27T20:54:16","date_gmt":"2025-08-27T17:54:16","guid":{"rendered":"https:\/\/roveyayinevi.com.tr\/index.php\/urun\/deliler-arasinda-akilli-olmak\/"},"modified":"2026-04-16T02:37:07","modified_gmt":"2026-04-15T23:37:07","slug":"deliler-arasinda-akilli-olmak","status":"publish","type":"product","link":"https:\/\/roveyayinevi.com.tr\/index.php\/urun\/deliler-arasinda-akilli-olmak\/","title":{"rendered":"Deliler Aras\u0131nda Ak\u0131ll\u0131 Olmak"},"content":{"rendered":"<p>\u201cRosenhan, psikiyatrik tan\u0131lar koymadaki y\u00f6ntemlerimizin ve bilgi birikimimizin ne kadar zay\u0131f ve hataya a\u00e7\u0131k oldu\u011funu \u00e7ok \u00e7arp\u0131c\u0131 ve etkili bi\u00e7imde ortaya koyuyor.\u201d \u2014Jeffrey A. Lieberman   1973\u2019te psikolog David Rosenhan \u201cnormal\u201d insanlar\u0131n \u201cdeli\u201d taklidi yaparak ak\u0131l hastanelerine girip giremeyece\u011fini, girseler bile kendilerine nas\u0131l bir tan\u0131 konulaca\u011f\u0131n\u0131 ara\u015ft\u0131rmak u\u0308zere bir deneye giri\u015fti. Rosenhan ve yedi sahte hasta, sahte kimlikler ve sahte hastal\u0131klarla \u00e7e\u015fitli ak\u0131l hastanelerine girdiler. Acaba doktorlar, sa\u011fl\u0131kl\u0131 insanlara \u201cak\u0131l hastas\u0131\u201d te\u015fhisi koyacak kadar yetersiz miydiler? Ya ak\u0131l sa\u011fl\u0131\u011f\u0131 sistemi, hastalara nas\u0131l bir ortam ve tedavi imk\u00e2n\u0131 sunuyordu? Ara\u015ft\u0131rman\u0131n sonu\u00e7lar\u0131 k\u0131sa bir zaman i\u00e7inde psikiyatrinin seyrini de\u011fi\u015ftirdi. Psikiyatrlar \u201ckendilerine g\u00f6re\u201d tan\u0131 koymay\u0131 b\u0131rak\u0131p bir ak\u0131l hastal\u0131klar\u0131 rehberi olan DSM\u2019yi geli\u015ftirerek \u201cbilimsel kriterlere g\u00f6re\u201d tan\u0131 koymaya y\u00f6neldiler. Fakat \u00f6nemli bir sorun vard\u0131: Rosenhan\u2019\u0131n bu\u0308tu\u0308n verileri ger\u00e7ekten do\u011fru muydu? N\u00f6rolojik bir hastal\u0131\u011f\u0131 varken yanl\u0131\u015fl\u0131kla psikiyatri servisine sevk edilen ve bu iki alan aras\u0131ndaki belirsizli\u011fin kurban\u0131 olman\u0131n e\u015fi\u011finden d\u00f6nen ara\u015ft\u0131rmac\u0131-gazeteci Susannah Cahalan, kendi \u00f6yku\u0308su\u0308yle ili\u015fkilendirdi\u011fi Rosenhan\u2019\u0131n pe\u015finden giderek psikiyatrinin en derinlerine iniyor, ak\u0131l sa\u011fl\u0131\u011f\u0131 sisteminden ila\u00e7 sanayisine, o zamandan bugu\u0308ne dek ya\u015fananlar\u0131 gu\u0308n yu\u0308zu\u0308ne \u00e7\u0131kar\u0131yor. <\/p>\n","protected":false},"excerpt":{"rendered":"<p>\u201cRosenhan, psikiyatrik tan\u0131lar koymadaki y\u00f6ntemlerimizin ve bilgi birikimimizin ne kadar zay\u0131f ve hataya a\u00e7\u0131k oldu\u011funu \u00e7ok \u00e7arp\u0131c\u0131 ve etkili bi\u00e7imde ortaya koyuyor.\u201d \u2014Jeffrey A. Lieberman 1973\u2019te<span class=\"excerpt-hellip\"> [\u2026]<\/span><\/p>\n","protected":false},"featured_media":0,"template":"","meta":{"_monsterinsights_skip_tracking":false,"_monsterinsights_sitenote_active":false,"_monsterinsights_sitenote_note":"","_monsterinsights_sitenote_category":0},"product_brand":[],"product_cat":[12358,12357],"product_tag":[],"class_list":{"0":"post-729327","1":"product","2":"type-product","3":"status-publish","5":"product_cat-genel-psikoloji","6":"product_cat-psikoloji","7":"pa_cilt-ciltsiz","8":"pa_tur-kitap","9":"pa_yayinevi-say-yayinlari","10":"pa_yazar-susannah-cahalan","12":"first","13":"instock","14":"sale","15":"shipping-taxable","16":"purchasable","17":"product-type-simple"},"_links":{"self":[{"href":"https:\/\/roveyayinevi.com.tr\/index.php\/wp-json\/wp\/v2\/product\/729327","targetHints":{"allow":["GET"]}}],"collection":[{"href":"https:\/\/roveyayinevi.com.tr\/index.php\/wp-json\/wp\/v2\/product"}],"about":[{"href":"https:\/\/roveyayinevi.com.tr\/index.php\/wp-json\/wp\/v2\/types\/product"}],"wp:attachment":[{"href":"https:\/\/roveyayinevi.com.tr\/index.php\/wp-json\/wp\/v2\/media?parent=729327"}],"wp:term":[{"taxonomy":"product_brand","embeddable":true,"href":"https:\/\/roveyayinevi.com.tr\/index.php\/wp-json\/wp\/v2\/product_brand?post=729327"},{"taxonomy":"product_cat","embeddable":true,"href":"https:\/\/roveyayinevi.com.tr\/index.php\/wp-json\/wp\/v2\/product_cat?post=729327"},{"taxonomy":"product_tag","embeddable":true,"href":"https:\/\/roveyayinevi.com.tr\/index.php\/wp-json\/wp\/v2\/product_tag?post=729327"}],"curies":[{"name":"wp","href":"https:\/\/api.w.org\/{rel}","templated":true}]}}