{"id":729325,"date":"2025-08-27T20:54:14","date_gmt":"2025-08-27T17:54:14","guid":{"rendered":"https:\/\/roveyayinevi.com.tr\/index.php\/urun\/sana-soyleyecegim-cok-sey-var-son-yok\/"},"modified":"2026-04-16T02:37:07","modified_gmt":"2026-04-15T23:37:07","slug":"sana-soyleyecegim-cok-sey-var-son-yok","status":"publish","type":"product","link":"https:\/\/roveyayinevi.com.tr\/index.php\/urun\/sana-soyleyecegim-cok-sey-var-son-yok\/","title":{"rendered":"Sana S\u00f6yleyece\u011fim \u00c7ok \u015eey Var Son Yok"},"content":{"rendered":"<p>Bir \u00f6l\u00fcm hikayesi. Ya\u015fanm\u0131\u015f bir hikaye. \u0130ki karde\u015fin hayata ve \u00f6l\u00fcme dair \u00e7arp\u0131c\u0131, duygusal yolculu\u011fu. Her ya\u015fanm\u0131\u015fl\u0131\u011f\u0131n bir hikayesi, hatta birden fazla hikayesi vard\u0131r ama bu ayn\u0131 zamanda bir \u201cgidi\u015f\u201d, bir \u201cayr\u0131l\u0131\u015f\u201d hikayesi. Birbirine ba\u011fl\u0131, s\u0131rad\u0131\u015f\u0131 iki karde\u015ften birinin aniden hastalanmas\u0131 ve komaya girmesiyle ba\u015flayan, tasavvuf \u00f6\u011feleriyle dolu mistik yolculuklar\u0131. Yazar, anevrizma ge\u00e7irip komaya giren doktor a\u011fabeyi hayata tutunsun diye onunla d\u00fc\u015f\u00fcnce yoluyla ileti\u015fime girer. Akrabalar, ya\u015fanm\u0131\u015fl\u0131klar ve an\u0131larla dolu bir hastane s\u00fcreci boyunca a\u011fabeyiyle kelimeler olmadan konu\u015facakt\u0131r. \u0130ki karde\u015fin aras\u0131ndaki ileti\u015fim \u00f6ncesinden de g\u00fc\u00e7l\u00fcd\u00fcr art\u0131k. Karde\u015finin bir \u015fekilde kendisini duydu\u011funu hisseden yazar\u0131n ona g\u00fc\u00e7 vermek i\u00e7in \u015fimdiye kadar kullanmad\u0131\u011f\u0131 sevgi diline ihtiyac\u0131 vard\u0131r. Komada yatan a\u011fabeyine anbean kendisine ne oldu\u011funu anlat\u0131r. Ona kimi zaman \u00e7ocukluk an\u0131lar\u0131n\u0131, kimi zaman payla\u015fmad\u0131\u011f\u0131 duygular\u0131, kimi zaman da ge\u00e7mi\u015fte \u00f6fkesine hatta egosuna yenik d\u00fc\u015ft\u00fc\u011f\u00fc anlar\u0131 anlatacakt\u0131r. Yazar Ay\u015feg\u00fcl Ekinci, T\u00fcrk bas\u0131n\u0131n\u0131 uzun y\u0131llard\u0131r yurtd\u0131\u015f\u0131nda ba\u015far\u0131yla temsil eden bir gazeteci. Guantanamo Askeri \u00dcss\u00fc\u2019ne giren d\u00fcnyadaki ilk kad\u0131n gazeteci, ayn\u0131 zamanda sava\u015f muhabiri. Afganistan, Pakistan gibi i\u00e7 sava\u015f olan b\u00f6lgelerde habercilik yapan deneyimli ve korkusuz bir haberci. Ve ayn\u0131 zamanda enerji, ruh ve fizik bedende yirmi y\u0131l\u0131 a\u015fan bir s\u00fcredir \u00e7al\u0131\u015fmalar yapan bir \u015fifac\u0131, e\u011fitimci. Sana S\u00f6yleyece\u011fim \u00c7ok \u015eey Var SON YOK, hayat\u0131 korkusuzca deneyimleyen kad\u0131n gazetecinin yar\u0131n kayg\u0131s\u0131 olmadan, \u00f6l\u00fcm kavram\u0131n\u0131 d\u00fc\u015f\u00fcnmeden ya\u015fad\u0131\u011f\u0131 hareketli hayat\u0131n\u0131n nas\u0131l de\u011fi\u015fti\u011fini anlat\u0131yor. Doktor a\u011fabeyinin ans\u0131z\u0131n hastalanmas\u0131yla kendi i\u00e7selinde ve yak\u0131n \u00e7evresiyle ya\u015fad\u0131\u011f\u0131 dinamikler kitapta b\u00fct\u00fcn \u00e7arp\u0131c\u0131l\u0131\u011f\u0131yla veriliyor. Ekinci hikayesini anlat\u0131rken a\u011fabeyini kaybetme ger\u00e7e\u011fiyle kar\u015f\u0131 kar\u015f\u0131ya kald\u0131\u011f\u0131nda varl\u0131\u011f\u0131n\u0131n derinliklerinde arad\u0131\u011f\u0131 cevaplar\u0131 ve ya\u015fam analizlerini t\u00fcm samimiyetiyle ortaya koyuyor. Ve ara\u015ft\u0131rmac\u0131 gazeteci olan yazar\u0131n, a\u011fabeyinin \u00f6l\u00fcm\u00fcyle ve sonras\u0131nda ya\u015fad\u0131\u011f\u0131 \u00e7arp\u0131c\u0131, mistik, ola\u011fan\u00fcst\u00fc olaylar onu \u201c\u00f6l\u00fcm ve do\u011fum\u201d aras\u0131ndaki ili\u015fkiye dair yeni bir deneyim ya\u015famas\u0131na neden oluyor: \u201cSevginin\u201d tek ger\u00e7eklik oldu\u011fu ve \u00f6l\u00fcm\u00fcn insan zekas\u0131n\u0131n alg\u0131lad\u0131\u011f\u0131 manada biti\u015f olmad\u0131\u011f\u0131\u2026 <\/p>\n","protected":false},"excerpt":{"rendered":"<p>Bir \u00f6l\u00fcm hikayesi. Ya\u015fanm\u0131\u015f bir hikaye. \u0130ki karde\u015fin hayata ve \u00f6l\u00fcme dair \u00e7arp\u0131c\u0131, duygusal yolculu\u011fu. Her ya\u015fanm\u0131\u015fl\u0131\u011f\u0131n bir hikayesi, hatta birden fazla hikayesi vard\u0131r ama bu<span class=\"excerpt-hellip\"> [\u2026]<\/span><\/p>\n","protected":false},"featured_media":0,"template":"","meta":{"_monsterinsights_skip_tracking":false,"_monsterinsights_sitenote_active":false,"_monsterinsights_sitenote_note":"","_monsterinsights_sitenote_category":0},"product_brand":[],"product_cat":[12364,12376],"product_tag":[],"class_list":{"0":"post-729325","1":"product","2":"type-product","3":"status-publish","5":"product_cat-genel-konular","6":"product_cat-kisisel-gelisim","7":"pa_cilt-ciltsiz","8":"pa_tur-kitap","9":"pa_yayinevi-okuyan-us-yayin","10":"pa_yazar-aysegul-ekinci","12":"first","13":"instock","14":"sale","15":"shipping-taxable","16":"purchasable","17":"product-type-simple"},"_links":{"self":[{"href":"https:\/\/roveyayinevi.com.tr\/index.php\/wp-json\/wp\/v2\/product\/729325","targetHints":{"allow":["GET"]}}],"collection":[{"href":"https:\/\/roveyayinevi.com.tr\/index.php\/wp-json\/wp\/v2\/product"}],"about":[{"href":"https:\/\/roveyayinevi.com.tr\/index.php\/wp-json\/wp\/v2\/types\/product"}],"wp:attachment":[{"href":"https:\/\/roveyayinevi.com.tr\/index.php\/wp-json\/wp\/v2\/media?parent=729325"}],"wp:term":[{"taxonomy":"product_brand","embeddable":true,"href":"https:\/\/roveyayinevi.com.tr\/index.php\/wp-json\/wp\/v2\/product_brand?post=729325"},{"taxonomy":"product_cat","embeddable":true,"href":"https:\/\/roveyayinevi.com.tr\/index.php\/wp-json\/wp\/v2\/product_cat?post=729325"},{"taxonomy":"product_tag","embeddable":true,"href":"https:\/\/roveyayinevi.com.tr\/index.php\/wp-json\/wp\/v2\/product_tag?post=729325"}],"curies":[{"name":"wp","href":"https:\/\/api.w.org\/{rel}","templated":true}]}}