{"id":729324,"date":"2025-08-27T20:54:13","date_gmt":"2025-08-27T17:54:13","guid":{"rendered":"https:\/\/roveyayinevi.com.tr\/index.php\/urun\/dizi-dizi-disler\/"},"modified":"2026-04-16T02:37:07","modified_gmt":"2026-04-15T23:37:07","slug":"dizi-dizi-disler","status":"publish","type":"product","link":"https:\/\/roveyayinevi.com.tr\/index.php\/urun\/dizi-dizi-disler\/","title":{"rendered":"Dizi Dizi Di\u015fler"},"content":{"rendered":"<p>Mila ve Sarp 6 ya\u015f\u0131nda \u00e7ok iyi anla\u015fan iki arkada\u015f. Ayn\u0131 okula gidiyorlar, ayn\u0131 sokakta oturuyorlar ve okul sonras\u0131 zamanlar\u0131n\u0131n \u00e7o\u011funu birlikte ge\u00e7iriyorlar. Bu \u00f6yk\u00fcm\u00fczde, Mila ve Sarp, ya\u015flar\u0131na uygun olarak di\u015f de\u011fi\u015ftirme s\u00fcrecindeler. Sarp ve Mila\u2019ya, di\u015flerini sayarken ve di\u015f say\u0131lar\u0131n\u0131 bulurken yard\u0131m etmeye ne dersin?<\/p>\n","protected":false},"excerpt":{"rendered":"<p>Mila ve Sarp 6 ya\u015f\u0131nda \u00e7ok iyi anla\u015fan iki arkada\u015f. Ayn\u0131 okula gidiyorlar, ayn\u0131 sokakta oturuyorlar ve okul sonras\u0131 zamanlar\u0131n\u0131n \u00e7o\u011funu birlikte ge\u00e7iriyorlar. Bu \u00f6yk\u00fcm\u00fczde, Mila<span class=\"excerpt-hellip\"> [\u2026]<\/span><\/p>\n","protected":false},"featured_media":0,"template":"","meta":{"_monsterinsights_skip_tracking":false,"_monsterinsights_sitenote_active":false,"_monsterinsights_sitenote_note":"","_monsterinsights_sitenote_category":0},"product_brand":[],"product_cat":[12913,12274],"product_tag":[],"class_list":{"0":"post-729324","1":"product","2":"type-product","3":"status-publish","5":"product_cat-3-6-yas-kitaplari","6":"product_cat-cocuk-ve-genclik-kitaplari","7":"pa_cilt-ciltsiz","8":"pa_tur-kitap","9":"pa_yayinevi-potikare-yayincilik","10":"pa_yazar-potikare-kolektif","12":"first","13":"instock","14":"sale","15":"shipping-taxable","16":"purchasable","17":"product-type-simple"},"_links":{"self":[{"href":"https:\/\/roveyayinevi.com.tr\/index.php\/wp-json\/wp\/v2\/product\/729324","targetHints":{"allow":["GET"]}}],"collection":[{"href":"https:\/\/roveyayinevi.com.tr\/index.php\/wp-json\/wp\/v2\/product"}],"about":[{"href":"https:\/\/roveyayinevi.com.tr\/index.php\/wp-json\/wp\/v2\/types\/product"}],"wp:attachment":[{"href":"https:\/\/roveyayinevi.com.tr\/index.php\/wp-json\/wp\/v2\/media?parent=729324"}],"wp:term":[{"taxonomy":"product_brand","embeddable":true,"href":"https:\/\/roveyayinevi.com.tr\/index.php\/wp-json\/wp\/v2\/product_brand?post=729324"},{"taxonomy":"product_cat","embeddable":true,"href":"https:\/\/roveyayinevi.com.tr\/index.php\/wp-json\/wp\/v2\/product_cat?post=729324"},{"taxonomy":"product_tag","embeddable":true,"href":"https:\/\/roveyayinevi.com.tr\/index.php\/wp-json\/wp\/v2\/product_tag?post=729324"}],"curies":[{"name":"wp","href":"https:\/\/api.w.org\/{rel}","templated":true}]}}