{"id":729322,"date":"2025-08-27T20:54:11","date_gmt":"2025-08-27T17:54:11","guid":{"rendered":"https:\/\/roveyayinevi.com.tr\/index.php\/urun\/ertugrul-bir-gunesin-dogusu\/"},"modified":"2026-04-16T02:37:07","modified_gmt":"2026-04-15T23:37:07","slug":"ertugrul-bir-gunesin-dogusu","status":"publish","type":"product","link":"https:\/\/roveyayinevi.com.tr\/index.php\/urun\/ertugrul-bir-gunesin-dogusu\/","title":{"rendered":"Ertu\u011frul &#8211; Bir G\u00fcne\u015fin Do\u011fu\u015fu"},"content":{"rendered":"<p>\u201cCesaret k\u0131l\u0131c\u0131n g\u00fcc\u00fcnde de\u011fil, y\u00fcre\u011findedir o\u011ful. Bu topraklar cesur olana yar, korkak olana mezar olur; bu s\u00f6z\u00fcm\u00fc unutmayas\u0131n.\u201d B\u00fcy\u00fck Osmanl\u0131 \u0130mparatorlu\u011fu\u2019nun temelleri bu kitapta at\u0131l\u0131yor. T\u00fcrkmenistan\u2019da sakin bir hayat s\u00fcren G\u00fcnd\u00fcz Alp \u00f6nderli\u011findeki Kay\u0131 Beyli\u011fi, Mo\u011fol tehdidinden ka\u00e7arak f\u0131rt\u0131naya haz\u0131rlanmak, f\u0131rt\u0131nan\u0131n kendisi olmak \u00fczere yeni diyarlar\u0131 ke\u015ffe \u00e7\u0131kar. T\u00fcrl\u00fc zorluklarla kar\u015f\u0131la\u015facaklar\u0131 bu yolda kazand\u0131klar\u0131 her deneyim, f\u0131rt\u0131nan\u0131n bir kas\u0131rgaya d\u00f6n\u00fc\u015fmesine sebep olacakt\u0131r. \u201cOsmanl\u0131 Padi\u015fahlar\u0131\u201d serisinin ilk kitab\u0131 olan bu eserde, halk\u0131n\u0131 korumak ve g\u00fcvenli bir yurt edinip \u015fanl\u0131 T\u00fcrk Milleti\u2019nin ad\u0131n\u0131 tarihe alt\u0131n harflerle kaz\u0131mak isteyen Ertu\u011frul Gazi\u2019nin, babas\u0131ndan miras ald\u0131\u011f\u0131 amac\u0131 u\u011fruna \u00e7\u0131kt\u0131\u011f\u0131 yolda \u00e7ekti\u011fi \u00e7ileler hik\u00e2yele\u015ftirilerek anlat\u0131l\u0131yor. Osmanl\u0131 Beyli\u011fi\u2019nin kurucusu Osman Bey\u2019in atas\u0131 olan \u201cErtu\u011frul\u201d ile bir devrin ba\u015flang\u0131c\u0131na, bir efsanenin do\u011fu\u015funa tan\u0131k olacaks\u0131n\u0131z. <\/p>\n","protected":false},"excerpt":{"rendered":"<p>\u201cCesaret k\u0131l\u0131c\u0131n g\u00fcc\u00fcnde de\u011fil, y\u00fcre\u011findedir o\u011ful. Bu topraklar cesur olana yar, korkak olana mezar olur; bu s\u00f6z\u00fcm\u00fc unutmayas\u0131n.\u201d B\u00fcy\u00fck Osmanl\u0131 \u0130mparatorlu\u011fu\u2019nun temelleri bu kitapta at\u0131l\u0131yor. T\u00fcrkmenistan\u2019da<span class=\"excerpt-hellip\"> [\u2026]<\/span><\/p>\n","protected":false},"featured_media":0,"template":"","meta":{"_monsterinsights_skip_tracking":false,"_monsterinsights_sitenote_active":false,"_monsterinsights_sitenote_note":"","_monsterinsights_sitenote_category":0},"product_brand":[],"product_cat":[12291,12711],"product_tag":[],"class_list":{"0":"post-729322","1":"product","2":"type-product","3":"status-publish","5":"product_cat-edebiyat","6":"product_cat-roman-oyku","7":"pa_cilt-ciltsiz","8":"pa_tur-kitap","9":"pa_yayinevi-mustafa-soysal-yayinlari","10":"pa_yazar-mustafa-soysal","12":"first","13":"instock","14":"sale","15":"shipping-taxable","16":"purchasable","17":"product-type-simple"},"_links":{"self":[{"href":"https:\/\/roveyayinevi.com.tr\/index.php\/wp-json\/wp\/v2\/product\/729322","targetHints":{"allow":["GET"]}}],"collection":[{"href":"https:\/\/roveyayinevi.com.tr\/index.php\/wp-json\/wp\/v2\/product"}],"about":[{"href":"https:\/\/roveyayinevi.com.tr\/index.php\/wp-json\/wp\/v2\/types\/product"}],"wp:attachment":[{"href":"https:\/\/roveyayinevi.com.tr\/index.php\/wp-json\/wp\/v2\/media?parent=729322"}],"wp:term":[{"taxonomy":"product_brand","embeddable":true,"href":"https:\/\/roveyayinevi.com.tr\/index.php\/wp-json\/wp\/v2\/product_brand?post=729322"},{"taxonomy":"product_cat","embeddable":true,"href":"https:\/\/roveyayinevi.com.tr\/index.php\/wp-json\/wp\/v2\/product_cat?post=729322"},{"taxonomy":"product_tag","embeddable":true,"href":"https:\/\/roveyayinevi.com.tr\/index.php\/wp-json\/wp\/v2\/product_tag?post=729322"}],"curies":[{"name":"wp","href":"https:\/\/api.w.org\/{rel}","templated":true}]}}