{"id":729321,"date":"2025-08-27T20:54:10","date_gmt":"2025-08-27T17:54:10","guid":{"rendered":"https:\/\/roveyayinevi.com.tr\/index.php\/urun\/nlp-teknikleri-koleksiyonu-2\/"},"modified":"2026-04-16T02:37:07","modified_gmt":"2026-04-15T23:37:07","slug":"nlp-teknikleri-koleksiyonu-2","status":"publish","type":"product","link":"https:\/\/roveyayinevi.com.tr\/index.php\/urun\/nlp-teknikleri-koleksiyonu-2\/","title":{"rendered":"NLP Teknikleri Koleksiyonu 2"},"content":{"rendered":"<p>\u201cYeni bir televizyon ald\u0131\u011f\u0131m\u0131zda, beraberinde bize onu nas\u0131l kullanmam\u0131z gerekti\u011fini a\u00e7\u0131klayan bir k\u0131lavuz da verilir. Yeni bir elektrikli alet ald\u0131\u011f\u0131m\u0131zda veya yeni herhangi bir \u015fey ald\u0131\u011f\u0131m\u0131zda onu nas\u0131l kullanmam\u0131z gerekti\u011fini anlatan bir talimat kitap\u00e7\u0131\u011f\u0131 da al\u0131r\u0131z. Ama hayat\u0131m\u0131z\u0131n hi\u00e7bir d\u00f6neminde kimse bize beynimizi nas\u0131l kullanmam\u0131z gerekti\u011fi ile ilgili bir k\u0131lavuz vermedi. B\u00f6yle olunca beynimiz s\u0131k s\u0131k yapmas\u0131n\u0131 istemedi\u011fimiz \u015feyleri yapt\u0131. \u0130stenmeyen d\u00fc\u015f\u00fcncelerimiz, davran\u0131\u015flar\u0131m\u0131z ve devam etmek istemedi\u011fimiz al\u0131\u015fkanl\u0131klar\u0131m\u0131z oldu. Ki onlar\u0131n ne kadar sa\u00e7ma olduklar\u0131n\u0131 da biliyorduk, fakat beynimiz onlar\u0131 yapmaya devam etti.   Kendimizi mutlu etmek i\u00e7in beynimizi nas\u0131l kullanaca\u011f\u0131m\u0131z\u0131 \u00f6\u011frenmeye ba\u015flamam\u0131z, h\u0131zla de\u011fi\u015fen d\u00fcnyada \u00f6nlenemez ve bir \u015fekilde engellenemez bilgi ak\u0131\u015f\u0131 ile oldu. D\u00fcnya k\u00fc\u00e7\u00fcld\u00fck\u00e7e hem bilgiye hem de problemlere daha yak\u0131nd\u0131k art\u0131k. Bu yak\u0131nl\u0131k bizi daha h\u0131zl\u0131 ve kal\u0131c\u0131 \u00e7\u00f6z\u00fcmler sunan yakla\u015f\u0131mlar\u0131 \u00f6\u011frenmeye ve &#8220;ya\u015famaya&#8221; itti. Ve pratik hayatta &#8220;i\u015fe yarad\u0131\u011f\u0131n\u0131&#8221; g\u00f6rd\u00fc\u011f\u00fcm\u00fcz hipnozun, NLP&#8217;nin, Duygusal Zek\u00e2&#8217;n\u0131n ve modern ki\u015fisel geli\u015fime ait olu\u015fumlar\u0131n g\u00fc\u00e7l\u00fc bir savunucusu olduk. Y\u0131llar boyunca onlar\u0131 tekrar tekrar kulland\u0131k\u00e7a bu modern psikolojik teknolojilerin insanlar\u0131n ve kurumlar\u0131n hayat\u0131n\u0131 nas\u0131l de\u011fi\u015ftirdi\u011fini g\u00f6rd\u00fck.   Burada sizlerle payla\u015f\u0131lacak olan bu teknolojilere ait bilgiler ve y\u00f6ntemler, bilin\u00e7li izniniz olmadan, beyninizin kendi kendine istedi\u011fi \u015feyleri yapmas\u0131 yerine, beyninizi y\u00f6netmek ve geli\u015ftirmek i\u00e7in size bir yol haritas\u0131 sunacak. Bu bilgi ve y\u00f6ntemlerin ana fikri, hayat\u0131n\u0131zda fark\u0131nda olmadan edindi\u011finiz sizi s\u0131n\u0131rlayan programlanmalar\u0131n k\u00f6lesi olman\u0131z gerekmedi\u011fidir. Ve \u00fcmit ediyoruz ki bu kitaptaki \u00e7e\u015fitli becerileri, stratejileri ve teknikleri kullan\u0131rken keyifli zaman ge\u00e7ireceksiniz.\u201d \u0130\u00c7\u0130NDEK\u0130LER \u00d6ns\u00f6z B\u00f6l\u00fcm I Meta Model Meta Model Ya Da Evrensel Modelleme Meta Model Soru Kal\u0131plar\u0131 Tablosu Dil \u00c7abuklu\u011fu Kal\u0131plar\u0131 Dilde \u00d6n Kabuller Bak\u0131\u015f A\u00e7\u0131lar\u0131 B\u00f6l\u00fcm II Milton Model Milton Model Bilin\u00e7li Zihni Devre D\u0131\u015f\u0131 B\u0131rakan Hipnotik Dil Kal\u0131plar\u0131 Analojik \u0130\u015faretleme Y\u00f6ntemi B\u00f6l\u00fcm III \u00c7er\u00e7eveler \u00c7er\u00e7eveler Anla\u015fma \u00c7er\u00e7evesi Yeniden \u00c7er\u00e7eveleme Ba\u011flam\u0131 Yeniden \u00c7er\u00e7eveleme \u0130\u00e7eri\u011fi Yeniden \u00c7er\u00e7eveleme Yeni Bir K\u0131s\u0131m (Taraf) Yaratma Alt\u0131 Ad\u0131mda Yeniden \u00c7er\u00e7eveleme Mek\u00e2nsal Yeniden \u00c7er\u00e7eveleme\/Parts Entegrasyon Par\u00e7alarla M\u00fczakere Olumlu Niyeti Bulma Davran\u0131\u015f\u0131 Takdir Tekni\u011fi \u0130\u00e7 Uyu\u015fmazl\u0131klar\u0131n \u00c7\u00f6z\u00fcm\u00fc Temel \u0130\u00e7 \u00c7at\u0131\u015fma Entegrasyonu \u0130leri G\u00f6rsel Squash Yeni Davran\u0131\u015f Jenerat\u00f6r\u00fc B\u00fct\u00fcnl\u00fck Paterni \u0130\u015flevsiz Davran\u0131\u015f\u0131 G\u00fcncelleme Olumsuz Davran\u0131\u015f\/Olumlu Niyet Devre Temizleme Sinestezi \u0130nan\u00e7 Sistemlerinin Par\u00e7alanmas\u0131 Somatik Fraktal Kaynak Fraktal Payla\u015f\u0131lan Kaynak Dans Eden Score Kal\u0131b\u0131 Beyin Temizleme Y\u00f6ntemi Ba\u011flar\u0131 D\u00fczenleme Y\u00f6ntemi Sevgi Ba\u011f\u0131 Kurma Y\u00f6ntemi Ailenizle Bar\u0131\u015fmak Ba\u011f\u0131\u015flama Y\u00f6ntemi Ba\u011f Kesme Y\u00f6ntemi Ki\u015finin Kendisi \u0130le Bar\u0131\u015f\u0131k Olmas\u0131 Kendini Sevme Tekni\u011fi Benlik Sayg\u0131s\u0131n\u0131 H\u0131zl\u0131 D\u00fczeltme Mutluluk \u0130le Ba\u011f Kurma Zevk Azaltma Ak\u0131ll\u0131ca Yeme S\u0131n\u0131rlar\u0131 Belirleme B\u00f6l\u00fcm IV Zaman \u00c7izgisi Zaman \u00c7izgisi Kavram\u0131 \u0130ki \u00c7e\u015fit Zaman Alg\u0131s\u0131 Tekni\u011fi G\u00f6zden Ge\u00e7irme Ba\u015far\u0131labilir Bir Sonu\u00e7 Yaratman\u0131n \u00d6zelliklerini Hat\u0131rlay\u0131n Zaman \u00c7izgisini De\u011fi\u015ftirmek Zaman \u00c7izgisinin Alt Modaliteleri Olas\u0131 Zaman \u00c7izgisi Modelleri Ve Zaman \u00c7izgisini A\u00e7\u0131\u011fa \u00c7\u0131karma I Zaman \u00c7izgisini A\u00e7\u0131\u011fa \u00c7\u0131karma II Zaman \u00c7izgisini Ortaya \u00c7\u0131karma Ve Kalibrasyon Zaman \u00c7izgisini A\u00e7\u0131\u011fa \u00c7\u0131karman\u0131n \u0130lk Testi Ki\u015fisel Zaman \u00c7izgisinin Bulunmas\u0131 Zaman \u00c7izgisi \u0130le \u0130lgili K\u00fc\u00e7\u00fck \u0130pu\u00e7lar\u0131 \u00c7oklu Zaman \u00c7izgisi\/Karar Tekni\u011fi Paralel Ge\u00e7mi\u015f Zaman \u00c7izgisi Zaman \u00c7izgisini Uzat\u0131p K\u0131saltma Zaman \u00c7izgisini Silme Y\u00f6ntemi Zaman \u00c7izgisinde Hedefe Odaklanmak Gelece\u011finize Tek Bir Hedef Koymak \u0130\u00e7in Ad\u0131mlar Zaman \u00c7izgisinde Kaynak \u00dc\u00e7geni Olumsuz Duygular I Olumsuz Duygular II Zaman \u00c7izgisinde Negatif Duyguyu De\u011fi\u015ftirmek Zaman \u00c7izgisinde Deneyimi De\u011fi\u015ftirmek Zaman \u00c7izgisinde Olumsuz Etki Yaratan Bir Duygunun \u00dcstesinden Gelmek Anksiyete H\u0131zl\u0131 Fobi Modeli Belirleyici\/S\u0131n\u0131rlay\u0131c\u0131 Kararlar Zaman \u00c7izgisinde Ba\u011f Kesme Y\u00f6ntemi Ba\u011f\u0131ml\u0131 Davran\u0131\u015flar\u0131n \u00c7\u00f6z\u00fcm\u00fc Sebeplerin K\u00f6klerini Bulma \u0130nanc\u0131n Zaman \u00c7izgisinde B\u00fct\u00fcnle\u015ftirilmesi Zaman \u00c7izgisinde Hayat\u0131n Sonundan Bakmak Zaman \u00c7izgisinde Sihirli Ebeveyn Kal\u0131b\u0131 \u0130\u00e7sel \u0130yi Ebeveyn Geli\u015ftirme Zaman \u00c7izgisinde Yeniden \u0130\u015fleme Kal\u0131b\u0131 I Zaman \u00c7izgisinde Yeniden \u0130\u015fleme Kal\u0131b\u0131 II Yeniden \u0130\u015fleme Kal\u0131b\u0131 Uygulama \u00d6rne\u011fi Zaman \u00c7izgisinde Yeniden \u0130\u015fleme Kal\u0131b\u0131 III Daha \u0130yi Bir \u0130nanca Ge\u00e7i\u015f Kal\u0131b\u0131 \u00c7at\u0131\u015fan \u0130nan\u00e7lar\u0131n Entegrasyonu \u0130nan\u00e7 D\u0131\u015f\u0131 \u00c7er\u00e7eveleme \u00c7at\u0131\u015fan Gizli \u0130nan\u00e7lar Karar Bozucu Ba\u015far\u0131s\u0131zl\u0131\u011f\u0131 Geri Bildirime \u00c7evirme Stratejisi Yemin M\u00fchendisli\u011fi Metafor B\u00f6l\u00fcm V Mant\u0131ksal D\u00fczeyler Mant\u0131ksal D\u00fczeyler Bu De\u011ferler Kar\u0131\u015f\u0131rsa Ne Olur? Mant\u0131ksal D\u00fczeylerde Davran\u0131\u015f De\u011fi\u015ftirme Sorular\u0131 Davran\u0131\u015f De\u011fi\u015ftirme Y\u00f6nteminin Basamaklar\u0131 Mant\u0131ksal Seviyelerin Uygulanmas\u0131 Kendini Hizalama Mant\u0131ksal D\u00fczeyler Koordinasyonu NLP Kontrol Listesi \u00c7at\u0131\u015fma \u00c7\u00f6z\u00fcm\u00fc Kaynak \u015earj\u0131 Y\u00f6ntemi SCORE Kal\u0131b\u0131 Ya\u015fam Ge\u00e7i\u015f Takibi D\u00f6n\u00fc\u015f\u00fcm Arketip Tan\u0131mlamas\u0131 Keder \u00d6ncesi Tekni\u011fi Keder Kal\u0131b\u0131 Tatmin Edilmemi\u015f \u00c7ocukluk \u0130\u00e7in Kendini Besleme \u00d6zg\u00fcrl\u00fc\u011fe Uyan\u0131\u015f Uzun \u00d6m\u00fcrl\u00fc Olmak G\u00fcn Sonu Tekni\u011fi \u00d6z D\u00f6n\u00fc\u015f\u00fcm Tekni\u011fi F \/ B Tekni\u011fi D. V. P Kal\u0131b\u0131 Ek B\u00f6l\u00fcm VI Motivasyon Kendinizi Tan\u0131y\u0131n Amac\u0131n\u0131z\u0131 Belirleyin Se\u00e7im Yap\u0131n Da\u011f\u0131n\u0131kl\u0131klar\u0131 Tan\u0131mlay\u0131n Genelleme Yapmay\u0131 B\u0131rak\u0131n . Bir Ba\u015far\u0131 Modeli Olu\u015fturun Her Zaman Olumlu D\u00fc\u015f\u00fcn\u00fcn Kendi \u00c7evrenizi D\u00fczenleyin Sade Ve Pozitif Olun \u0130yi Plan Yap\u0131n . Ara Hedefl er Belirleyin Kendinizi Etkinle\u015ftirin Bir Sabah Rit\u00fceli Haz\u0131rlay\u0131n Bir Ak\u0131l Hocas\u0131 Bulun Kendinizi Kapt\u0131r\u0131n Sosyal Bir Hayat\u0131n\u0131z Olsun Arkada\u015flar\u0131n\u0131za Planlar\u0131n\u0131z\u0131 Anlat\u0131n Muhalefetle Nas\u0131l Ba\u015fa \u00c7\u0131kaca\u011f\u0131n\u0131z\u0131 Bilin Aktif Olun Egzersiz Yap\u0131n \u0130yi Dileklerinizi Payla\u015f\u0131n Ger\u00e7ekten G\u00fcl\u00fcn Pratik Yap\u0131n Kendinizi \u00d6d\u00fcllendirin Gev\u015femeyi Hat\u0131rlay\u0131n Kendi Tampon Alanlar\u0131n\u0131z\u0131 Olu\u015fturun Ertelemekten Ka\u00e7\u0131n\u0131n G\u00f6zden Ge\u00e7irmek \u0130\u00e7in Zaman Ay\u0131r\u0131n Kendi Karnenizi Yap\u0131n Sonu\u00e7 <\/p>\n","protected":false},"excerpt":{"rendered":"<p>\u201cYeni bir televizyon ald\u0131\u011f\u0131m\u0131zda, beraberinde bize onu nas\u0131l kullanmam\u0131z gerekti\u011fini a\u00e7\u0131klayan bir k\u0131lavuz da verilir. Yeni bir elektrikli alet ald\u0131\u011f\u0131m\u0131zda veya yeni herhangi bir \u015fey ald\u0131\u011f\u0131m\u0131zda<span class=\"excerpt-hellip\"> [\u2026]<\/span><\/p>\n","protected":false},"featured_media":0,"template":"","meta":{"_monsterinsights_skip_tracking":false,"_monsterinsights_sitenote_active":false,"_monsterinsights_sitenote_note":"","_monsterinsights_sitenote_category":0},"product_brand":[],"product_cat":[12573,12566],"product_tag":[],"class_list":{"0":"post-729321","1":"product","2":"type-product","3":"status-publish","5":"product_cat-akademik-kitaplar","6":"product_cat-egitim","7":"pa_cilt-ciltsiz","8":"pa_tur-kitap","9":"pa_yayinevi-nar-agaci-yayinlari","10":"pa_yazar-celalettin-uzuner","12":"first","13":"instock","14":"sale","15":"shipping-taxable","16":"purchasable","17":"product-type-simple"},"_links":{"self":[{"href":"https:\/\/roveyayinevi.com.tr\/index.php\/wp-json\/wp\/v2\/product\/729321","targetHints":{"allow":["GET"]}}],"collection":[{"href":"https:\/\/roveyayinevi.com.tr\/index.php\/wp-json\/wp\/v2\/product"}],"about":[{"href":"https:\/\/roveyayinevi.com.tr\/index.php\/wp-json\/wp\/v2\/types\/product"}],"wp:attachment":[{"href":"https:\/\/roveyayinevi.com.tr\/index.php\/wp-json\/wp\/v2\/media?parent=729321"}],"wp:term":[{"taxonomy":"product_brand","embeddable":true,"href":"https:\/\/roveyayinevi.com.tr\/index.php\/wp-json\/wp\/v2\/product_brand?post=729321"},{"taxonomy":"product_cat","embeddable":true,"href":"https:\/\/roveyayinevi.com.tr\/index.php\/wp-json\/wp\/v2\/product_cat?post=729321"},{"taxonomy":"product_tag","embeddable":true,"href":"https:\/\/roveyayinevi.com.tr\/index.php\/wp-json\/wp\/v2\/product_tag?post=729321"}],"curies":[{"name":"wp","href":"https:\/\/api.w.org\/{rel}","templated":true}]}}