{"id":729317,"date":"2025-08-27T20:54:07","date_gmt":"2025-08-27T17:54:07","guid":{"rendered":"https:\/\/roveyayinevi.com.tr\/index.php\/urun\/aile-modelleri\/"},"modified":"2026-04-16T02:37:06","modified_gmt":"2026-04-15T23:37:06","slug":"aile-modelleri","status":"publish","type":"product","link":"https:\/\/roveyayinevi.com.tr\/index.php\/urun\/aile-modelleri\/","title":{"rendered":"Aile Modelleri"},"content":{"rendered":"<p>Atalar\u0131ndan \u00f6\u011frendiklerin, deneyimlerinle m\u00fch\u00fcrlediklerin ve mevcut kararlar\u0131nla m\u0131 ilerlemek istiyorsun, yoksa kendi potansiyelini a\u00e7\u0131\u011fa \u00e7\u0131karmaya niyetli misin?   Hayat yolunun haritas\u0131n\u0131 sen ba\u015flatmad\u0131n belki ama rehberlerinden \u00f6\u011frendiklerinle inand\u0131n ve hayallerinin olaca\u011f\u0131na ya da olmayaca\u011f\u0131na karar verdin.  Peki kararlar\u0131n\u0131 al\u0131rken ne kadar \u00f6zg\u00fcrs\u00fcn?  Seni y\u00f6neten d\u00fc\u015f\u00fcnce kal\u0131plar\u0131n\u0131n fark\u0131nda m\u0131s\u0131n?  D\u00fcne dair de\u011fi\u015fmez unsurlar\u0131n\u0131n sana katt\u0131klar\u0131n\u0131 fark edersen hayat\u0131n\u0131n d\u00fcmeninde hangi y\u00f6ne gitmek istedi\u011finle ilgili kararlar verebilirsin.  \u0130\u015fte bu uyanmakt\u0131r. Ayd\u0131nlanmak ve inand\u0131\u011f\u0131m\u0131z hayat ile ger\u00e7ek hayat aras\u0131ndaki fark\u0131 anlamakt\u0131r.  \u0130nsan inand\u0131\u011f\u0131n\u0131 ya\u015far ve inand\u0131\u011f\u0131 y\u00f6n\u00fc g\u00fcvenli bulur. G\u00fcvende hissetti\u011fiyle devam etmek ister.  Hayat\u0131nda yenilikleri ba\u015flatmak ve istemediklerini geride b\u0131rakmak i\u00e7in cesaretine ve kendine g\u00fcveniyor musun?  <\/p>\n","protected":false},"excerpt":{"rendered":"<p>Atalar\u0131ndan \u00f6\u011frendiklerin, deneyimlerinle m\u00fch\u00fcrlediklerin ve mevcut kararlar\u0131nla m\u0131 ilerlemek istiyorsun, yoksa kendi potansiyelini a\u00e7\u0131\u011fa \u00e7\u0131karmaya niyetli misin? Hayat yolunun haritas\u0131n\u0131 sen ba\u015flatmad\u0131n belki ama rehberlerinden \u00f6\u011frendiklerinle<span class=\"excerpt-hellip\"> [\u2026]<\/span><\/p>\n","protected":false},"featured_media":0,"template":"","meta":{"_monsterinsights_skip_tracking":false,"_monsterinsights_sitenote_active":false,"_monsterinsights_sitenote_note":"","_monsterinsights_sitenote_category":0},"product_brand":[],"product_cat":[12364,12376],"product_tag":[],"class_list":{"0":"post-729317","1":"product","2":"type-product","3":"status-publish","5":"product_cat-genel-konular","6":"product_cat-kisisel-gelisim","7":"pa_cilt-ciltsiz","8":"pa_tur-kitap","9":"pa_yayinevi-indigo-kitap","10":"pa_yazar-meltem-reyhan","12":"first","13":"instock","14":"sale","15":"shipping-taxable","16":"purchasable","17":"product-type-simple"},"_links":{"self":[{"href":"https:\/\/roveyayinevi.com.tr\/index.php\/wp-json\/wp\/v2\/product\/729317","targetHints":{"allow":["GET"]}}],"collection":[{"href":"https:\/\/roveyayinevi.com.tr\/index.php\/wp-json\/wp\/v2\/product"}],"about":[{"href":"https:\/\/roveyayinevi.com.tr\/index.php\/wp-json\/wp\/v2\/types\/product"}],"wp:attachment":[{"href":"https:\/\/roveyayinevi.com.tr\/index.php\/wp-json\/wp\/v2\/media?parent=729317"}],"wp:term":[{"taxonomy":"product_brand","embeddable":true,"href":"https:\/\/roveyayinevi.com.tr\/index.php\/wp-json\/wp\/v2\/product_brand?post=729317"},{"taxonomy":"product_cat","embeddable":true,"href":"https:\/\/roveyayinevi.com.tr\/index.php\/wp-json\/wp\/v2\/product_cat?post=729317"},{"taxonomy":"product_tag","embeddable":true,"href":"https:\/\/roveyayinevi.com.tr\/index.php\/wp-json\/wp\/v2\/product_tag?post=729317"}],"curies":[{"name":"wp","href":"https:\/\/api.w.org\/{rel}","templated":true}]}}