{"id":729315,"date":"2025-08-27T20:54:05","date_gmt":"2025-08-27T17:54:05","guid":{"rendered":"https:\/\/roveyayinevi.com.tr\/index.php\/urun\/karamel-3-karamel-cilginligi\/"},"modified":"2026-04-16T02:37:06","modified_gmt":"2026-04-15T23:37:06","slug":"karamel-3-karamel-cilginligi","status":"publish","type":"product","link":"https:\/\/roveyayinevi.com.tr\/index.php\/urun\/karamel-3-karamel-cilginligi\/","title":{"rendered":"Karamel 3 &#8211; Karamel \u00c7\u0131lg\u0131nl\u0131\u011f\u0131"},"content":{"rendered":"<p>Peter\u2019i can\u0131ndan bezdiren karde\u015fi Karamel bu kez de Peter\u2019in ba\u015f d\u00fc\u015fman\u0131 Sheila Tubman\u2019la  evlenmeye karar veriyor. Bu da yetmezmi\u015f gibi Peter ailece yaz tatilini ge\u00e7irecekleri evi Sheila ve ailesiyle payla\u015facaklar\u0131n\u0131 \u00f6\u011freniyor! \u0130ki geni\u015f aile ve birbirinden renkli kom\u015fularla m\u00fcthi\u015f bir tatil maceras\u0131 Peter\u2019i bekliyor.   D\u00fcnyaca \u00fcnl\u00fc \u00f6d\u00fcll\u00fc yazar Judy Blume\u2019un klasikle\u015fmi\u015f Karamel dizisinin \u00fc\u00e7\u00fcnc\u00fc kitab\u0131 Karamel \u00c7\u0131lg\u0131nl\u0131\u011f\u0131\u2019nda Peter ailesi, kom\u015fular\u0131 ve dostlar\u0131yla unutulmaz bir yaz tatili ge\u00e7iriyor. <\/p>\n","protected":false},"excerpt":{"rendered":"<p>Peter\u2019i can\u0131ndan bezdiren karde\u015fi Karamel bu kez de Peter\u2019in ba\u015f d\u00fc\u015fman\u0131 Sheila Tubman\u2019la evlenmeye karar veriyor. Bu da yetmezmi\u015f gibi Peter ailece yaz tatilini ge\u00e7irecekleri evi<span class=\"excerpt-hellip\"> [\u2026]<\/span><\/p>\n","protected":false},"featured_media":0,"template":"","meta":{"_monsterinsights_skip_tracking":false,"_monsterinsights_sitenote_active":false,"_monsterinsights_sitenote_note":"","_monsterinsights_sitenote_category":0},"product_brand":[],"product_cat":[12275,12274],"product_tag":[],"class_list":{"0":"post-729315","1":"product","2":"type-product","3":"status-publish","5":"product_cat-6-12-yas-kitaplari","6":"product_cat-cocuk-ve-genclik-kitaplari","7":"pa_cilt-ciltsiz","8":"pa_tur-kitap","9":"pa_yayinevi-kolektif-kitap","10":"pa_yazar-judy-blume","12":"first","13":"instock","14":"sale","15":"shipping-taxable","16":"purchasable","17":"product-type-simple"},"_links":{"self":[{"href":"https:\/\/roveyayinevi.com.tr\/index.php\/wp-json\/wp\/v2\/product\/729315","targetHints":{"allow":["GET"]}}],"collection":[{"href":"https:\/\/roveyayinevi.com.tr\/index.php\/wp-json\/wp\/v2\/product"}],"about":[{"href":"https:\/\/roveyayinevi.com.tr\/index.php\/wp-json\/wp\/v2\/types\/product"}],"wp:attachment":[{"href":"https:\/\/roveyayinevi.com.tr\/index.php\/wp-json\/wp\/v2\/media?parent=729315"}],"wp:term":[{"taxonomy":"product_brand","embeddable":true,"href":"https:\/\/roveyayinevi.com.tr\/index.php\/wp-json\/wp\/v2\/product_brand?post=729315"},{"taxonomy":"product_cat","embeddable":true,"href":"https:\/\/roveyayinevi.com.tr\/index.php\/wp-json\/wp\/v2\/product_cat?post=729315"},{"taxonomy":"product_tag","embeddable":true,"href":"https:\/\/roveyayinevi.com.tr\/index.php\/wp-json\/wp\/v2\/product_tag?post=729315"}],"curies":[{"name":"wp","href":"https:\/\/api.w.org\/{rel}","templated":true}]}}