{"id":729314,"date":"2025-08-27T20:54:05","date_gmt":"2025-08-27T17:54:05","guid":{"rendered":"https:\/\/roveyayinevi.com.tr\/index.php\/urun\/karamel-2-super-karamel\/"},"modified":"2026-04-16T02:37:06","modified_gmt":"2026-04-15T23:37:06","slug":"karamel-2-super-karamel","status":"publish","type":"product","link":"https:\/\/roveyayinevi.com.tr\/index.php\/urun\/karamel-2-super-karamel\/","title":{"rendered":"Karamel 2 &#8211; S\u00fcper Karamel"},"content":{"rendered":"<p>On iki ya\u015f\u0131ndaki Peter, ba\u015f belas\u0131 karde\u015fi Karamel\u2019in yaratt\u0131\u011f\u0131 karga\u015fadan uzakla\u015fmak i\u00e7in  \u00e7areler ararken bir karde\u015fi daha olaca\u011f\u0131n\u0131 ve ailece bir seneli\u011fine k\u00fc\u00e7\u00fck bir sahil kasabas\u0131na ta\u015f\u0131nacaklar\u0131n\u0131 \u00f6\u011freniyor. Kimseyi tan\u0131mad\u0131\u011f\u0131 bir yerde Karamel\u2019le ayn\u0131 okula gitme fikrine al\u0131\u015fmaya \u00e7al\u0131\u015f\u0131rken i\u00e7ini kemirip duran bir soru var: Ya yeni do\u011facak karde\u015fi de Karamel\u2019e benzerse?   D\u00fcnyaca \u00fcnl\u00fc \u00f6d\u00fcll\u00fc yazar Judy Blume\u2019un klasikle\u015fmi\u015f Karamel dizisinin ikinci kitab\u0131 S\u00fcper Karamel\u2019de Peter ailesiyle birlikte yepyeni bir maceraya at\u0131l\u0131yor. <\/p>\n","protected":false},"excerpt":{"rendered":"<p>On iki ya\u015f\u0131ndaki Peter, ba\u015f belas\u0131 karde\u015fi Karamel\u2019in yaratt\u0131\u011f\u0131 karga\u015fadan uzakla\u015fmak i\u00e7in \u00e7areler ararken bir karde\u015fi daha olaca\u011f\u0131n\u0131 ve ailece bir seneli\u011fine k\u00fc\u00e7\u00fck bir sahil kasabas\u0131na<span class=\"excerpt-hellip\"> [\u2026]<\/span><\/p>\n","protected":false},"featured_media":0,"template":"","meta":{"_monsterinsights_skip_tracking":false,"_monsterinsights_sitenote_active":false,"_monsterinsights_sitenote_note":"","_monsterinsights_sitenote_category":0},"product_brand":[],"product_cat":[12275,12274],"product_tag":[],"class_list":{"0":"post-729314","1":"product","2":"type-product","3":"status-publish","5":"product_cat-6-12-yas-kitaplari","6":"product_cat-cocuk-ve-genclik-kitaplari","7":"pa_cilt-ciltsiz","8":"pa_tur-kitap","9":"pa_yayinevi-kolektif-kitap","10":"pa_yazar-judy-blume","12":"first","13":"instock","14":"sale","15":"shipping-taxable","16":"purchasable","17":"product-type-simple"},"_links":{"self":[{"href":"https:\/\/roveyayinevi.com.tr\/index.php\/wp-json\/wp\/v2\/product\/729314","targetHints":{"allow":["GET"]}}],"collection":[{"href":"https:\/\/roveyayinevi.com.tr\/index.php\/wp-json\/wp\/v2\/product"}],"about":[{"href":"https:\/\/roveyayinevi.com.tr\/index.php\/wp-json\/wp\/v2\/types\/product"}],"wp:attachment":[{"href":"https:\/\/roveyayinevi.com.tr\/index.php\/wp-json\/wp\/v2\/media?parent=729314"}],"wp:term":[{"taxonomy":"product_brand","embeddable":true,"href":"https:\/\/roveyayinevi.com.tr\/index.php\/wp-json\/wp\/v2\/product_brand?post=729314"},{"taxonomy":"product_cat","embeddable":true,"href":"https:\/\/roveyayinevi.com.tr\/index.php\/wp-json\/wp\/v2\/product_cat?post=729314"},{"taxonomy":"product_tag","embeddable":true,"href":"https:\/\/roveyayinevi.com.tr\/index.php\/wp-json\/wp\/v2\/product_tag?post=729314"}],"curies":[{"name":"wp","href":"https:\/\/api.w.org\/{rel}","templated":true}]}}