{"id":729313,"date":"2025-08-27T20:54:04","date_gmt":"2025-08-27T17:54:04","guid":{"rendered":"https:\/\/roveyayinevi.com.tr\/index.php\/urun\/karamel-1-dorduncu-sinifa-giden-bir-hicin-hikayesi\/"},"modified":"2026-04-16T02:37:06","modified_gmt":"2026-04-15T23:37:06","slug":"karamel-1-dorduncu-sinifa-giden-bir-hicin-hikayesi","status":"publish","type":"product","link":"https:\/\/roveyayinevi.com.tr\/index.php\/urun\/karamel-1-dorduncu-sinifa-giden-bir-hicin-hikayesi\/","title":{"rendered":"Karamel 1 &#8211; D\u00f6rd\u00fcnc\u00fc S\u0131n\u0131fa Giden Bir Hi\u00e7in Hikayesi"},"content":{"rendered":"<p>Peter\u2019in hayattaki en b\u00fcy\u00fck derdi iki bu\u00e7uk ya\u015f\u0131ndaki karde\u015fi Karamel. B\u00fcy\u00fckler ona bay\u0131l\u0131yor fakat Peter ile kaplumba\u011fas\u0131 T\u0131pt\u0131p i\u00e7in o tam bir ba\u015f belas\u0131! S\u00fcrekli ayak alt\u0131nda dola\u015f\u0131p elini s\u00fcrd\u00fc\u011f\u00fc her \u015feyi berbat ediyor, \u00f6fkelenince kendini yere at\u0131p avaz avaz ba\u011f\u0131r\u0131yor. T\u00fcm bunlar yetmezmi\u015f gibi bir de T\u0131pt\u0131p\u2019a g\u00f6z dikince Peter\u2019in sabr\u0131 ta\u015f\u0131yor. Peki, ailesinin biraz da kendisine ilgi g\u00f6stermesini nas\u0131l sa\u011flayabilir?   D\u00f6rd\u00fcnc\u00fc S\u0131n\u0131fa Giden Bir Hi\u00e7in Hik\u00e2yesi d\u00fcnyaca \u00fcnl\u00fc \u00f6d\u00fcll\u00fc yazar Judy Blume\u2019un klasikle\u015fmi\u015f Karamel dizisinin ilk kitab\u0131. <\/p>\n","protected":false},"excerpt":{"rendered":"<p>Peter\u2019in hayattaki en b\u00fcy\u00fck derdi iki bu\u00e7uk ya\u015f\u0131ndaki karde\u015fi Karamel. B\u00fcy\u00fckler ona bay\u0131l\u0131yor fakat Peter ile kaplumba\u011fas\u0131 T\u0131pt\u0131p i\u00e7in o tam bir ba\u015f belas\u0131! S\u00fcrekli ayak<span class=\"excerpt-hellip\"> [\u2026]<\/span><\/p>\n","protected":false},"featured_media":0,"template":"","meta":{"_monsterinsights_skip_tracking":false,"_monsterinsights_sitenote_active":false,"_monsterinsights_sitenote_note":"","_monsterinsights_sitenote_category":0},"product_brand":[],"product_cat":[12275,12274],"product_tag":[],"class_list":{"0":"post-729313","1":"product","2":"type-product","3":"status-publish","5":"product_cat-6-12-yas-kitaplari","6":"product_cat-cocuk-ve-genclik-kitaplari","7":"pa_cilt-ciltsiz","8":"pa_tur-kitap","9":"pa_yayinevi-kolektif-kitap","10":"pa_yazar-judy-blume","12":"first","13":"instock","14":"sale","15":"shipping-taxable","16":"purchasable","17":"product-type-simple"},"_links":{"self":[{"href":"https:\/\/roveyayinevi.com.tr\/index.php\/wp-json\/wp\/v2\/product\/729313","targetHints":{"allow":["GET"]}}],"collection":[{"href":"https:\/\/roveyayinevi.com.tr\/index.php\/wp-json\/wp\/v2\/product"}],"about":[{"href":"https:\/\/roveyayinevi.com.tr\/index.php\/wp-json\/wp\/v2\/types\/product"}],"wp:attachment":[{"href":"https:\/\/roveyayinevi.com.tr\/index.php\/wp-json\/wp\/v2\/media?parent=729313"}],"wp:term":[{"taxonomy":"product_brand","embeddable":true,"href":"https:\/\/roveyayinevi.com.tr\/index.php\/wp-json\/wp\/v2\/product_brand?post=729313"},{"taxonomy":"product_cat","embeddable":true,"href":"https:\/\/roveyayinevi.com.tr\/index.php\/wp-json\/wp\/v2\/product_cat?post=729313"},{"taxonomy":"product_tag","embeddable":true,"href":"https:\/\/roveyayinevi.com.tr\/index.php\/wp-json\/wp\/v2\/product_tag?post=729313"}],"curies":[{"name":"wp","href":"https:\/\/api.w.org\/{rel}","templated":true}]}}