{"id":729312,"date":"2025-08-27T20:54:03","date_gmt":"2025-08-27T17:54:03","guid":{"rendered":"https:\/\/roveyayinevi.com.tr\/index.php\/urun\/kafkasyada-rus-yayilmaciligi\/"},"modified":"2026-04-16T02:37:06","modified_gmt":"2026-04-15T23:37:06","slug":"kafkasyada-rus-yayilmaciligi","status":"publish","type":"product","link":"https:\/\/roveyayinevi.com.tr\/index.php\/urun\/kafkasyada-rus-yayilmaciligi\/","title":{"rendered":"Kafkasya&#8217;da Rus Yay\u0131lmac\u0131l\u0131\u011f\u0131"},"content":{"rendered":"<p>Kafkasya\u2019n\u0131n Rusya taraf\u0131ndan kolonizasyonu 16. y\u00fczy\u0131la kadar uzanan olduk\u00e7a uzun bir tarihsel s\u00fcreci kapsar. S\u00f6z konusu s\u00fcre\u00e7 i\u00e7inde b\u00f6lgeye Kazaklar\u0131n isk\u00e2n\u0131 Rusya taraf\u0131ndan \u00f6nemli bir kolonizasyon y\u00f6ntemi olarak kullan\u0131lm\u0131\u015ft\u0131r. B\u00f6lgede y\u00fcr\u00fct\u00fclen askeri faaliyetlerin yan\u0131 s\u0131ra ekonomik faaliyetler ve e\u011fitim faaliyetleri de yerel halklar\u0131n kontrol alt\u0131na al\u0131nmas\u0131nda \u00f6nemli unsurlar olmu\u015ftur. Bu faaliyetlerin alt yap\u0131s\u0131n\u0131 ise Kazak stanitsalar\u0131 ile kale kentlerden olu\u015fan ve zaman i\u00e7inde t\u00fcm Kafkasya\u2019y\u0131 saran \u201chat sistemi\u201d sa\u011flam\u0131\u015ft\u0131r. Ege \u00dcniversitesi\u2019nde sunulan bir doktora tezine dayanan bu kitapta, hat sisteminin bir par\u00e7as\u0131 olarak Mozdok Hatt\u0131 ele al\u0131nmaktad\u0131r. Bu ba\u011flamda Kuzeydo\u011fu Kafkasya\u2019n\u0131n Rusya topraklar\u0131na d\u00e2hil edilme s\u00fcrecini \u201cara zemin\u201d kavram\u0131ndan faydalanarak inceleyen yazar, Kazaklarla yerel gruplar aras\u0131ndaki ili\u015fkileri de\u011fi\u015fik boyutlar\u0131yla ele almakta, Kafkasya\u2019n\u0131n Rusya taraf\u0131ndan kolonizasyonuna farkl\u0131 bir perspektiften bakmam\u0131z\u0131 sa\u011flamaktad\u0131r. <\/p>\n","protected":false},"excerpt":{"rendered":"<p>Kafkasya\u2019n\u0131n Rusya taraf\u0131ndan kolonizasyonu 16. y\u00fczy\u0131la kadar uzanan olduk\u00e7a uzun bir tarihsel s\u00fcreci kapsar. S\u00f6z konusu s\u00fcre\u00e7 i\u00e7inde b\u00f6lgeye Kazaklar\u0131n isk\u00e2n\u0131 Rusya taraf\u0131ndan \u00f6nemli bir kolonizasyon<span class=\"excerpt-hellip\"> [\u2026]<\/span><\/p>\n","protected":false},"featured_media":0,"template":"","meta":{"_monsterinsights_skip_tracking":false,"_monsterinsights_sitenote_active":false,"_monsterinsights_sitenote_note":"","_monsterinsights_sitenote_category":0},"product_brand":[],"product_cat":[12370,12304],"product_tag":[],"class_list":{"0":"post-729312","1":"product","2":"type-product","3":"status-publish","5":"product_cat-arastirma-inceleme","6":"product_cat-tarih","7":"pa_cilt-ciltsiz","8":"pa_tur-kitap","9":"pa_yayinevi-koyusiyah-kitap","10":"pa_yazar-didem-catalkilic","12":"first","13":"instock","14":"sale","15":"shipping-taxable","16":"purchasable","17":"product-type-simple"},"_links":{"self":[{"href":"https:\/\/roveyayinevi.com.tr\/index.php\/wp-json\/wp\/v2\/product\/729312","targetHints":{"allow":["GET"]}}],"collection":[{"href":"https:\/\/roveyayinevi.com.tr\/index.php\/wp-json\/wp\/v2\/product"}],"about":[{"href":"https:\/\/roveyayinevi.com.tr\/index.php\/wp-json\/wp\/v2\/types\/product"}],"wp:attachment":[{"href":"https:\/\/roveyayinevi.com.tr\/index.php\/wp-json\/wp\/v2\/media?parent=729312"}],"wp:term":[{"taxonomy":"product_brand","embeddable":true,"href":"https:\/\/roveyayinevi.com.tr\/index.php\/wp-json\/wp\/v2\/product_brand?post=729312"},{"taxonomy":"product_cat","embeddable":true,"href":"https:\/\/roveyayinevi.com.tr\/index.php\/wp-json\/wp\/v2\/product_cat?post=729312"},{"taxonomy":"product_tag","embeddable":true,"href":"https:\/\/roveyayinevi.com.tr\/index.php\/wp-json\/wp\/v2\/product_tag?post=729312"}],"curies":[{"name":"wp","href":"https:\/\/api.w.org\/{rel}","templated":true}]}}