{"id":729311,"date":"2025-08-27T20:54:02","date_gmt":"2025-08-27T17:54:02","guid":{"rendered":"https:\/\/roveyayinevi.com.tr\/index.php\/urun\/10x-kurali\/"},"modified":"2026-04-16T02:37:06","modified_gmt":"2026-04-15T23:37:06","slug":"10x-kurali","status":"publish","type":"product","link":"https:\/\/roveyayinevi.com.tr\/index.php\/urun\/10x-kurali\/","title":{"rendered":"10X Kural\u0131"},"content":{"rendered":"<p>\u201cBa\u015far\u0131l\u0131 ve ba\u015far\u0131s\u0131z insanlar aras\u0131ndaki en b\u00fcy\u00fck farklardan biri, ilkinin \u00e7\u00f6zmek i\u00e7in sorun aramas\u0131yken, ikincinin bunlardan ka\u00e7\u0131nmak i\u00e7in her t\u00fcrl\u00fc \u00e7abay\u0131 g\u00f6stermesidir.\u201d   \u015eimdiye dek do\u011fru oldu\u011funu d\u00fc\u015f\u00fcnd\u00fc\u011f\u00fcn\u00fcz her \u015feyi unutun! 10X Kural\u0131 ba\u015far\u0131l\u0131 olmak i\u00e7in neler gerekti\u011fini basitle\u015ftirerek a\u00e7\u0131kl\u0131yor. A\u015fa\u011f\u0131daki sorulara ve daha nicelerine cevap bu kitapta!   \u2022 Hedeflerinizi nas\u0131l koyman\u0131z gerekir? \u2022 \u0130mk\u00e2ns\u0131z g\u00f6r\u00fcnen hedeflerinize nas\u0131l ula\u015fabilirsiniz? \u2022 Hayat\u0131n\u0131z\u0131n her alan\u0131nda nas\u0131l tatmin olursunuz? \u2022 Korkuyu gerilemek de\u011fil, ilerlemek i\u00e7in nas\u0131l kullanabilirsiniz? \u2022 Ba\u015far\u0131l\u0131 insanlar i\u015flerini nas\u0131l b\u00fcy\u00fct\u00fcyor? \u2022 Sekt\u00f6r\u00fcn\u00fcze nas\u0131l h\u00fckmedersiniz?   Kim normal ya da s\u0131radan olmak ister ki? 10X Kural\u0131 ba\u015far\u0131l\u0131 insanlar\u0131n sahip oldu\u011fu d\u00fc\u015f\u00fcnce yap\u0131s\u0131na sizin de ula\u015fman\u0131z\u0131 sa\u011flayacak olan bir rehber kitap. Bu kitapta anlat\u0131lanlar\u0131 uygulamak i\u00e7in \u00f6zel bir e\u011fitime, yetene\u011fe ya da \u015fansa ihtiyac\u0131n\u0131z yok. Sadece ba\u015far\u0131ya kar\u015f\u0131 bak\u0131\u015f a\u00e7\u0131n\u0131z\u0131 de\u011fi\u015ftirmeniz gerek.   Bu kitap tam da bu noktada devreye giriyor ve kendinize g\u00fcveninizi nas\u0131l art\u0131raca\u011f\u0131n\u0131z\u0131, b\u00fcy\u00fck ba\u015far\u0131lar i\u00e7in gereken aksiyonlar\u0131 nas\u0131l alman\u0131z gerekti\u011fini ve bu disiplini hayat\u0131n\u0131z\u0131n her alan\u0131nda nas\u0131l uygulayabilece\u011finizi anlat\u0131yor.   \u201cGrant Cardone kitab\u0131yla tam on ikiden vuruyor, insanlar\u0131n ba\u015far\u0131ya ula\u015fmalar\u0131n\u0131n arkas\u0131nda yatan ger\u00e7ek nedeni anlat\u0131yor.\u201d Brian Tracy, Yazar   \u201cGrant Cardone 10X Kural\u0131\u2019nda ba\u015far\u0131ya ula\u015fmak i\u00e7in ge\u00e7mi\u015finizin, genetik yap\u0131n\u0131z\u0131n ya da ki\u015fisel ba\u011flant\u0131lar\u0131n\u0131z\u0131n hi\u00e7 de \u00f6nem ta\u015f\u0131mad\u0131\u011f\u0131n\u0131 g\u00f6steriyor.\u201d Gary Stern, Gazeteci   \u201cBu kitaba bay\u0131ld\u0131m. 10X Kural\u0131 sonuna kadar hakl\u0131! Pek \u00e7ok insan\u0131n g\u00f6rmezden geldi\u011fi ve sonra \u2018Niye ba\u015far\u0131s\u0131z oldum?\u2019 diye sordu\u011fu o b\u00fcy\u00fck problemi ele al\u0131yor: Emek!\u201d Larry Winget, New York Times \u00e7oksatan yazar\u0131   \u201cGrant Cardone insanlara, arzulad\u0131klar\u0131 ba\u015far\u0131ya ula\u015fabilmeleri i\u00e7in ne yapmalar\u0131 gerekti\u011fini g\u00f6steriyor! Bu kitap, okurlar\u0131 derinden sarsacak!\u201d Barry Poznick, Prod\u00fckt\u00f6r   \u201cE\u011fer hayat\u0131n\u0131zda hedef koymak sizin i\u00e7in pek de \u00f6nemli de\u011filse 10X Kural\u0131\u2019n\u0131 okuyarak vakit kaybetmeyin. E\u011fer okuyacaksan\u0131z bilin ki Grant\u2019\u0131n kitab\u0131 bu konuda yeni bir mihenk ta\u015f\u0131. Bir arkada\u015f\u0131n\u0131za ya da meslekta\u015f\u0131n\u0131za hediye edin ve onlar\u0131n da hayatlar\u0131 de\u011fi\u015fsin.\u201d Bill Jenkins, Kawasaki Motor Amerika Ulusal Sat\u0131\u015f M\u00fcd\u00fcr\u00fc <\/p>\n","protected":false},"excerpt":{"rendered":"<p>\u201cBa\u015far\u0131l\u0131 ve ba\u015far\u0131s\u0131z insanlar aras\u0131ndaki en b\u00fcy\u00fck farklardan biri, ilkinin \u00e7\u00f6zmek i\u00e7in sorun aramas\u0131yken, ikincinin bunlardan ka\u00e7\u0131nmak i\u00e7in her t\u00fcrl\u00fc \u00e7abay\u0131 g\u00f6stermesidir.\u201d \u015eimdiye dek do\u011fru oldu\u011funu<span class=\"excerpt-hellip\"> [\u2026]<\/span><\/p>\n","protected":false},"featured_media":0,"template":"","meta":{"_monsterinsights_skip_tracking":false,"_monsterinsights_sitenote_active":false,"_monsterinsights_sitenote_note":"","_monsterinsights_sitenote_category":0},"product_brand":[],"product_cat":[12364,12376],"product_tag":[],"class_list":{"0":"post-729311","1":"product","2":"type-product","3":"status-publish","5":"product_cat-genel-konular","6":"product_cat-kisisel-gelisim","7":"pa_cilt-ciltsiz","8":"pa_tur-kitap","9":"pa_yayinevi-epsilon-yayinlari","10":"pa_yazar-grant-cardone","12":"first","13":"instock","14":"sale","15":"shipping-taxable","16":"purchasable","17":"product-type-simple"},"_links":{"self":[{"href":"https:\/\/roveyayinevi.com.tr\/index.php\/wp-json\/wp\/v2\/product\/729311","targetHints":{"allow":["GET"]}}],"collection":[{"href":"https:\/\/roveyayinevi.com.tr\/index.php\/wp-json\/wp\/v2\/product"}],"about":[{"href":"https:\/\/roveyayinevi.com.tr\/index.php\/wp-json\/wp\/v2\/types\/product"}],"wp:attachment":[{"href":"https:\/\/roveyayinevi.com.tr\/index.php\/wp-json\/wp\/v2\/media?parent=729311"}],"wp:term":[{"taxonomy":"product_brand","embeddable":true,"href":"https:\/\/roveyayinevi.com.tr\/index.php\/wp-json\/wp\/v2\/product_brand?post=729311"},{"taxonomy":"product_cat","embeddable":true,"href":"https:\/\/roveyayinevi.com.tr\/index.php\/wp-json\/wp\/v2\/product_cat?post=729311"},{"taxonomy":"product_tag","embeddable":true,"href":"https:\/\/roveyayinevi.com.tr\/index.php\/wp-json\/wp\/v2\/product_tag?post=729311"}],"curies":[{"name":"wp","href":"https:\/\/api.w.org\/{rel}","templated":true}]}}