{"id":729310,"date":"2025-08-27T20:54:01","date_gmt":"2025-08-27T17:54:01","guid":{"rendered":"https:\/\/roveyayinevi.com.tr\/index.php\/urun\/bir-cocuk-askerin-anilari\/"},"modified":"2026-04-16T02:37:06","modified_gmt":"2026-04-15T23:37:06","slug":"bir-cocuk-askerin-anilari","status":"publish","type":"product","link":"https:\/\/roveyayinevi.com.tr\/index.php\/urun\/bir-cocuk-askerin-anilari\/","title":{"rendered":"Bir \u00c7ocuk Askerin An\u0131lar\u0131"},"content":{"rendered":"<p>Bir \u00e7ocuk askerin g\u00f6z\u00fcnden sava\u015f nas\u0131l bir \u015feydir? \u0130nsan bir katile nas\u0131l d\u00f6n\u00fc\u015f\u00fcr? Sonras\u0131nda hayat\u0131na nas\u0131l devam eder?   \u201cY\u00fcrek burkan, b\u00fcy\u00fcleyici bir hik\u00e2ye. Beah\u2019n\u0131n inan\u0131lmaz destan\u0131, ince ruhlu insanlar\u0131n iyilik ve cesaretin yan\u0131nda muazzam bir vah\u015fete de muktedir oldu\u011fu dersini veriyor. Okurken solu\u011funuz kesilecek.\u201d \u2014 Walter Isaacson, Steve Jobs ve Leonardo da Vinci biyografilerinin yazar\u0131   Bir\u00e7ok gazeteci ve yazar, \u00e7ocuk askerlerin ya\u015famlar\u0131na dair hayali hik\u00e2yeler yazd\u0131. Ancak ger\u00e7ek bir hik\u00e2yeyi, cehennem ko\u015fullar\u0131na ra\u011fmen hayatta kalmay\u0131 ba\u015faran birinin a\u011fz\u0131ndan dinlemek pek s\u0131k rastlanan bir \u015fey de\u011fil. Daha \u00f6nce Uzaklara Giden Yol ad\u0131yla da yay\u0131mlanan Bir \u00c7ocuk Askerin An\u0131lar\u0131&#8217;nda Ishmael Beah, y\u00fcrek burkan hik\u00e2yesini \u00e7arp\u0131c\u0131 bir d\u00fcr\u00fcstl\u00fckle anlat\u0131yor.   On iki ya\u015f\u0131nda, sivillere sald\u0131ran isyanc\u0131lardan ka\u00e7\u0131p \u015fiddetin tan\u0131nmayacak h\u00e2le getirdi\u011fi topraklarda g\u00fcvenli bir yer bulabilmek i\u00e7in yollara d\u00fc\u015ft\u00fc.   On \u00fc\u00e7 ya\u015f\u0131nda, devletin ordusu taraf\u0131ndan asker olmak \u00fczere se\u00e7ildi ve merhametli bir \u00e7ocuk olan Beah, mecbur b\u0131rak\u0131ld\u0131\u011f\u0131nda korkun\u00e7 \u015feyler yapabilmeye muktedir oldu\u011funu g\u00f6rd\u00fc.   On alt\u0131 ya\u015f\u0131nda, UNICEF taraf\u0131ndan i\u00e7inde bulundu\u011fu vah\u015fetten kurtar\u0131ld\u0131. Beah, rehabilitasyon merkezindeki uzmanlar\u0131n yard\u0131mlar\u0131yla iyile\u015fme yolunda ilk ad\u0131m\u0131n\u0131 atarak zamanla yaralar\u0131n\u0131 sarmay\u0131, kendini affetmeyi ve insanl\u0131\u011f\u0131n\u0131 geri kazanmay\u0131 \u00f6\u011frendi. Bir \u00c7ocuk Askerin An\u0131lar\u0131\u2019nda yapt\u0131\u011f\u0131 \u015fey de \u00e2deta bu iyile\u015fmenin kan\u0131t\u0131 oldu. Ac\u0131 dolu an\u0131lar\u0131n\u0131 yazarak hem kendi ge\u00e7mi\u015fiyle bar\u0131\u015ft\u0131 hem de anlatt\u0131klar\u0131yla klasik tarih yaz\u0131m\u0131na alternatif ger\u00e7ekli\u011fini sundu: Silah\u0131 tutan el ve namlunun ucundaki kurban her zaman farkl\u0131 insanlar olmuyordu.     \u201cOla\u011fan\u00fcst\u00fc\u2026 S\u0131radan \u00e7ocuklar\u0131n nas\u0131l birer profesyonel katile d\u00f6n\u00fc\u015febildi\u011fine dair ac\u0131mas\u0131z ve karanl\u0131k bir anlat\u0131m.\u201d \u2014 The Guardian UK   \u00c7ocukluk \u00e7a\u011f\u0131nda t\u00fcm masumiyetini kaybeden merhametli bir ruhun,  bu zor \u015fartlardan nas\u0131l kurtuldu\u011funun nefes kesici ve objektif bir anlat\u0131s\u0131. Bir \u00c7ocuk Askerin An\u0131lar\u0131, tam anlam\u0131yla s\u00fcr\u00fckleyici bir an\u0131 kitab\u0131. \u2014 Time Magazine   Bir \u00c7ocuk Askerin An\u0131lar\u0131, sava\u015fa ve d\u00fcnya \u00e7ap\u0131ndaki \u00e7at\u0131\u015fmalarda \u00e7ocuk askerlerin s\u00fcregelen zor durumuna \u0131\u015f\u0131k tutuyor. Edebi bir dili olan yetenekli gen\u00e7 yazar\u0131n, yal\u0131n ve kolay anla\u015f\u0131l\u0131r bir \u00fcslup ile yazd\u0131\u011f\u0131 bu eserin klasikler aras\u0131na girmesi ka\u00e7\u0131n\u0131lmaz. \u2014 Publishers Weekly <\/p>\n","protected":false},"excerpt":{"rendered":"<p>Bir \u00e7ocuk askerin g\u00f6z\u00fcnden sava\u015f nas\u0131l bir \u015feydir? \u0130nsan bir katile nas\u0131l d\u00f6n\u00fc\u015f\u00fcr? Sonras\u0131nda hayat\u0131na nas\u0131l devam eder? \u201cY\u00fcrek burkan, b\u00fcy\u00fcleyici bir hik\u00e2ye. Beah\u2019n\u0131n inan\u0131lmaz destan\u0131,<span class=\"excerpt-hellip\"> [\u2026]<\/span><\/p>\n","protected":false},"featured_media":0,"template":"","meta":{"_monsterinsights_skip_tracking":false,"_monsterinsights_sitenote_active":false,"_monsterinsights_sitenote_note":"","_monsterinsights_sitenote_category":0},"product_brand":[],"product_cat":[13701,12291],"product_tag":[],"class_list":{"0":"post-729310","1":"product","2":"type-product","3":"status-publish","5":"product_cat-ani-mektup-gunluk","6":"product_cat-edebiyat","7":"pa_cilt-ciltsiz","8":"pa_tur-kitap","9":"pa_yayinevi-epsilon-yayinlari","10":"pa_yazar-ishmael-beah","12":"first","13":"instock","14":"sale","15":"shipping-taxable","16":"purchasable","17":"product-type-simple"},"_links":{"self":[{"href":"https:\/\/roveyayinevi.com.tr\/index.php\/wp-json\/wp\/v2\/product\/729310","targetHints":{"allow":["GET"]}}],"collection":[{"href":"https:\/\/roveyayinevi.com.tr\/index.php\/wp-json\/wp\/v2\/product"}],"about":[{"href":"https:\/\/roveyayinevi.com.tr\/index.php\/wp-json\/wp\/v2\/types\/product"}],"wp:attachment":[{"href":"https:\/\/roveyayinevi.com.tr\/index.php\/wp-json\/wp\/v2\/media?parent=729310"}],"wp:term":[{"taxonomy":"product_brand","embeddable":true,"href":"https:\/\/roveyayinevi.com.tr\/index.php\/wp-json\/wp\/v2\/product_brand?post=729310"},{"taxonomy":"product_cat","embeddable":true,"href":"https:\/\/roveyayinevi.com.tr\/index.php\/wp-json\/wp\/v2\/product_cat?post=729310"},{"taxonomy":"product_tag","embeddable":true,"href":"https:\/\/roveyayinevi.com.tr\/index.php\/wp-json\/wp\/v2\/product_tag?post=729310"}],"curies":[{"name":"wp","href":"https:\/\/api.w.org\/{rel}","templated":true}]}}