{"id":729309,"date":"2025-08-27T20:54:01","date_gmt":"2025-08-27T17:54:01","guid":{"rendered":"https:\/\/roveyayinevi.com.tr\/index.php\/urun\/adan-zye-tibbi-yaglar-ve-aromatik-sular\/"},"modified":"2026-04-16T02:37:06","modified_gmt":"2026-04-15T23:37:06","slug":"adan-zye-tibbi-yaglar-ve-aromatik-sular","status":"publish","type":"product","link":"https:\/\/roveyayinevi.com.tr\/index.php\/urun\/adan-zye-tibbi-yaglar-ve-aromatik-sular\/","title":{"rendered":"A\u2019dan Z\u2019ye T\u0131bbi Ya\u011flar ve Aromatik Sular"},"content":{"rendered":"<p>6 Profes\u00f6rden 262 T\u0131bbi Ya\u011f, Ya\u011fl\u0131 \u00dcr\u00fcn ve 42 Aromatik Su ile \u0130lgili Merak Etti\u011finiz Her \u015eey     T\u0131bbi bitkiler ve bu bitkilerden elde edilen \u00fcr\u00fcnler (t\u0131bbi ya\u011flar, re\u00e7ineler, balsamlar, ya\u011f ta\u015f\u0131yan bitkilerden hareketle haz\u0131rlanan aromatik sular, maseratlar ve anflorajlar) ile yap\u0131lan uygulamalar, insanl\u0131\u011f\u0131n olu\u015fturdu\u011fu bilinen en eski tedavi y\u00f6ntemleridir. Binlerce y\u0131ld\u0131r denenmi\u015f sonu\u00e7lar\u0131 insanl\u0131k k\u00fclt\u00fcr\u00fcn\u00fcn haf\u0131zas\u0131na kaydedilmi\u015f ve modern t\u0131bb\u0131n olanaklar\u0131yla kullan\u0131m alanlar\u0131 geli\u015ftirilmi\u015ftir. Di\u011fer bir deyi\u015fle, insanl\u0131k tarihi ve do\u011fan\u0131n \u00fcr\u00fcnleridir. Hem ruhun hem de bedenin iyile\u015ftirilmesi i\u00e7in geni\u015f bir kullan\u0131m alan\u0131na sahiptir.   Kitapta, her ya\u011f\u0131n elde edili\u015fi, bilimsel ad\u0131, rengi, kokusu, k\u0131vam\u0131 ve notas\u0131n\u0131n yan\u0131 s\u0131ra etkileri, kullan\u0131l\u0131\u015f \u015fekilleri, uyar\u0131lar ve saklama ko\u015fullar\u0131na kadar gerekli her t\u00fcrl\u00fc bilgi sunulmu\u015ftur. Kitab\u0131n kolay anla\u015f\u0131labilmesi i\u00e7in sade bir dil kullan\u0131lm\u0131\u015f ve her \u00fcr\u00fcn ile ilgili bilgilerin 1-2 sayfay\u0131 ge\u00e7memesine \u00f6zen g\u00f6sterilmi\u015ftir.   Bu kitapta 136 u\u00e7ucu ya\u011f, 12 absol\u00fc, 1 anfloraj, 18 re\u00e7ine ve balsam, 42 aromatik su (hidrosol-hidrolat), 65 sabit ya\u011f ve 27 ya\u011fl\u0131 maserat ile birlikte ozonlanm\u0131\u015f ya\u011flar\u0131 da i\u00e7eren toplam 304 monograf\u0131 sizinle bulu\u015fturuyoruz.   Aralar\u0131nda Avrupa Farmakopesi (EDQM) 13\/B uzmanlar grubu \u00fcyesi bir profes\u00f6r\u00fcn de bulundu\u011fu, yurti\u00e7inde ve yurtd\u0131\u015f\u0131nda pek \u00e7ok bilimsel dergide makaleleri yay\u0131nlanan 6 profes\u00f6rden olu\u015fan bir yazarlar grubunun haz\u0131rlad\u0131\u011f\u0131 bu kitapta, A\u2019dan Z\u2019ye hangi hastal\u0131k i\u00e7in hangi \u00fcr\u00fcn\u00fcn kullan\u0131laca\u011f\u0131n\u0131 g\u00f6steren T\u0131bbi Etki Dizini de yer al\u0131yor. Kitap, yazarlar\u0131n uzun y\u0131llara dayanan bilgi birikimlerinin 490 bilimsel kaynak ve 121 bilimsel ve kurumsal web sitesi \u00fczerinde yap\u0131lan inceleme ve de\u011ferlendirmeler ile harmanlanmas\u0131 sonucunda kaleme al\u0131narak okuyucuya sunulmu\u015ftur.   Okurlar\u0131m\u0131z\u0131n g\u00fczel kokular\u0131n b\u00fcy\u00fcl\u00fc d\u00fcnyas\u0131ndan sa\u011fl\u0131kla yararlanmalar\u0131 dileklerimizle&#8230; <\/p>\n","protected":false},"excerpt":{"rendered":"<p>6 Profes\u00f6rden 262 T\u0131bbi Ya\u011f, Ya\u011fl\u0131 \u00dcr\u00fcn ve 42 Aromatik Su ile \u0130lgili Merak Etti\u011finiz Her \u015eey T\u0131bbi bitkiler ve bu bitkilerden elde edilen \u00fcr\u00fcnler (t\u0131bbi<span class=\"excerpt-hellip\"> [\u2026]<\/span><\/p>\n","protected":false},"featured_media":0,"template":"","meta":{"_monsterinsights_skip_tracking":false,"_monsterinsights_sitenote_active":false,"_monsterinsights_sitenote_note":"","_monsterinsights_sitenote_category":0},"product_brand":[],"product_cat":[13397,13365],"product_tag":[],"class_list":{"0":"post-729309","1":"product","2":"type-product","3":"status-publish","5":"product_cat-alternatif-tip-sifali-bitkiler","6":"product_cat-saglik","7":"pa_cilt-ciltsiz","8":"pa_tur-kitap","9":"pa_yayinevi-hayykitap","10":"pa_yazar-hayy-kolektif","12":"first","13":"instock","14":"sale","15":"shipping-taxable","16":"purchasable","17":"product-type-simple"},"_links":{"self":[{"href":"https:\/\/roveyayinevi.com.tr\/index.php\/wp-json\/wp\/v2\/product\/729309","targetHints":{"allow":["GET"]}}],"collection":[{"href":"https:\/\/roveyayinevi.com.tr\/index.php\/wp-json\/wp\/v2\/product"}],"about":[{"href":"https:\/\/roveyayinevi.com.tr\/index.php\/wp-json\/wp\/v2\/types\/product"}],"wp:attachment":[{"href":"https:\/\/roveyayinevi.com.tr\/index.php\/wp-json\/wp\/v2\/media?parent=729309"}],"wp:term":[{"taxonomy":"product_brand","embeddable":true,"href":"https:\/\/roveyayinevi.com.tr\/index.php\/wp-json\/wp\/v2\/product_brand?post=729309"},{"taxonomy":"product_cat","embeddable":true,"href":"https:\/\/roveyayinevi.com.tr\/index.php\/wp-json\/wp\/v2\/product_cat?post=729309"},{"taxonomy":"product_tag","embeddable":true,"href":"https:\/\/roveyayinevi.com.tr\/index.php\/wp-json\/wp\/v2\/product_tag?post=729309"}],"curies":[{"name":"wp","href":"https:\/\/api.w.org\/{rel}","templated":true}]}}