{"id":729307,"date":"2025-08-27T20:53:58","date_gmt":"2025-08-27T17:53:58","guid":{"rendered":"https:\/\/roveyayinevi.com.tr\/index.php\/urun\/kagit-prenses\/"},"modified":"2026-04-16T02:37:06","modified_gmt":"2026-04-15T23:37:06","slug":"kagit-prenses","status":"publish","type":"product","link":"https:\/\/roveyayinevi.com.tr\/index.php\/urun\/kagit-prenses\/","title":{"rendered":"Ka\u011f\u0131t Prenses"},"content":{"rendered":"<p>Ella Harper ne olursa olsun hayatta kalmay\u0131 ba\u015far\u0131rd\u0131. T\u00fcm hayat\u0131n\u0131 annesinin pe\u015finde oradan oraya s\u00fcr\u00fcklenerek ve bir g\u00fcn bu \u00e7amurun i\u00e7inden \u00e7\u0131kaca\u011f\u0131n\u0131 umarak ge\u00e7irmi\u015fti. Annesinin ani \u00f6l\u00fcm\u00fcyle ise art\u0131k yapayaln\u0131zd\u0131. Ta ki Callum Royal birden ortaya \u00e7\u0131kana kadar.   Ella\u2019y\u0131 \u00f6zel okullar, malik\u00e2neler ve ondan nefret eden be\u015f erkek karde\u015f bekliyordu. Hepsi birbirinden \u00e7ekici ve zalim olsa da, ondan kurtulmak i\u00e7in her \u015feyi yapabilecek olan Reed Royal\u2019la boy \u00f6l\u00e7\u00fc\u015femezlerdi. Ella\u2019n\u0131n oraya ait olmad\u0131\u011f\u0131n\u0131 d\u00fc\u015f\u00fcnen Reed belki de haks\u0131z say\u0131lmazd\u0131.   Zenginlik, \u00f6l\u00e7\u00fcs\u00fczl\u00fck, aldatma ve her kap\u0131n\u0131n ard\u0131nda ba\u015fka bir g\u00fcnahla, Ella Royal Malik\u00e2nesi\u2019nde tutunmak istiyorsa \u00f6nce kendi yolunu bulmak zorundayd\u0131.   New York Times ve USA Today \u00c7oksatan\u0131   \u201cYeti\u015fkin romantik romanlar\u0131n\u0131 aratmayan kurgusuyla, Gossip Girl seven gen\u00e7lerin tam da arad\u0131klar\u0131 kan.\u201d \u2014Kirkus   \u201cElla ve Reed hakk\u0131nda daha fazlas\u0131n\u0131 okumak i\u00e7in sab\u0131rs\u0131zlan\u0131yorum.\u201d \u2014Rachel Blaufeld   \u201cYo\u011fun, ak\u0131ldan \u00e7\u0131kmayan ve \u00e7ok ate\u015fli. Mutlaka okumal\u0131s\u0131n\u0131z.\u201d \u2014Emma Chace   \u201cKeskin bir kalemden \u00e7\u0131kma karakterler ve \u015fok edici son sayfalar\u0131yla elinizden b\u0131rakamayaca\u011f\u0131n\u0131z bir roman!\u201d \u2014Rockstars of Romance   \u201cDevam kitab\u0131n\u0131 nas\u0131l beklerim bilemiyorum!\u201d \u2014Kristen Krantz <\/p>\n","protected":false},"excerpt":{"rendered":"<p>Ella Harper ne olursa olsun hayatta kalmay\u0131 ba\u015far\u0131rd\u0131. T\u00fcm hayat\u0131n\u0131 annesinin pe\u015finde oradan oraya s\u00fcr\u00fcklenerek ve bir g\u00fcn bu \u00e7amurun i\u00e7inden \u00e7\u0131kaca\u011f\u0131n\u0131 umarak ge\u00e7irmi\u015fti. Annesinin ani<span class=\"excerpt-hellip\"> [\u2026]<\/span><\/p>\n","protected":false},"featured_media":0,"template":"","meta":{"_monsterinsights_skip_tracking":false,"_monsterinsights_sitenote_active":false,"_monsterinsights_sitenote_note":"","_monsterinsights_sitenote_category":0},"product_brand":[],"product_cat":[12291,12711],"product_tag":[],"class_list":{"0":"post-729307","1":"product","2":"type-product","3":"status-publish","5":"product_cat-edebiyat","6":"product_cat-roman-oyku","7":"pa_cilt-ciltsiz","8":"pa_tur-kitap","9":"pa_yayinevi-yabanci-yayinevi","10":"pa_yazar-erin-watt","12":"first","13":"instock","14":"sale","15":"shipping-taxable","16":"purchasable","17":"product-type-simple"},"_links":{"self":[{"href":"https:\/\/roveyayinevi.com.tr\/index.php\/wp-json\/wp\/v2\/product\/729307","targetHints":{"allow":["GET"]}}],"collection":[{"href":"https:\/\/roveyayinevi.com.tr\/index.php\/wp-json\/wp\/v2\/product"}],"about":[{"href":"https:\/\/roveyayinevi.com.tr\/index.php\/wp-json\/wp\/v2\/types\/product"}],"wp:attachment":[{"href":"https:\/\/roveyayinevi.com.tr\/index.php\/wp-json\/wp\/v2\/media?parent=729307"}],"wp:term":[{"taxonomy":"product_brand","embeddable":true,"href":"https:\/\/roveyayinevi.com.tr\/index.php\/wp-json\/wp\/v2\/product_brand?post=729307"},{"taxonomy":"product_cat","embeddable":true,"href":"https:\/\/roveyayinevi.com.tr\/index.php\/wp-json\/wp\/v2\/product_cat?post=729307"},{"taxonomy":"product_tag","embeddable":true,"href":"https:\/\/roveyayinevi.com.tr\/index.php\/wp-json\/wp\/v2\/product_tag?post=729307"}],"curies":[{"name":"wp","href":"https:\/\/api.w.org\/{rel}","templated":true}]}}