{"id":729302,"date":"2025-08-27T20:53:53","date_gmt":"2025-08-27T17:53:53","guid":{"rendered":"https:\/\/roveyayinevi.com.tr\/index.php\/urun\/anadolu-efsanelerinin-pesinde\/"},"modified":"2026-04-16T02:37:06","modified_gmt":"2026-04-15T23:37:06","slug":"anadolu-efsanelerinin-pesinde","status":"publish","type":"product","link":"https:\/\/roveyayinevi.com.tr\/index.php\/urun\/anadolu-efsanelerinin-pesinde\/","title":{"rendered":"Anadolu Efsanelerinin Pe\u015finde"},"content":{"rendered":"<p>Anadolu efsanelerinin pe\u015finde Dola\u015f\u0131yoruz zaman t\u00fcnelinde Anlat\u0131lm\u0131\u015f hep dilden dile Saklanm\u0131\u015f ge\u00e7mi\u015fin derinliklerinde Var m\u0131s\u0131n\u0131z efsanelerle gezintiye?   Mavisel Yener, gezginlerin izlerini kovalad\u0131 Efsaneleri derledi toplad\u0131 \u0130pe dizdi, ovalad\u0131 Zaman t\u00fcnelinde bekletti S\u00fcsledi, abartt\u0131, kabartt\u0131 Ara\u015ft\u0131rd\u0131, kar\u0131\u015ft\u0131rd\u0131, pi\u015firdi Bir tutam da hayal katt\u0131, sizin i\u00e7in anlatt\u0131. <\/p>\n","protected":false},"excerpt":{"rendered":"<p>Anadolu efsanelerinin pe\u015finde Dola\u015f\u0131yoruz zaman t\u00fcnelinde Anlat\u0131lm\u0131\u015f hep dilden dile Saklanm\u0131\u015f ge\u00e7mi\u015fin derinliklerinde Var m\u0131s\u0131n\u0131z efsanelerle gezintiye? Mavisel Yener, gezginlerin izlerini kovalad\u0131 Efsaneleri derledi toplad\u0131 \u0130pe<span class=\"excerpt-hellip\"> [\u2026]<\/span><\/p>\n","protected":false},"featured_media":0,"template":"","meta":{"_monsterinsights_skip_tracking":false,"_monsterinsights_sitenote_active":false,"_monsterinsights_sitenote_note":"","_monsterinsights_sitenote_category":0},"product_brand":[],"product_cat":[12274,12284],"product_tag":[],"class_list":{"0":"post-729302","1":"product","2":"type-product","3":"status-publish","5":"product_cat-cocuk-ve-genclik-kitaplari","6":"product_cat-hikayeler","7":"pa_cilt-ciltsiz","8":"pa_tur-kitap","9":"pa_yayinevi-dogan-egmont-yayincilik","10":"pa_yazar-mavisel-yener","12":"first","13":"instock","14":"sale","15":"shipping-taxable","16":"purchasable","17":"product-type-simple"},"_links":{"self":[{"href":"https:\/\/roveyayinevi.com.tr\/index.php\/wp-json\/wp\/v2\/product\/729302","targetHints":{"allow":["GET"]}}],"collection":[{"href":"https:\/\/roveyayinevi.com.tr\/index.php\/wp-json\/wp\/v2\/product"}],"about":[{"href":"https:\/\/roveyayinevi.com.tr\/index.php\/wp-json\/wp\/v2\/types\/product"}],"wp:attachment":[{"href":"https:\/\/roveyayinevi.com.tr\/index.php\/wp-json\/wp\/v2\/media?parent=729302"}],"wp:term":[{"taxonomy":"product_brand","embeddable":true,"href":"https:\/\/roveyayinevi.com.tr\/index.php\/wp-json\/wp\/v2\/product_brand?post=729302"},{"taxonomy":"product_cat","embeddable":true,"href":"https:\/\/roveyayinevi.com.tr\/index.php\/wp-json\/wp\/v2\/product_cat?post=729302"},{"taxonomy":"product_tag","embeddable":true,"href":"https:\/\/roveyayinevi.com.tr\/index.php\/wp-json\/wp\/v2\/product_tag?post=729302"}],"curies":[{"name":"wp","href":"https:\/\/api.w.org\/{rel}","templated":true}]}}