{"id":729300,"date":"2025-08-27T20:53:51","date_gmt":"2025-08-27T17:53:51","guid":{"rendered":"https:\/\/roveyayinevi.com.tr\/index.php\/urun\/dunyanin-merkezine-yolculuk-10\/"},"modified":"2026-04-16T02:37:06","modified_gmt":"2026-04-15T23:37:06","slug":"dunyanin-merkezine-yolculuk-10","status":"publish","type":"product","link":"https:\/\/roveyayinevi.com.tr\/index.php\/urun\/dunyanin-merkezine-yolculuk-10\/","title":{"rendered":"D\u00fcnyan\u0131n Merkezine Yolculuk"},"content":{"rendered":"<p>Axel Lindenbrock, amcas\u0131 Profes\u00f6r Lindenbrock\u00b4la birlikte \u00e7al\u0131\u015fmaktad\u0131r. Bir g\u00fcn profes\u00f6r, eski bir el yazmas\u0131n\u0131n i\u00e7inde bir \u015fifre bulur ve hayatlar\u0131 de\u011fi\u015fir. 16. y\u00fczy\u0131l\u0131n \u00fcnl\u00fc \u0130zlandal\u0131 bilgini Arne Saknussemm, bu \u015fifrede, \u0130zlanda\u00b4daki s\u00f6nm\u00fc\u015f bir yanarda\u011f\u0131n D\u00fcnya\u00b4n\u0131n merkezine indi\u011fini a\u00e7\u0131klamaktad\u0131r. Axel\u00b4in t\u00fcm itirazlar\u0131 ve ku\u015fkular\u0131na ra\u011fmen bu yolculu\u011fa \u00e7\u0131karlar. Profes\u00f6r Lindenbrock ve ye\u011feni Axel \u0130zlanda\u00b4ya gider ve yanarda\u011f\u0131n gizemli derinliklerine inerler. Kahramanlar\u0131m\u0131z\u0131 yerin alt\u0131nda s\u00fcrprizler ile dolu bir yolculuk beklemektedir. <\/p>\n","protected":false},"excerpt":{"rendered":"<p>Axel Lindenbrock, amcas\u0131 Profes\u00f6r Lindenbrock\u00b4la birlikte \u00e7al\u0131\u015fmaktad\u0131r. Bir g\u00fcn profes\u00f6r, eski bir el yazmas\u0131n\u0131n i\u00e7inde bir \u015fifre bulur ve hayatlar\u0131 de\u011fi\u015fir. 16. y\u00fczy\u0131l\u0131n \u00fcnl\u00fc \u0130zlandal\u0131 bilgini<span class=\"excerpt-hellip\"> [\u2026]<\/span><\/p>\n","protected":false},"featured_media":0,"template":"","meta":{"_monsterinsights_skip_tracking":false,"_monsterinsights_sitenote_active":false,"_monsterinsights_sitenote_note":"","_monsterinsights_sitenote_category":0},"product_brand":[],"product_cat":[12275,12274],"product_tag":[],"class_list":{"0":"post-729300","1":"product","2":"type-product","3":"status-publish","5":"product_cat-6-12-yas-kitaplari","6":"product_cat-cocuk-ve-genclik-kitaplari","7":"pa_cilt-ciltsiz","8":"pa_tur-kitap","9":"pa_yayinevi-sifir6-yayinevi","10":"pa_yazar-jules-verne","12":"first","13":"instock","14":"sale","15":"shipping-taxable","16":"purchasable","17":"product-type-simple"},"_links":{"self":[{"href":"https:\/\/roveyayinevi.com.tr\/index.php\/wp-json\/wp\/v2\/product\/729300","targetHints":{"allow":["GET"]}}],"collection":[{"href":"https:\/\/roveyayinevi.com.tr\/index.php\/wp-json\/wp\/v2\/product"}],"about":[{"href":"https:\/\/roveyayinevi.com.tr\/index.php\/wp-json\/wp\/v2\/types\/product"}],"wp:attachment":[{"href":"https:\/\/roveyayinevi.com.tr\/index.php\/wp-json\/wp\/v2\/media?parent=729300"}],"wp:term":[{"taxonomy":"product_brand","embeddable":true,"href":"https:\/\/roveyayinevi.com.tr\/index.php\/wp-json\/wp\/v2\/product_brand?post=729300"},{"taxonomy":"product_cat","embeddable":true,"href":"https:\/\/roveyayinevi.com.tr\/index.php\/wp-json\/wp\/v2\/product_cat?post=729300"},{"taxonomy":"product_tag","embeddable":true,"href":"https:\/\/roveyayinevi.com.tr\/index.php\/wp-json\/wp\/v2\/product_tag?post=729300"}],"curies":[{"name":"wp","href":"https:\/\/api.w.org\/{rel}","templated":true}]}}