{"id":729299,"date":"2025-08-27T20:53:50","date_gmt":"2025-08-27T17:53:50","guid":{"rendered":"https:\/\/roveyayinevi.com.tr\/index.php\/urun\/hayvan-ciftligi-14\/"},"modified":"2026-04-16T02:37:06","modified_gmt":"2026-04-15T23:37:06","slug":"hayvan-ciftligi-14","status":"publish","type":"product","link":"https:\/\/roveyayinevi.com.tr\/index.php\/urun\/hayvan-ciftligi-14\/","title":{"rendered":"Hayvan \u00c7iftli\u011fi"},"content":{"rendered":"<p>Bay Jones, sahibi oldu\u011fu \u00e7iftlikteki hayvanlar\u0131na iyi davranmayan, onlar\u0131 a\u00e7 b\u0131rakan ac\u0131mas\u0131z bir ki\u015fidir. Hayvanlar aras\u0131nda isyan fikrinin yay\u0131lmas\u0131n\u0131n ard\u0131ndan, k\u0131tl\u0131k ya\u015fayan hayvanlar \u00e7iflikte devrim yaparlar. Y\u00f6netimi devralan Snowball ve Napolyon o andan itibaren insan egemenli\u011finden kurtulan \u00e7iftlikte kendi d\u00fczenlerini olu\u015ftururlar. Bay Jones\u2019un \u00e7iftli\u011fine art\u0131k Hayvan \u00c7iftli\u011fi ismi verilmi\u015ftir ve \u00fclke genelinde hayvanlar taraf\u0131ndan y\u00f6netilen tek \u00e7iftlik olarak varl\u0131\u011f\u0131n\u0131 s\u00fcrd\u00fcrmeye \u00e7al\u0131\u015facakt\u0131r. George Orwell\u2019in Stalinizm\u2019i ele\u015ftirmek amac\u0131yla yazd\u0131\u011f\u0131 Hayvan \u00c7iftli\u011fi d\u00f6nemine damga vurmu\u015f fabl t\u00fcr\u00fcnde bir hicivdir. Hayvan \u00c7iftli\u011fi, hayvanlar\u0131n kendi i\u00e7lerindeki karma\u015f\u0131k ili\u015fkileri ve insanlara kar\u015f\u0131 tav\u0131r ve davran\u0131\u015flar\u0131n\u0131 okurken yer yer g\u00fcld\u00fcrecek yer yer d\u00fc\u015f\u00fcnd\u00fcrecek bir ba\u015fyap\u0131t olarak \u0130ngiliz edebiyat\u0131 tarihinde \u00f6nemli bir yer edinmi\u015ftir.<\/p>\n","protected":false},"excerpt":{"rendered":"<p>Bay Jones, sahibi oldu\u011fu \u00e7iftlikteki hayvanlar\u0131na iyi davranmayan, onlar\u0131 a\u00e7 b\u0131rakan ac\u0131mas\u0131z bir ki\u015fidir. Hayvanlar aras\u0131nda isyan fikrinin yay\u0131lmas\u0131n\u0131n ard\u0131ndan, k\u0131tl\u0131k ya\u015fayan hayvanlar \u00e7iflikte devrim yaparlar.<span class=\"excerpt-hellip\"> [\u2026]<\/span><\/p>\n","protected":false},"featured_media":0,"template":"","meta":{"_monsterinsights_skip_tracking":false,"_monsterinsights_sitenote_active":false,"_monsterinsights_sitenote_note":"","_monsterinsights_sitenote_category":0},"product_brand":[],"product_cat":[12291,12711],"product_tag":[],"class_list":{"0":"post-729299","1":"product","2":"type-product","3":"status-publish","5":"product_cat-edebiyat","6":"product_cat-roman-oyku","7":"pa_cilt-ciltsiz","8":"pa_tur-kitap","9":"pa_yayinevi-sifir6-yayinevi","10":"pa_yazar-george-orwell","12":"first","13":"instock","14":"sale","15":"shipping-taxable","16":"purchasable","17":"product-type-simple"},"_links":{"self":[{"href":"https:\/\/roveyayinevi.com.tr\/index.php\/wp-json\/wp\/v2\/product\/729299","targetHints":{"allow":["GET"]}}],"collection":[{"href":"https:\/\/roveyayinevi.com.tr\/index.php\/wp-json\/wp\/v2\/product"}],"about":[{"href":"https:\/\/roveyayinevi.com.tr\/index.php\/wp-json\/wp\/v2\/types\/product"}],"wp:attachment":[{"href":"https:\/\/roveyayinevi.com.tr\/index.php\/wp-json\/wp\/v2\/media?parent=729299"}],"wp:term":[{"taxonomy":"product_brand","embeddable":true,"href":"https:\/\/roveyayinevi.com.tr\/index.php\/wp-json\/wp\/v2\/product_brand?post=729299"},{"taxonomy":"product_cat","embeddable":true,"href":"https:\/\/roveyayinevi.com.tr\/index.php\/wp-json\/wp\/v2\/product_cat?post=729299"},{"taxonomy":"product_tag","embeddable":true,"href":"https:\/\/roveyayinevi.com.tr\/index.php\/wp-json\/wp\/v2\/product_tag?post=729299"}],"curies":[{"name":"wp","href":"https:\/\/api.w.org\/{rel}","templated":true}]}}