{"id":729297,"date":"2025-08-27T20:53:48","date_gmt":"2025-08-27T17:53:48","guid":{"rendered":"https:\/\/roveyayinevi.com.tr\/index.php\/urun\/cis\/"},"modified":"2026-04-03T02:44:32","modified_gmt":"2026-04-02T23:44:32","slug":"cis","status":"publish","type":"product","link":"https:\/\/roveyayinevi.com.tr\/index.php\/urun\/cis\/","title":{"rendered":"C\u0131s"},"content":{"rendered":"<p>Herkesin sak\u0131nd\u0131\u011f\u0131 g\u00f6zde kusura bahane diye g\u00f6sterilen bir k\u0131sa \u00e7\u00f6p, kimse b\u0131rakt\u0131\u011f\u0131 yerde bulam\u0131yor \u00fcst\u00fcne titredi\u011fini. Kadim s\u0131rr\u0131 a\u00e7\u0131k etmiyor ku\u015flar, \u00e7ocuklar en iyi yan\u0131lmay\u0131 biliyorlar h\u00e2l\u00e2. Ama neyse ki kokular var, y\u00fcz\u00fc k\u0131r\u0131\u015fmayan baz\u0131 duygular. Sonra sanr\u0131 ve zehir, \u00f6l\u00fcm ile toprak, hem de bir a\u011faca d\u00f6n\u00fc\u015ferek. Balyoz mu ezip un ufak eden bizi, bir \u00e7ift g\u00f6z m\u00fc yoksa? Art\u0131k yan\u0131m\u0131zda olmasalar da g\u00f6rebilir miyiz sevdiklerimizi h\u0131zla d\u00f6nen atl\u0131kar\u0131ncada?   \u201cC\u0131s\u201d Hakan Sar\u0131polat\u2019\u0131n, okuru usul usul sar\u0131p sarmalayan ve sonunda sarsmaktan geri durmayan \u00f6yk\u00fclerinin bir toplam\u0131. Ger\u00e7ekle d\u00fc\u015f\u00fcn birbirine kar\u0131\u015ft\u0131\u011f\u0131, didikleyen, soran ve \u015fa\u015f\u0131rtan \u00f6yk\u00fcler.   \u201cKap\u0131 \u00f6n\u00fcndeki k\u00f6pek beni g\u00f6r\u00fcnce ayaklan\u0131p rahat\u0131n\u0131 bozdu\u011fumu belli edercesine homurdand\u0131. Uzunca gerindikten sonra eski yerine g\u00f6m\u00fcl\u00fcp uyumaya devam etti. Kar\u0131n sert ayaz\u0131 surat\u0131m\u0131 b\u0131\u00e7ak gibi kesiyordu. Paltomun yakas\u0131n\u0131 kald\u0131r\u0131p k\u00f6ye bakt\u0131m. Ay\u0131n \u00f6lg\u00fcn \u0131\u015f\u0131\u011f\u0131 evlerin kararm\u0131\u015f suratlar\u0131nda titre\u015fiyordu. Bir s\u00fcre hi\u00e7 k\u0131m\u0131ldamadan dinledim. Kahvedekilerin k\u00fcf\u00fcrleri ve birbirine \u00e7arpan dallar\u0131n sesleri aras\u0131ndan arad\u0131\u011f\u0131m sesi buluverdim. Ormandan geliyordu. Karlar\u0131 g\u0131c\u0131rt\u0131yla ezerek y\u00fcr\u00fcmeye ba\u015flad\u0131m.\u201d  <\/p>\n","protected":false},"excerpt":{"rendered":"<p>Herkesin sak\u0131nd\u0131\u011f\u0131 g\u00f6zde kusura bahane diye g\u00f6sterilen bir k\u0131sa \u00e7\u00f6p, kimse b\u0131rakt\u0131\u011f\u0131 yerde bulam\u0131yor \u00fcst\u00fcne titredi\u011fini. Kadim s\u0131rr\u0131 a\u00e7\u0131k etmiyor ku\u015flar, \u00e7ocuklar en iyi yan\u0131lmay\u0131 biliyorlar<span class=\"excerpt-hellip\"> [\u2026]<\/span><\/p>\n","protected":false},"featured_media":0,"template":"","meta":{"_monsterinsights_skip_tracking":false,"_monsterinsights_sitenote_active":false,"_monsterinsights_sitenote_note":"","_monsterinsights_sitenote_category":0},"product_brand":[],"product_cat":[12291,12711],"product_tag":[],"class_list":{"0":"post-729297","1":"product","2":"type-product","3":"status-publish","5":"product_cat-edebiyat","6":"product_cat-roman-oyku","7":"pa_cilt-ciltsiz","8":"pa_tur-kitap","9":"pa_yayinevi-ithaki-yayinlari","10":"pa_yazar-hakan-saripolat","12":"first","13":"instock","14":"sale","15":"shipping-taxable","16":"purchasable","17":"product-type-simple"},"_links":{"self":[{"href":"https:\/\/roveyayinevi.com.tr\/index.php\/wp-json\/wp\/v2\/product\/729297","targetHints":{"allow":["GET"]}}],"collection":[{"href":"https:\/\/roveyayinevi.com.tr\/index.php\/wp-json\/wp\/v2\/product"}],"about":[{"href":"https:\/\/roveyayinevi.com.tr\/index.php\/wp-json\/wp\/v2\/types\/product"}],"wp:attachment":[{"href":"https:\/\/roveyayinevi.com.tr\/index.php\/wp-json\/wp\/v2\/media?parent=729297"}],"wp:term":[{"taxonomy":"product_brand","embeddable":true,"href":"https:\/\/roveyayinevi.com.tr\/index.php\/wp-json\/wp\/v2\/product_brand?post=729297"},{"taxonomy":"product_cat","embeddable":true,"href":"https:\/\/roveyayinevi.com.tr\/index.php\/wp-json\/wp\/v2\/product_cat?post=729297"},{"taxonomy":"product_tag","embeddable":true,"href":"https:\/\/roveyayinevi.com.tr\/index.php\/wp-json\/wp\/v2\/product_tag?post=729297"}],"curies":[{"name":"wp","href":"https:\/\/api.w.org\/{rel}","templated":true}]}}