{"id":729296,"date":"2025-08-27T20:53:47","date_gmt":"2025-08-27T17:53:47","guid":{"rendered":"https:\/\/roveyayinevi.com.tr\/index.php\/urun\/yoksullar-nasil-olur\/"},"modified":"2026-04-16T02:37:06","modified_gmt":"2026-04-15T23:37:06","slug":"yoksullar-nasil-olur","status":"publish","type":"product","link":"https:\/\/roveyayinevi.com.tr\/index.php\/urun\/yoksullar-nasil-olur\/","title":{"rendered":"Yoksullar Nas\u0131l \u00d6l\u00fcr?"},"content":{"rendered":"<p>1928 y\u0131l\u0131nda Paris\u2019e gelen George Orwell, 1929\u2019un Mart\u2019\u0131nda hastaland\u0131 ve bir s\u00fcre bu \u015fehirdeki bir hastanede kald\u0131. Orada g\u00f6rd\u00fckleri uzun zaman akl\u0131ndan \u00e7\u0131kmayacakt\u0131. Orwell, ayn\u0131 zamanda \u0130spanya \u0130\u00e7 Sava\u015f\u0131\u2019nda bir kere kulak enfeksiyonu, bir kere de bo\u011faz\u0131ndan vuruldu\u011fu i\u00e7in hastaneye kald\u0131r\u0131lm\u0131\u015ft\u0131. Yoksullar Nas\u0131l \u00d6l\u00fcr\u2019e ad\u0131n\u0131 veren denemesinde, hayat\u0131 akci\u011fer sorunlar\u0131yla ge\u00e7en ve zor ko\u015fullarda \u00e7al\u0131\u015fan bir\u00e7ok hastanede bulunmu\u015f yazar, kendi tecr\u00fcbelerinden de yola \u00e7\u0131karak t\u0131p yaz\u0131n\u0131 ve tarihini irdeliyor, yoksul hastalar\u0131n ya\u015fad\u0131klar\u0131 zorluklardan bahsediyor.Orwell, yine bu kitapta okuyaca\u011f\u0131n\u0131z di\u011fer denemelerinde ise polisiye edebiyata, Salvador Dali\u2019ye, i\u00e7ilecek g\u00fczel bir yerin nas\u0131l olmas\u0131 gerekti\u011fine, Arthur Koestler\u2019e, Marake\u015f\u2019e, \u0130spanya \u0130\u00e7 Sava\u015f\u0131\u2019na de\u011finiyor. Yoksullar Nas\u0131l \u00d6l\u00fcr, g\u00fcncelin sorunlar\u0131ndan asla ka\u00e7mayan ama kafas\u0131n\u0131n esti\u011fi yere gitmekten de \u00e7ekinmeyen bir yazar\u0131n denemelerinden olu\u015fan k\u0131ymetli bir se\u00e7ki.\u201cArt arda yaz\u0131ld\u0131\u011f\u0131nda, Orwell\u2019in d\u00fcr\u00fcstl\u00fck, nezaket, \u00f6zg\u00fcrl\u00fck, adalet gibi temel de\u011ferleri bir\u00e7ok insan i\u00e7in mu\u011flak kalabilir ama hi\u00e7 kimse, yirminci y\u00fczy\u0131l\u0131n en karanl\u0131k g\u00fcnlerinde, bu fikirlerin ne anlama geldi\u011fiyle onun kadar bo\u011fu\u015fmam\u0131\u015ft\u0131r.\u201d \u2013Dorian Lynskey   \u201cOrwell, kendini yay\u0131mlanan sahteli\u011fin, ikiy\u00fczl\u00fcl\u00fc\u011f\u00fcn ve yalanlar\u0131n maskesini sert\u00e7e d\u00fc\u015f\u00fcren biri olarak g\u00f6r\u00fcyor, insanlara duymak istemediklerini anlat\u0131yordu.\u201d \u2013Bernard Crick <\/p>\n","protected":false},"excerpt":{"rendered":"<p>1928 y\u0131l\u0131nda Paris\u2019e gelen George Orwell, 1929\u2019un Mart\u2019\u0131nda hastaland\u0131 ve bir s\u00fcre bu \u015fehirdeki bir hastanede kald\u0131. Orada g\u00f6rd\u00fckleri uzun zaman akl\u0131ndan \u00e7\u0131kmayacakt\u0131. Orwell, ayn\u0131 zamanda<span class=\"excerpt-hellip\"> [\u2026]<\/span><\/p>\n","protected":false},"featured_media":0,"template":"","meta":{"_monsterinsights_skip_tracking":false,"_monsterinsights_sitenote_active":false,"_monsterinsights_sitenote_note":"","_monsterinsights_sitenote_category":0},"product_brand":[],"product_cat":[12777,12291],"product_tag":[],"class_list":{"0":"post-729296","1":"product","2":"type-product","3":"status-publish","5":"product_cat-deneme","6":"product_cat-edebiyat","7":"pa_cilt-ciltsiz","8":"pa_tur-kitap","9":"pa_yayinevi-ithaki-yayinlari","10":"pa_yazar-george-orwell","12":"first","13":"instock","14":"sale","15":"shipping-taxable","16":"purchasable","17":"product-type-simple"},"_links":{"self":[{"href":"https:\/\/roveyayinevi.com.tr\/index.php\/wp-json\/wp\/v2\/product\/729296","targetHints":{"allow":["GET"]}}],"collection":[{"href":"https:\/\/roveyayinevi.com.tr\/index.php\/wp-json\/wp\/v2\/product"}],"about":[{"href":"https:\/\/roveyayinevi.com.tr\/index.php\/wp-json\/wp\/v2\/types\/product"}],"wp:attachment":[{"href":"https:\/\/roveyayinevi.com.tr\/index.php\/wp-json\/wp\/v2\/media?parent=729296"}],"wp:term":[{"taxonomy":"product_brand","embeddable":true,"href":"https:\/\/roveyayinevi.com.tr\/index.php\/wp-json\/wp\/v2\/product_brand?post=729296"},{"taxonomy":"product_cat","embeddable":true,"href":"https:\/\/roveyayinevi.com.tr\/index.php\/wp-json\/wp\/v2\/product_cat?post=729296"},{"taxonomy":"product_tag","embeddable":true,"href":"https:\/\/roveyayinevi.com.tr\/index.php\/wp-json\/wp\/v2\/product_tag?post=729296"}],"curies":[{"name":"wp","href":"https:\/\/api.w.org\/{rel}","templated":true}]}}