{"id":729295,"date":"2025-08-27T20:53:46","date_gmt":"2025-08-27T17:53:46","guid":{"rendered":"https:\/\/roveyayinevi.com.tr\/index.php\/urun\/ozlem\/"},"modified":"2026-04-16T02:37:06","modified_gmt":"2026-04-15T23:37:06","slug":"ozlem","status":"publish","type":"product","link":"https:\/\/roveyayinevi.com.tr\/index.php\/urun\/ozlem\/","title":{"rendered":"\u00d6zlem"},"content":{"rendered":"<p>A\u015fk\u0131n\u0131 g\u00f6zlerinde de\u011fil S\u00f6zlerinde duymak, Dev gibi a\u015fka s\u0131\u011f\u0131nmak isterdim. G\u00f6zya\u015f\u0131 benden, ya\u011fmuru senden Verilen tomurcuk gibi olmak isterdim Vermek istemesen de kalbini bana \u00d6n\u00fcnde kor olup yanmak isterdim K\u00f6r oldu g\u00f6zlerim \u015fimdi Karanl\u0131k yollarda yaln\u0131z\u0131m G\u00fcne\u015f gibi sis da\u011f\u0131n\u0131n ard\u0131ndan Do\u011fman\u0131 isterdim.<\/p>\n","protected":false},"excerpt":{"rendered":"<p>A\u015fk\u0131n\u0131 g\u00f6zlerinde de\u011fil S\u00f6zlerinde duymak, Dev gibi a\u015fka s\u0131\u011f\u0131nmak isterdim. G\u00f6zya\u015f\u0131 benden, ya\u011fmuru senden Verilen tomurcuk gibi olmak isterdim Vermek istemesen de kalbini bana \u00d6n\u00fcnde kor<span class=\"excerpt-hellip\"> [\u2026]<\/span><\/p>\n","protected":false},"featured_media":0,"template":"","meta":{"_monsterinsights_skip_tracking":false,"_monsterinsights_sitenote_active":false,"_monsterinsights_sitenote_note":"","_monsterinsights_sitenote_category":0},"product_brand":[],"product_cat":[12291,12509],"product_tag":[],"class_list":{"0":"post-729295","1":"product","2":"type-product","3":"status-publish","5":"product_cat-edebiyat","6":"product_cat-siir","7":"pa_cilt-ciltsiz","8":"pa_tur-kitap","9":"pa_yayinevi-luna-yayinlari","10":"pa_yazar-ozlem-gencer","12":"first","13":"instock","14":"sale","15":"shipping-taxable","16":"purchasable","17":"product-type-simple"},"_links":{"self":[{"href":"https:\/\/roveyayinevi.com.tr\/index.php\/wp-json\/wp\/v2\/product\/729295","targetHints":{"allow":["GET"]}}],"collection":[{"href":"https:\/\/roveyayinevi.com.tr\/index.php\/wp-json\/wp\/v2\/product"}],"about":[{"href":"https:\/\/roveyayinevi.com.tr\/index.php\/wp-json\/wp\/v2\/types\/product"}],"wp:attachment":[{"href":"https:\/\/roveyayinevi.com.tr\/index.php\/wp-json\/wp\/v2\/media?parent=729295"}],"wp:term":[{"taxonomy":"product_brand","embeddable":true,"href":"https:\/\/roveyayinevi.com.tr\/index.php\/wp-json\/wp\/v2\/product_brand?post=729295"},{"taxonomy":"product_cat","embeddable":true,"href":"https:\/\/roveyayinevi.com.tr\/index.php\/wp-json\/wp\/v2\/product_cat?post=729295"},{"taxonomy":"product_tag","embeddable":true,"href":"https:\/\/roveyayinevi.com.tr\/index.php\/wp-json\/wp\/v2\/product_tag?post=729295"}],"curies":[{"name":"wp","href":"https:\/\/api.w.org\/{rel}","templated":true}]}}