{"id":729293,"date":"2025-08-27T20:53:44","date_gmt":"2025-08-27T17:53:44","guid":{"rendered":"https:\/\/roveyayinevi.com.tr\/index.php\/urun\/makine-yazi\/"},"modified":"2026-04-14T02:46:40","modified_gmt":"2026-04-13T23:46:40","slug":"makine-yazi","status":"publish","type":"product","link":"https:\/\/roveyayinevi.com.tr\/index.php\/urun\/makine-yazi\/","title":{"rendered":"Makine Yaz\u0131"},"content":{"rendered":"<p>\u201cG\u00fc\u00e7l\u00fc, ger\u00e7ek\u00e7i karakterlerin oldu\u011fu, usta i\u015fi bir eser.\u201d \u2013Frederik Pohl\u201cCrowley\u2019nin en iyi eseri. Bilimkurgu t\u00fcr\u00fcnde yaz\u0131lm\u0131\u015f en iyi kitaplardan da biri.\u201d \u2013John Clute   \u201cFIRTINA GE\u00c7EL\u0130, MELEKLER\u0130N YARATTI\u011eI D\u00dcNYA YOK OLALI UZUN ZAMAN OLMU\u015eTU.\u201d   John Crowley, bilimkurgu edebiyat\u0131nda kendine has, \u201cki\u015filikli\u201d bir sesi olan, her bir karakteri ise farkl\u0131 seslere sahip, ya\u015fayan en iyi spek\u00fclatif kurgu yazarlar\u0131ndan. Postholokost bir d\u00fcnyan\u0131n naif ve s\u0131rlarla \u00f6r\u00fcl\u00fc portresini \u00e7izdi\u011fi Makine Yaz\u0131 ise masals\u0131 bir aray\u0131\u015f roman\u0131.   D\u00fcnya\u2019daki canl\u0131 ya\u015fam\u0131n\u0131 neredeyse sona erdiren, \u201cF\u0131rt\u0131na\u201d ad\u0131yla an\u0131lan afetten bin y\u0131l sonras\u0131nda eski medeniyetin azizlerle, her \u015feyi m\u00fcmk\u00fcn k\u0131lan teknolojileriyle ve kendilerini yok eden kibirleriyle dolu hik\u00e2yelerini dinleyerek b\u00fcy\u00fcyen Konu\u015fan Saz, az say\u0131da insan\u0131n ya\u015fad\u0131\u011f\u0131, labirenti and\u0131ran, g\u00f6r\u00fcnmez ve de\u011fi\u015fken s\u0131n\u0131rlara sahip K\u00fc\u00e7\u00fck Belaire\u2019de \u201cGer\u00e7e\u011fi Konu\u015fanlar\u201d toplulu\u011funa dahildi. Toplulu\u011fun d\u0131\u015f\u0131na \u00e7\u0131kmak ve bir aziz olmay\u0131 \u00f6\u011frenmek en b\u00fcy\u00fck arzusuydu. \u00c2\u015f\u0131k oldu\u011fu ve F\u0131s\u0131lt\u0131 mezhebine dahil G\u00fcnde Bir Kez adl\u0131 k\u0131z, Dr. Boots\u2019un Listesi isimli tuhaf bir toplulukla birlikte K\u00fc\u00e7\u00fck Belaire\u2019den ayr\u0131l\u0131nca onu takip etmek i\u00e7in Saz da yolculu\u011fa \u00e7\u0131kt\u0131.   Saz\u2019\u0131n azizlik aray\u0131\u015f\u0131 uzak ge\u00e7mi\u015fe, yery\u00fcz\u00fcn\u00fc terk ederek bulutlar\u0131n \u00fcst\u00fcnde ya\u015famaya ba\u015flayan teknolojik a\u00e7\u0131dan geli\u015fmi\u015f \u201cmelekler\u201de, \u015fu anki d\u00fcnyan\u0131n m\u00fcsebbibi \u00e7a\u011flar s\u00fcren kazalar ve felaketler serisine dair bir aray\u0131\u015fa d\u00f6n\u00fc\u015fecekti.    Makine Yaz\u0131, ge\u00e7mi\u015fin, \u015fimdinin ve gelece\u011fin melankolik yank\u0131s\u0131.Graham Sleight\u2019\u0131n \u00f6ns\u00f6z\u00fcyle <\/p>\n","protected":false},"excerpt":{"rendered":"<p>\u201cG\u00fc\u00e7l\u00fc, ger\u00e7ek\u00e7i karakterlerin oldu\u011fu, usta i\u015fi bir eser.\u201d \u2013Frederik Pohl\u201cCrowley\u2019nin en iyi eseri. Bilimkurgu t\u00fcr\u00fcnde yaz\u0131lm\u0131\u015f en iyi kitaplardan da biri.\u201d \u2013John Clute \u201cFIRTINA GE\u00c7EL\u0130, MELEKLER\u0130N<span class=\"excerpt-hellip\"> [\u2026]<\/span><\/p>\n","protected":false},"featured_media":0,"template":"","meta":{"_monsterinsights_skip_tracking":false,"_monsterinsights_sitenote_active":false,"_monsterinsights_sitenote_note":"","_monsterinsights_sitenote_category":0},"product_brand":[],"product_cat":[12540,12291],"product_tag":[],"class_list":{"0":"post-729293","1":"product","2":"type-product","3":"status-publish","5":"product_cat-bilim-kurgu","6":"product_cat-edebiyat","7":"pa_cilt-ciltsiz","8":"pa_tur-kitap","9":"pa_yayinevi-ithaki-yayinlari","10":"pa_yazar-john-crowley","12":"first","13":"instock","14":"sale","15":"shipping-taxable","16":"purchasable","17":"product-type-simple"},"_links":{"self":[{"href":"https:\/\/roveyayinevi.com.tr\/index.php\/wp-json\/wp\/v2\/product\/729293","targetHints":{"allow":["GET"]}}],"collection":[{"href":"https:\/\/roveyayinevi.com.tr\/index.php\/wp-json\/wp\/v2\/product"}],"about":[{"href":"https:\/\/roveyayinevi.com.tr\/index.php\/wp-json\/wp\/v2\/types\/product"}],"wp:attachment":[{"href":"https:\/\/roveyayinevi.com.tr\/index.php\/wp-json\/wp\/v2\/media?parent=729293"}],"wp:term":[{"taxonomy":"product_brand","embeddable":true,"href":"https:\/\/roveyayinevi.com.tr\/index.php\/wp-json\/wp\/v2\/product_brand?post=729293"},{"taxonomy":"product_cat","embeddable":true,"href":"https:\/\/roveyayinevi.com.tr\/index.php\/wp-json\/wp\/v2\/product_cat?post=729293"},{"taxonomy":"product_tag","embeddable":true,"href":"https:\/\/roveyayinevi.com.tr\/index.php\/wp-json\/wp\/v2\/product_tag?post=729293"}],"curies":[{"name":"wp","href":"https:\/\/api.w.org\/{rel}","templated":true}]}}