{"id":729291,"date":"2025-08-27T20:53:43","date_gmt":"2025-08-27T17:53:43","guid":{"rendered":"https:\/\/roveyayinevi.com.tr\/index.php\/urun\/super-cocuk-mu-mutlu-cocuk-mu\/"},"modified":"2026-04-16T02:37:06","modified_gmt":"2026-04-15T23:37:06","slug":"super-cocuk-mu-mutlu-cocuk-mu","status":"publish","type":"product","link":"https:\/\/roveyayinevi.com.tr\/index.php\/urun\/super-cocuk-mu-mutlu-cocuk-mu\/","title":{"rendered":"S\u00fcper \u00c7ocuk mu, Mutlu \u00c7ocuk mu?"},"content":{"rendered":"<p>\u201c\u0130ster \u00e7i\u00e7e\u011fi burnunda ister deneyimli birer anne baba, isterseniz anne baba aday\u0131 olun, hedefiniz s\u00fcper \u00e7ocuklar yeti\u015ftirmek de\u011fil; ya\u015fam\u0131n kar\u015f\u0131s\u0131na \u00e7\u0131kard\u0131\u011f\u0131 her \u015feyle zarafet, cesaret ve g\u00fc\u00e7l\u00fc mizah duygusunu kullanarak ba\u015f edebilecek dengeli ve mutlu bireyler yeti\u015ftirmek olmal\u0131d\u0131r.\u201d-Lisa SugarmanZ ku\u015fa\u011fi ebeveynlerine yeni ve benzersiz bir yakla\u015fim!Daha ak\u0131ll\u0131, daha h\u0131zl\u0131, daha ba\u015far\u0131l\u0131, daha pop\u00fcler, daha daha daha\u2026 Sizin de \u00e7evreniz \u00e7ocuklar\u0131n\u0131n yolundaki her engeli ortadan kald\u0131ran, asla ba\u015far\u0131s\u0131z olmalar\u0131na veya d\u00fc\u015fmelerine izin vermeyen, aktiviteden aktiviteye ko\u015fu\u015fturan ebeveynlerle mi \u00e7evrili? Yoksa siz de onlardan biri misiniz? \u00c7ocu\u011funuz bir d\u00fc\u015ft\u00fc m\u00fc bir daha kendi ba\u015f\u0131na ayaklanamamas\u0131ndan m\u0131 korkuyorsunuz?Yaln\u0131z de\u011filsiniz.G\u00fcn\u00fcm\u00fcz anne babalar\u0131n\u0131n \u00e7o\u011fu \u00e7ocuklar\u0131n\u0131n yanl\u0131\u015f yapmalar\u0131n\u0131n normal (hatta gerekli oldu\u011funu) kabul etmekte zorlan\u0131yor. \u00c7ocuklar\u0131n spordan m\u00fczi\u011fe, matematikten yabanc\u0131 dile, sanattan \u00f6rnek bir \u201cs\u00fcper \u00e7ocuk\u201d olmaya kadar pek \u00e7ok konuda di\u011fer \u00e7ocuklar\u0131 ge\u00e7meleri bekleniyor. Ve bu \u00e7ocuklar birer superman olamamalar\u0131yla ba\u015f edemiyorlar.Yazar ve ebeveynlik uzman\u0131 Lisa Sugarman, ebeveynlere, \u00e7ocuklar\u0131n engellerle y\u00fczle\u015fmesinin \u00f6nemini hat\u0131rlatarak, sosyal ve duygusal geli\u015fimden bili\u015fsel geli\u015fime, \u00f6nemli geli\u015fimsel d\u00f6n\u00fcm noktalar\u0131ndan bunlarla nas\u0131l ba\u015fa \u00e7\u0131kabilece\u011fine kadar pek \u00e7ok konuda yol g\u00f6steriyor. Mizahi \u00fcslubuyla bir ebeveynin ba\u015fa \u00e7\u0131kmas\u0131 gereken ger\u00e7ek meseleleri masaya yat\u0131r\u0131yor. Kusurlar\u0131yla bar\u0131\u015f\u0131k \u00e7ocuklar\u0131n, onlara b\u00fcy\u00fcmek i\u00e7in alan ve f\u0131rsat verildi\u011finde \u00e7ok y\u00f6nl\u00fc yeti\u015fkinler olabilece\u011fini hat\u0131rlat\u0131yor. Aile terapisti Debra Fox Gansenberg de her b\u00f6l\u00fcm\u00fcn sonunda klinik bak\u0131\u015f a\u00e7\u0131s\u0131yla stratejiler, p\u00fcf noktalar\u0131 ve dil kullan\u0131m\u0131 \u00f6nerileriyle dolu bir tak\u0131m \u00e7antas\u0131 sunuyor.&#8221;S\u00fcper \u00c7ocuk mu, Mutlu \u00c7ocuk mu?&#8221; ile \u00e7ocu\u011funuza ba\u015far\u0131 kadar ba\u015far\u0131s\u0131zl\u0131\u011f\u0131 da kabul etmek ve devam edebilmek i\u00e7in gerekli becerileri kazand\u0131racak, b\u00f6ylece ger\u00e7ek potansiyellerini ortaya \u00e7\u0131karmalar\u0131na yard\u0131m edeceksiniz.<\/p>\n","protected":false},"excerpt":{"rendered":"<p>\u201c\u0130ster \u00e7i\u00e7e\u011fi burnunda ister deneyimli birer anne baba, isterseniz anne baba aday\u0131 olun, hedefiniz s\u00fcper \u00e7ocuklar yeti\u015ftirmek de\u011fil; ya\u015fam\u0131n kar\u015f\u0131s\u0131na \u00e7\u0131kard\u0131\u011f\u0131 her \u015feyle zarafet, cesaret ve<span class=\"excerpt-hellip\"> [\u2026]<\/span><\/p>\n","protected":false},"featured_media":0,"template":"","meta":{"_monsterinsights_skip_tracking":false,"_monsterinsights_sitenote_active":false,"_monsterinsights_sitenote_note":"","_monsterinsights_sitenote_category":0},"product_brand":[],"product_cat":[12831,12324],"product_tag":[],"class_list":{"0":"post-729291","1":"product","2":"type-product","3":"status-publish","5":"product_cat-aile-ve-cocuk","6":"product_cat-sosyoloji","7":"pa_cilt-ciltsiz","8":"pa_tur-kitap","9":"pa_yayinevi-kronik-kitap","10":"pa_yazar-lisa-sugarman-debra-fox-gansenberg","12":"first","13":"instock","14":"sale","15":"shipping-taxable","16":"purchasable","17":"product-type-simple"},"_links":{"self":[{"href":"https:\/\/roveyayinevi.com.tr\/index.php\/wp-json\/wp\/v2\/product\/729291","targetHints":{"allow":["GET"]}}],"collection":[{"href":"https:\/\/roveyayinevi.com.tr\/index.php\/wp-json\/wp\/v2\/product"}],"about":[{"href":"https:\/\/roveyayinevi.com.tr\/index.php\/wp-json\/wp\/v2\/types\/product"}],"wp:attachment":[{"href":"https:\/\/roveyayinevi.com.tr\/index.php\/wp-json\/wp\/v2\/media?parent=729291"}],"wp:term":[{"taxonomy":"product_brand","embeddable":true,"href":"https:\/\/roveyayinevi.com.tr\/index.php\/wp-json\/wp\/v2\/product_brand?post=729291"},{"taxonomy":"product_cat","embeddable":true,"href":"https:\/\/roveyayinevi.com.tr\/index.php\/wp-json\/wp\/v2\/product_cat?post=729291"},{"taxonomy":"product_tag","embeddable":true,"href":"https:\/\/roveyayinevi.com.tr\/index.php\/wp-json\/wp\/v2\/product_tag?post=729291"}],"curies":[{"name":"wp","href":"https:\/\/api.w.org\/{rel}","templated":true}]}}