{"id":729290,"date":"2025-08-27T20:53:42","date_gmt":"2025-08-27T17:53:42","guid":{"rendered":"https:\/\/roveyayinevi.com.tr\/index.php\/urun\/dante\/"},"modified":"2026-04-16T02:37:06","modified_gmt":"2026-04-15T23:37:06","slug":"dante","status":"publish","type":"product","link":"https:\/\/roveyayinevi.com.tr\/index.php\/urun\/dante\/","title":{"rendered":"Dante"},"content":{"rendered":"<p>Dante Alighieri\u2026\u0130lahi Komedya\u2019n\u0131n d\u00e2hi yarat\u0131c\u0131s\u0131n\u0131, ilk kez, de\u011ferlerini ve zihin yap\u0131s\u0131n\u0131 payla\u015ft\u0131\u011f\u0131 d\u00f6neminin bir insan\u0131 olarak g\u00f6r\u00fcyoruz. Alessandro Barbero, bu d\u00f6nemin eksiksiz bir portresini \u00e7iziyor, okuru tarihin en b\u00fcy\u00fcleyici \u00e7a\u011flar\u0131ndan biri olan Orta\u00e7a\u011f\u2019\u0131n al\u0131\u015fkanl\u0131klar\u0131na, \u00e2detlerine ve politikas\u0131na yakla\u015ft\u0131r\u0131yor.\u201cTarih\u00e7i Alessandro Barbero, delillere ve belgelerin analizine dayal\u0131 bir inceleme ile \u015fairin hayat\u0131n\u0131 yeniden kuruyor. Kesinlik ile tutkunun bulu\u015ftu\u011fu bir \u00e7al\u0131\u015fma.\u201d- Paolo MauriD\u00fcnya edebiyat tarihinin en b\u00fcy\u00fck eserlerinden biri olarak kabul edilen \u0130lahi Komedya gibi bir ba\u015fyap\u0131ta imza att\u0131. Hem siyasi hem de toplumsal anlamda gerilimi y\u00fcksek bir d\u00f6nem olan Orta\u00e7a\u011f\u2019\u0131n en unutulmaz a\u015fk \u015fiirlerini yazd\u0131. Bir tefecinin o\u011flu olarak edebiyat\u00e7\u0131lar\u0131n d\u00fcnyas\u0131na girmek i\u00e7in b\u00fcy\u00fck zorluklara katland\u0131. Politikan\u0131n karanl\u0131k koridorlar\u0131nda daima tutkun oldu\u011fu sanatla hakikati f\u0131s\u0131ldamaya \u00e7al\u0131\u015ft\u0131: Dante Alighieri.Alessandro Barbero, elinizdeki bu \u00e7al\u0131\u015fmas\u0131yla \u00f6l\u00fcms\u00fcz bir sanat\u00e7\u0131 olan Dante\u2019nin hayat\u0131n\u0131 ayd\u0131nlat\u0131yor. Onu hem bir sanat\u00e7\u0131 hem de Orta\u00e7a\u011f\u2019\u0131n bir insan\u0131 olarak tan\u0131t\u0131yor. Bunu yaparken Orta\u00e7a\u011f d\u00fcnyas\u0131n\u0131n de\u011ferleriyle birlikte 14. y\u00fczy\u0131l \u0130talya\u2019s\u0131n\u0131n her y\u00f6nden zengin atmosferini de zihinlerde canland\u0131r\u0131yor. Dante\u2019nin gen\u00e7 bir \u00e2\u015f\u0131k olarak portresini \u00e7izerken onun sava\u015fa gitmek \u00fczere at\u0131na bindi\u011finde neler hissetti\u011fini de detayl\u0131ca anlat\u0131yor. T\u00fcm bunlar\u0131 yaparken de d\u00f6neme yak\u0131\u015f\u0131r bir duygu d\u00fcnyas\u0131yla g\u00f6zya\u015flar\u0131n\u0131 ve sessizli\u011fi, cesaret ve tutkuyu bir araya getiriyor. Kaynaklar\u0131n ara\u015ft\u0131r\u0131lmas\u0131nda ve yorumlanmas\u0131nda k\u0131l\u0131 k\u0131rk yaran, her saptaman\u0131n ve her varsay\u0131m\u0131n arka plan\u0131n\u0131 doldurup analizini yapmaya \u00f6zen g\u00f6steren b\u00fcy\u00fck bir tarih\u00e7inin \u00e7izdi\u011fi bu portre, ola\u011fan\u00fcst\u00fc \u00fcslubuyla bir roman gibi okunuyor.\u0130talya\u2019da yay\u0131mland\u0131ktan birka\u00e7 ay sonra \u00e7ok satanlar listesine giren &#8220;Dante&#8221;, eksiksiz bir portre olmas\u0131n\u0131n yan\u0131 s\u0131ra okuru tarihin en b\u00fcy\u00fcleyici \u00e7a\u011flar\u0131ndan biri olan Orta\u00e7a\u011f\u2019\u0131n ya\u015fant\u0131s\u0131na do\u011fru yolculu\u011fa \u00e7\u0131karan nefis bir ba\u015fucu kitab\u0131\u2026<\/p>\n","protected":false},"excerpt":{"rendered":"<p>Dante Alighieri\u2026\u0130lahi Komedya\u2019n\u0131n d\u00e2hi yarat\u0131c\u0131s\u0131n\u0131, ilk kez, de\u011ferlerini ve zihin yap\u0131s\u0131n\u0131 payla\u015ft\u0131\u011f\u0131 d\u00f6neminin bir insan\u0131 olarak g\u00f6r\u00fcyoruz. Alessandro Barbero, bu d\u00f6nemin eksiksiz bir portresini \u00e7iziyor, okuru<span class=\"excerpt-hellip\"> [\u2026]<\/span><\/p>\n","protected":false},"featured_media":0,"template":"","meta":{"_monsterinsights_skip_tracking":false,"_monsterinsights_sitenote_active":false,"_monsterinsights_sitenote_note":"","_monsterinsights_sitenote_category":0},"product_brand":[],"product_cat":[13946,12304],"product_tag":[],"class_list":{"0":"post-729290","1":"product","2":"type-product","3":"status-publish","5":"product_cat-biyografi-otobiyografi","6":"product_cat-tarih","7":"pa_cilt-ciltsiz","8":"pa_tur-kitap","9":"pa_yayinevi-kronik-kitap","10":"pa_yazar-alessandro-barbero","12":"first","13":"instock","14":"sale","15":"shipping-taxable","16":"purchasable","17":"product-type-simple"},"_links":{"self":[{"href":"https:\/\/roveyayinevi.com.tr\/index.php\/wp-json\/wp\/v2\/product\/729290","targetHints":{"allow":["GET"]}}],"collection":[{"href":"https:\/\/roveyayinevi.com.tr\/index.php\/wp-json\/wp\/v2\/product"}],"about":[{"href":"https:\/\/roveyayinevi.com.tr\/index.php\/wp-json\/wp\/v2\/types\/product"}],"wp:attachment":[{"href":"https:\/\/roveyayinevi.com.tr\/index.php\/wp-json\/wp\/v2\/media?parent=729290"}],"wp:term":[{"taxonomy":"product_brand","embeddable":true,"href":"https:\/\/roveyayinevi.com.tr\/index.php\/wp-json\/wp\/v2\/product_brand?post=729290"},{"taxonomy":"product_cat","embeddable":true,"href":"https:\/\/roveyayinevi.com.tr\/index.php\/wp-json\/wp\/v2\/product_cat?post=729290"},{"taxonomy":"product_tag","embeddable":true,"href":"https:\/\/roveyayinevi.com.tr\/index.php\/wp-json\/wp\/v2\/product_tag?post=729290"}],"curies":[{"name":"wp","href":"https:\/\/api.w.org\/{rel}","templated":true}]}}