{"id":729288,"date":"2025-08-27T20:53:40","date_gmt":"2025-08-27T17:53:40","guid":{"rendered":"https:\/\/roveyayinevi.com.tr\/index.php\/urun\/hacli-devletleri-tarihiciltli\/"},"modified":"2026-04-16T02:37:06","modified_gmt":"2026-04-15T23:37:06","slug":"hacli-devletleri-tarihiciltli","status":"publish","type":"product","link":"https:\/\/roveyayinevi.com.tr\/index.php\/urun\/hacli-devletleri-tarihiciltli\/","title":{"rendered":"Ha\u00e7l\u0131 Devletleri Tarihi(Ciltli)"},"content":{"rendered":"<p>Din ve Medeniyet Sava\u015flar\u0131:Ha\u00e7l\u0131 Devletlerinin \u00c7a\u011f\u0131\u2026\u0130lk Ha\u00e7l\u0131 ordular\u0131 Kud\u00fcs\u2019\u00fc, M\u0131s\u0131r F\u00e2t\u0131m\u00eelerinden 1099\u2019da gasp ettiklerinde zaferlerinin kayna\u011f\u0131n\u0131 Tanr\u0131\u2019n\u0131n bir l\u00fctfu olarak g\u00f6rd\u00fcler. Bu y\u00fczden Tanr\u0131\u2019n\u0131n buyru\u011fu olarak g\u00f6rd\u00fckleri sava\u015flar\u0131 yapmak ve bu do\u011frultuda Suriye ve Filistin\u2019de Hristiyan kontrol\u00fcn\u00fc yeniden tesis etmek onlar\u0131n tek arzusu haline geldi.Elinizdeki kitap Akdeniz\u2019in Do\u011fu k\u0131y\u0131lar\u0131nda ortaya \u00e7\u0131kan ve Aslan Y\u00fcrekli Richard\u2019\u0131n 1192\u2019de b\u00f6lgeden ayr\u0131l\u0131\u015f\u0131na kadar bir ya\u015fam alan\u0131 haline gelen Ha\u00e7l\u0131 Devletleri\u2019ne odaklanmaktad\u0131r.Hayat\u0131n\u0131 bilginin pe\u015finden gitmeye adayan tarih profes\u00f6r\u00fc Malcolm Barber, Kud\u00fcs, Antakya, Trablus ve Urfa\u2019ya odaklanarak Ha\u00e7l\u0131 devletlerinin sanc\u0131l\u0131 kurulu\u015f s\u00fcre\u00e7lerini canl\u0131 bir \u015fekilde yeniden in\u015fa ediyor, kendi topraklar\u0131n\u0131 koruyan ve Ha\u00e7l\u0131 idaresi alt\u0131nda ya\u015famak zorunda kalan halklar\u0131n ise yeni hayatlar\u0131na uyum sa\u011flama m\u00fccadelesini ortaya koyuyor. B\u00fcy\u00fck asker\u00ee harekatlar\u0131n canl\u0131 anlat\u0131mlar\u0131yla zenginle\u015fen bu kitap Ha\u00e7l\u0131 Devletlerinde ortaya \u00e7\u0131kan k\u00fclt\u00fcr\u00fc t\u00fcm ayr\u0131nt\u0131s\u0131yla ke\u015ffederek bir medeniyetin derinliklerine iniyor. Bu derinliklerde b\u00f6lgede karma\u015f\u0131kla\u015fan yerli veraset sistemi; mimar\u00ee; siyasal, yasal ve ekonomik m\u00fcesseseler; Ha\u00e7l\u0131lar\u0131n d\u00fcnyay\u0131 alg\u0131lamas\u0131na vesile olan din\u00ee yap\u0131; Tap\u0131nak \u015e\u00f6valyeleri; Hospitallier ve \u00e7ok daha fazlas\u0131 mevcut.&#8221;Ha\u00e7l\u0131 Devletleri Tarihi&#8221;, dini sava\u015flar\u0131n ortal\u0131\u011f\u0131 kas\u0131p kavurdu\u011fu, medeniyetlerin \u00e7arp\u0131\u015ft\u0131\u011f\u0131 12. y\u00fczy\u0131l Ha\u00e7l\u0131 devletlerindeki ya\u015fam ve k\u00fclt\u00fcre dair benzersiz bir ba\u015fucu kitab\u0131\u2026<\/p>\n","protected":false},"excerpt":{"rendered":"<p>Din ve Medeniyet Sava\u015flar\u0131:Ha\u00e7l\u0131 Devletlerinin \u00c7a\u011f\u0131\u2026\u0130lk Ha\u00e7l\u0131 ordular\u0131 Kud\u00fcs\u2019\u00fc, M\u0131s\u0131r F\u00e2t\u0131m\u00eelerinden 1099\u2019da gasp ettiklerinde zaferlerinin kayna\u011f\u0131n\u0131 Tanr\u0131\u2019n\u0131n bir l\u00fctfu olarak g\u00f6rd\u00fcler. Bu y\u00fczden Tanr\u0131\u2019n\u0131n buyru\u011fu olarak<span class=\"excerpt-hellip\"> [\u2026]<\/span><\/p>\n","protected":false},"featured_media":0,"template":"","meta":{"_monsterinsights_skip_tracking":false,"_monsterinsights_sitenote_active":false,"_monsterinsights_sitenote_note":"","_monsterinsights_sitenote_category":0},"product_brand":[],"product_cat":[12370,12304],"product_tag":[],"class_list":{"0":"post-729288","1":"product","2":"type-product","3":"status-publish","5":"product_cat-arastirma-inceleme","6":"product_cat-tarih","7":"pa_cilt-ciltli","8":"pa_tur-kitap","9":"pa_yayinevi-kronik-kitap","10":"pa_yazar-malcolm-barber","12":"first","13":"instock","14":"sale","15":"shipping-taxable","16":"purchasable","17":"product-type-simple"},"_links":{"self":[{"href":"https:\/\/roveyayinevi.com.tr\/index.php\/wp-json\/wp\/v2\/product\/729288","targetHints":{"allow":["GET"]}}],"collection":[{"href":"https:\/\/roveyayinevi.com.tr\/index.php\/wp-json\/wp\/v2\/product"}],"about":[{"href":"https:\/\/roveyayinevi.com.tr\/index.php\/wp-json\/wp\/v2\/types\/product"}],"wp:attachment":[{"href":"https:\/\/roveyayinevi.com.tr\/index.php\/wp-json\/wp\/v2\/media?parent=729288"}],"wp:term":[{"taxonomy":"product_brand","embeddable":true,"href":"https:\/\/roveyayinevi.com.tr\/index.php\/wp-json\/wp\/v2\/product_brand?post=729288"},{"taxonomy":"product_cat","embeddable":true,"href":"https:\/\/roveyayinevi.com.tr\/index.php\/wp-json\/wp\/v2\/product_cat?post=729288"},{"taxonomy":"product_tag","embeddable":true,"href":"https:\/\/roveyayinevi.com.tr\/index.php\/wp-json\/wp\/v2\/product_tag?post=729288"}],"curies":[{"name":"wp","href":"https:\/\/api.w.org\/{rel}","templated":true}]}}