{"id":729287,"date":"2025-08-27T20:53:39","date_gmt":"2025-08-27T17:53:39","guid":{"rendered":"https:\/\/roveyayinevi.com.tr\/index.php\/urun\/napoleon-bonaparte-osprey-buyuk-komutanlar\/"},"modified":"2026-04-16T02:37:06","modified_gmt":"2026-04-15T23:37:06","slug":"napoleon-bonaparte-osprey-buyuk-komutanlar","status":"publish","type":"product","link":"https:\/\/roveyayinevi.com.tr\/index.php\/urun\/napoleon-bonaparte-osprey-buyuk-komutanlar\/","title":{"rendered":"Napoleon Bonaparte &#8211; Osprey B\u00fcy\u00fck Komutanlar"},"content":{"rendered":"<p>Osprey B\u00fcy\u00fck Komutanlar SerisiTarihin en b\u00fcy\u00fck komutanlar\u0131n\u0131n ya\u015fam \u00f6yk\u00fcleri, muharebe tecr\u00fcbeleri, uygulad\u0131klar\u0131 taktikler ve stratejilerNapol\u00e9on BonaparteD\u00fcnya tarihinin en b\u00fcy\u00fck komutanlar\u0131n\u0131 t\u00fcm y\u00f6nleriyle inceleyen OSPREY B\u00fcy\u00fck Komutanlar Serisi, Napol\u00e9on Bonaparte ile devam ediyor\u2026Korsika adas\u0131nda orta karar bir ailenin o\u011flu olarak do\u011fan ve Fransa\u2019ya ayak bast\u0131\u011f\u0131nda pek de parlak bir konuma sahip olmayan gen\u00e7 Napol\u00e9on o g\u00fcnlerde Fransa \u0130mparatoru olup \u0130spanya\u2019dan Rusya\u2019ya kadar Avrupa\u2019n\u0131n b\u00fcy\u00fck bir k\u0131sm\u0131na h\u00fckmedece\u011fini d\u00fc\u015f\u00fcnm\u00fc\u015f m\u00fcd\u00fcr? Bunun cevab\u0131n\u0131 bilemeyece\u011fiz ancak Frans\u0131z \u0130htilali\u2019nin ke\u015fmeke\u015finden s\u0131yr\u0131l\u0131p kar\u015f\u0131s\u0131na \u00e7\u0131kan f\u0131rsatlar\u0131 son derece iyi kullanmas\u0131, sergiledi\u011fi beceriler sayesinde r\u00fctbe basamaklar\u0131n\u0131 h\u0131zla t\u0131rmanmas\u0131 ve \u00e7ok gen\u00e7 ya\u015fta \u00e7ok \u00f6nemli mevkilere ula\u015fmas\u0131 bu yolun ta\u015flar\u0131n\u0131 d\u00f6\u015fedi. Asker\u00ee kariyeri boyunca \u0130talya, M\u0131s\u0131r, \u0130spanya, Almanya, Polonya, Rusya ve Fransa gibi birbirinden son derece farkl\u0131 co\u011frafyalarda yakla\u015f\u0131k 20 y\u0131l boyunca seferler y\u00fcr\u00fcten, elde etti\u011fi zaferlerle tarihin en \u00f6nde gelen komutanlar\u0131 aras\u0131nda bile \u00e7ok \u00f6zel bir yere sahip olan Napol\u00e9on, bir k\u0131sm\u0131 siyasi bir k\u0131sm\u0131 ise asker\u00ee a\u00e7\u0131dan hayati sonu\u00e7lar do\u011furan yakla\u015f\u0131k 60 muharebede bulundu. Bu bak\u0131mdan modern Avrupa\u2019n\u0131n kaderini tayin etti\u011fini ve sava\u015f\u0131n kaidelerini temelden de\u011fi\u015ftirdi\u011fini s\u00f6ylemek hi\u00e7 de yanl\u0131\u015f olmaz.Napol\u00e9on\u2019un asker\u00ee kariyerine, uygulad\u0131\u011f\u0131 stratejilere ve taktiklere odaklanan bu \u00e7al\u0131\u015fma, sahip oldu\u011fu liderlik \u00f6zelliklerini irdelemeyi de ihmal etmiyor. D\u00fcnya sava\u015f tarihinde bir efsane olarak g\u00f6sterilen Napol\u00e9on\u2019un y\u0131ld\u0131z\u0131n\u0131n hem nas\u0131l parlad\u0131\u011f\u0131n\u0131 hem de nas\u0131l s\u00f6nd\u00fc\u011f\u00fcn\u00fc s\u0131ra d\u0131\u015f\u0131 bir \u00fcslupla ortaya koyuyor. Kariyerinin en \u00f6nemli muharebeleri olan Austerlitz, Borodino ve Waterloo ise bir belgesel havas\u0131nda t\u00fcm detaylar\u0131yla masaya yat\u0131r\u0131l\u0131yor.<\/p>\n","protected":false},"excerpt":{"rendered":"<p>Osprey B\u00fcy\u00fck Komutanlar SerisiTarihin en b\u00fcy\u00fck komutanlar\u0131n\u0131n ya\u015fam \u00f6yk\u00fcleri, muharebe tecr\u00fcbeleri, uygulad\u0131klar\u0131 taktikler ve stratejilerNapol\u00e9on BonaparteD\u00fcnya tarihinin en b\u00fcy\u00fck komutanlar\u0131n\u0131 t\u00fcm y\u00f6nleriyle inceleyen OSPREY B\u00fcy\u00fck Komutanlar<span class=\"excerpt-hellip\"> [\u2026]<\/span><\/p>\n","protected":false},"featured_media":0,"template":"","meta":{"_monsterinsights_skip_tracking":false,"_monsterinsights_sitenote_active":false,"_monsterinsights_sitenote_note":"","_monsterinsights_sitenote_category":0},"product_brand":[],"product_cat":[12370,12304],"product_tag":[],"class_list":{"0":"post-729287","1":"product","2":"type-product","3":"status-publish","5":"product_cat-arastirma-inceleme","6":"product_cat-tarih","7":"pa_cilt-ciltsiz","8":"pa_tur-kitap","9":"pa_yayinevi-kronik-kitap","10":"pa_yazar-gregory-fremont-barnes","12":"first","13":"instock","14":"sale","15":"shipping-taxable","16":"purchasable","17":"product-type-simple"},"_links":{"self":[{"href":"https:\/\/roveyayinevi.com.tr\/index.php\/wp-json\/wp\/v2\/product\/729287","targetHints":{"allow":["GET"]}}],"collection":[{"href":"https:\/\/roveyayinevi.com.tr\/index.php\/wp-json\/wp\/v2\/product"}],"about":[{"href":"https:\/\/roveyayinevi.com.tr\/index.php\/wp-json\/wp\/v2\/types\/product"}],"wp:attachment":[{"href":"https:\/\/roveyayinevi.com.tr\/index.php\/wp-json\/wp\/v2\/media?parent=729287"}],"wp:term":[{"taxonomy":"product_brand","embeddable":true,"href":"https:\/\/roveyayinevi.com.tr\/index.php\/wp-json\/wp\/v2\/product_brand?post=729287"},{"taxonomy":"product_cat","embeddable":true,"href":"https:\/\/roveyayinevi.com.tr\/index.php\/wp-json\/wp\/v2\/product_cat?post=729287"},{"taxonomy":"product_tag","embeddable":true,"href":"https:\/\/roveyayinevi.com.tr\/index.php\/wp-json\/wp\/v2\/product_tag?post=729287"}],"curies":[{"name":"wp","href":"https:\/\/api.w.org\/{rel}","templated":true}]}}