{"id":729286,"date":"2025-08-27T20:53:38","date_gmt":"2025-08-27T17:53:38","guid":{"rendered":"https:\/\/roveyayinevi.com.tr\/index.php\/urun\/kahramanim-barbaros-hayreddin-kahraman-avcisi-kerem-8\/"},"modified":"2026-04-16T02:37:06","modified_gmt":"2026-04-15T23:37:06","slug":"kahramanim-barbaros-hayreddin-kahraman-avcisi-kerem-8","status":"publish","type":"product","link":"https:\/\/roveyayinevi.com.tr\/index.php\/urun\/kahramanim-barbaros-hayreddin-kahraman-avcisi-kerem-8\/","title":{"rendered":"Kahraman\u0131m Barbaros Hayreddin &#8211; Kahraman Avc\u0131s\u0131 Kerem 8"},"content":{"rendered":"<p>Hem merakl\u0131\u2026Hem macerac\u0131\u2026\u00dcstelik ara\u015ft\u0131rmac\u0131\u2026Ad\u0131 da Kahraman Avc\u0131s\u0131\u2026Not defterini yan\u0131ndan hi\u00e7 ay\u0131rmayan ara\u015ft\u0131rmac\u0131 ve merakl\u0131 Kahraman Avc\u0131s\u0131 Kerem \u00c7okbilir&#8230;Karde\u015finden birka\u00e7 ya\u015f b\u00fcy\u00fck oldu\u011funu dilinden d\u00fc\u015f\u00fcrmeyen ablas\u0131 \u0130rem\u2026Bildikleriyle, okuduklar\u0131yla ye\u011fenlerini tarihin derinliklerinde inan\u0131lmaz yolculuklara \u00e7\u0131karan kitap kurdu day\u0131lar\u0131 Bay Ne Sorsan Bilir\u2026Her yapt\u0131klar\u0131 olay!Neye el atsalar gizem\u2026Onlar tarihin derinliklerinden \u00f6zel s\u0131rlar topluyorlar. \u015eimdiki duraklar\u0131, 16. y\u00fczy\u0131lda ya\u015fam\u0131\u015f, Osmanl\u0131 \u0130mparatorlu\u011fu\u2019nun ilk Kaptan-\u0131 Derya\u2019s\u0131, Preveze Deniz Sava\u015f\u0131\u2019n\u0131n galibi, Akdeniz fatihi Barbaros Hayreddin\u2019in yan\u0131\u2026 Hem hayat hik\u00e2yesini dinleyecekler hem de ba\u015far\u0131y\u0131 tadacaklar.Sen de ekibin i\u00e7inde olmak istemez misin? O zaman yolculuk ba\u015flas\u0131n&#8230;<\/p>\n","protected":false},"excerpt":{"rendered":"<p>Hem merakl\u0131\u2026Hem macerac\u0131\u2026\u00dcstelik ara\u015ft\u0131rmac\u0131\u2026Ad\u0131 da Kahraman Avc\u0131s\u0131\u2026Not defterini yan\u0131ndan hi\u00e7 ay\u0131rmayan ara\u015ft\u0131rmac\u0131 ve merakl\u0131 Kahraman Avc\u0131s\u0131 Kerem \u00c7okbilir&#8230;Karde\u015finden birka\u00e7 ya\u015f b\u00fcy\u00fck oldu\u011funu dilinden d\u00fc\u015f\u00fcrmeyen ablas\u0131 \u0130rem\u2026Bildikleriyle,<span class=\"excerpt-hellip\"> [\u2026]<\/span><\/p>\n","protected":false},"featured_media":0,"template":"","meta":{"_monsterinsights_skip_tracking":false,"_monsterinsights_sitenote_active":false,"_monsterinsights_sitenote_note":"","_monsterinsights_sitenote_category":0},"product_brand":[],"product_cat":[12275,12274],"product_tag":[],"class_list":{"0":"post-729286","1":"product","2":"type-product","3":"status-publish","5":"product_cat-6-12-yas-kitaplari","6":"product_cat-cocuk-ve-genclik-kitaplari","7":"pa_cilt-ciltsiz","8":"pa_tur-kitap","9":"pa_yayinevi-timas-cocuk","10":"pa_yazar-irfan-gurkan-celebi","12":"first","13":"instock","14":"sale","15":"shipping-taxable","16":"purchasable","17":"product-type-simple"},"_links":{"self":[{"href":"https:\/\/roveyayinevi.com.tr\/index.php\/wp-json\/wp\/v2\/product\/729286","targetHints":{"allow":["GET"]}}],"collection":[{"href":"https:\/\/roveyayinevi.com.tr\/index.php\/wp-json\/wp\/v2\/product"}],"about":[{"href":"https:\/\/roveyayinevi.com.tr\/index.php\/wp-json\/wp\/v2\/types\/product"}],"wp:attachment":[{"href":"https:\/\/roveyayinevi.com.tr\/index.php\/wp-json\/wp\/v2\/media?parent=729286"}],"wp:term":[{"taxonomy":"product_brand","embeddable":true,"href":"https:\/\/roveyayinevi.com.tr\/index.php\/wp-json\/wp\/v2\/product_brand?post=729286"},{"taxonomy":"product_cat","embeddable":true,"href":"https:\/\/roveyayinevi.com.tr\/index.php\/wp-json\/wp\/v2\/product_cat?post=729286"},{"taxonomy":"product_tag","embeddable":true,"href":"https:\/\/roveyayinevi.com.tr\/index.php\/wp-json\/wp\/v2\/product_tag?post=729286"}],"curies":[{"name":"wp","href":"https:\/\/api.w.org\/{rel}","templated":true}]}}