{"id":729282,"date":"2025-08-27T20:53:34","date_gmt":"2025-08-27T17:53:34","guid":{"rendered":"https:\/\/roveyayinevi.com.tr\/index.php\/urun\/biri-digeri-oteki-beriki\/"},"modified":"2026-04-03T02:44:32","modified_gmt":"2026-04-02T23:44:32","slug":"biri-digeri-oteki-beriki","status":"publish","type":"product","link":"https:\/\/roveyayinevi.com.tr\/index.php\/urun\/biri-digeri-oteki-beriki\/","title":{"rendered":"Biri, Di\u011feri, \u00d6teki, Beriki"},"content":{"rendered":"<p>&#8211; Biraz daha b\u00fcy\u00fcd\u00fc\u011f\u00fcmde ormandaki b\u00fct\u00fcn ku\u015flar dallar\u0131m\u0131n aras\u0131na yuva yapacak ve ben mutlu olaca\u011f\u0131m, demi\u015f Biri.- Biraz daha b\u00fcy\u00fcd\u00fc\u011f\u00fcmde r\u00fczg\u00e2rda sallanan yapraklar\u0131m\u0131n h\u0131\u015f\u0131rt\u0131s\u0131 orman\u0131n her yerinden duyulacak ve ben mutlu olaca\u011f\u0131m, demi\u015f Di\u011feri.- Biraz daha b\u00fcy\u00fcd\u00fc\u011f\u00fcmde tohumlar\u0131m orman\u0131n d\u00f6rt bir yan\u0131na da\u011f\u0131lacak ve ben mutlu olaca\u011f\u0131m, demi\u015f \u00d6teki.- Mutlu olmak i\u00e7in b\u00fcy\u00fcmeye gerek yok ki, demi\u015f Beriki. \u00dczerinde gezinen kar\u0131ncalar\u0131n onu g\u0131d\u0131klad\u0131\u011f\u0131n\u0131 hissetmi\u015f ve g\u00fcl\u00fcmsemi\u015f.Hepimiz hayatta birileri i\u00e7in \u201cBiri, di\u011feri, \u00f6teki ve beriki!\u201d de\u011fil miyiz?Beriki, kendini e\u011fri ve b\u00fc\u011fr\u00fc h\u00e2lleriyle kabul edip mutlu olman\u0131n yolunu arayanlar\u0131n hik\u00e2yesi\u2026<\/p>\n","protected":false},"excerpt":{"rendered":"<p>&#8211; Biraz daha b\u00fcy\u00fcd\u00fc\u011f\u00fcmde ormandaki b\u00fct\u00fcn ku\u015flar dallar\u0131m\u0131n aras\u0131na yuva yapacak ve ben mutlu olaca\u011f\u0131m, demi\u015f Biri.- Biraz daha b\u00fcy\u00fcd\u00fc\u011f\u00fcmde r\u00fczg\u00e2rda sallanan yapraklar\u0131m\u0131n h\u0131\u015f\u0131rt\u0131s\u0131 orman\u0131n her<span class=\"excerpt-hellip\"> [\u2026]<\/span><\/p>\n","protected":false},"featured_media":0,"template":"","meta":{"_monsterinsights_skip_tracking":false,"_monsterinsights_sitenote_active":false,"_monsterinsights_sitenote_note":"","_monsterinsights_sitenote_category":0},"product_brand":[],"product_cat":[12274,12284],"product_tag":[],"class_list":{"0":"post-729282","1":"product","2":"type-product","3":"status-publish","5":"product_cat-cocuk-ve-genclik-kitaplari","6":"product_cat-hikayeler","7":"pa_cilt-ciltsiz","8":"pa_tur-kitap","9":"pa_yayinevi-timas-cocuk","10":"pa_yazar-aysegul-dede","12":"first","13":"instock","14":"sale","15":"shipping-taxable","16":"purchasable","17":"product-type-simple"},"_links":{"self":[{"href":"https:\/\/roveyayinevi.com.tr\/index.php\/wp-json\/wp\/v2\/product\/729282","targetHints":{"allow":["GET"]}}],"collection":[{"href":"https:\/\/roveyayinevi.com.tr\/index.php\/wp-json\/wp\/v2\/product"}],"about":[{"href":"https:\/\/roveyayinevi.com.tr\/index.php\/wp-json\/wp\/v2\/types\/product"}],"wp:attachment":[{"href":"https:\/\/roveyayinevi.com.tr\/index.php\/wp-json\/wp\/v2\/media?parent=729282"}],"wp:term":[{"taxonomy":"product_brand","embeddable":true,"href":"https:\/\/roveyayinevi.com.tr\/index.php\/wp-json\/wp\/v2\/product_brand?post=729282"},{"taxonomy":"product_cat","embeddable":true,"href":"https:\/\/roveyayinevi.com.tr\/index.php\/wp-json\/wp\/v2\/product_cat?post=729282"},{"taxonomy":"product_tag","embeddable":true,"href":"https:\/\/roveyayinevi.com.tr\/index.php\/wp-json\/wp\/v2\/product_tag?post=729282"}],"curies":[{"name":"wp","href":"https:\/\/api.w.org\/{rel}","templated":true}]}}