{"id":729280,"date":"2025-08-27T20:53:32","date_gmt":"2025-08-27T17:53:32","guid":{"rendered":"https:\/\/roveyayinevi.com.tr\/index.php\/urun\/babam-ve-ben-3\/"},"modified":"2026-04-16T02:37:05","modified_gmt":"2026-04-15T23:37:05","slug":"babam-ve-ben-3","status":"publish","type":"product","link":"https:\/\/roveyayinevi.com.tr\/index.php\/urun\/babam-ve-ben-3\/","title":{"rendered":"Babam ve Ben"},"content":{"rendered":"<p>Hi\u00e7 akl\u0131n\u0131za geldi mi, acaba dan\u0131\u015fanlar\u0131n derdine derman olan, ruhlar\u0131na dokunan, y\u00fcreklerdeki s\u00f6k\u00fckleri diken ve ailelere y\u00f6n g\u00f6steren ruh sa\u011fl\u0131\u011f\u0131 uzmanlar\u0131n\u0131n kendi babalar\u0131yla ili\u015fkileri nas\u0131ld\u0131? Nas\u0131l bir \u00e7ocukluk ge\u00e7irmi\u015flerdi? Kendilerini yetersiz hissettiklerinde nelere sar\u0131ld\u0131lar? \u00d6zg\u00fcven eksikli\u011fi ya\u015fad\u0131lar m\u0131, kalpleri k\u0131r\u0131ld\u0131 m\u0131, onlar\u0131n da canlar\u0131 ac\u0131d\u0131 m\u0131? Onlar da babalar\u0131na benziyorlar m\u0131yd\u0131? Babalar\u0131ndan ald\u0131klar\u0131 davran\u0131\u015f kal\u0131plar\u0131n\u0131 kendi \u00e7ocuklar\u0131na yans\u0131tt\u0131lar m\u0131? Ya\u015fanan sorunlar\u0131n ne kadar\u0131 ge\u00e7mi\u015ften, ne kadar\u0131 bug\u00fcnden kaynaklan\u0131yordu?   Sevilay Acar, Babam ve Ben\u2019de Prof. Dr. \u00d6zcan K\u00f6knel, Prof. Dr. Kemal Sayar, Prof. Dr. Nevzat Tarhan ve Pedagog Ali \u00c7ank\u0131r\u0131l\u0131\u2019yla yapt\u0131\u011f\u0131 sohbetlerle onlar\u0131 \u00e7ocukluk y\u0131llar\u0131na g\u00f6t\u00fcr\u00fcyor. Bug\u00fcn her biri psikiyatri ve pedagoji alan\u0131nda uzman olan isimler \u00e7ocukluk y\u0131llar\u0131na dair i\u00e7ten payla\u015f\u0131mlarda bulunuyor, sadece kendi tecr\u00fcbe ve hik\u00e2yelerini payla\u015fm\u0131yor, adeta \u201cyaln\u0131z de\u011filsiniz\u201d diyerek okurlar\u0131 da bu yolculukta cesaretlendiriyorlar. B\u00f6ylece ge\u00e7mi\u015fi pek \u00e7ok y\u00f6n\u00fcyle ele al\u0131rken bug\u00fcn\u00fcn \u201cbaba fig\u00fcr\u00fc\u201dne ve baba-\u00e7ocuk ili\u015fkinin hassas noktalar\u0131na temas ediyorlar ve ortaya hem onlar\u0131n \u00e7ocukluk y\u0131llar\u0131n\u0131n hem de g\u00fcn\u00fcm\u00fcz\u00fcn toplumsal yap\u0131s\u0131yla ilgili bir tablo \u00e7\u0131k\u0131yor. Babam ve Ben, sevgisini g\u00f6stermek isteyen, ilgi bekleyen, duygusal \u00e7at\u0131\u015fma ya\u015fayan, belki de sadece ya\u015fad\u0131klar\u0131n\u0131 tebess\u00fcmle hat\u0131rlayan b\u00fct\u00fcn okurlar i\u00e7in\u2026 Baba, T\u00fcrkiye\u2019nin geleneksel do\u011fas\u0131d\u0131r, o\u011ful modern tecr\u00fcbe. Emniyet ve risk. Onay ve \u00f6zg\u00fcrl\u00fck. Kalmak ve gitmek. O\u011ful gider, ama tam gidemez, bir y\u00f6n\u00fcyle kal\u0131r. T\u0131pk\u0131 ac\u0131l\u0131 yurdumuz T\u00fcrkiye gibi. Orada ama burada. Modern ama geleneksel. Bat\u0131\u2019ya y\u00fcz\u00fcn\u00fc d\u00f6nm\u00fc\u015f, ama Do\u011fulu. Babalar\u0131n ve o\u011fullar\u0131n hik\u00e2yesi T\u00fcrkiye\u2019nin iki y\u00fcz y\u0131ll\u0131k tarihidir. \u00dcstelik, baba ve o\u011ful aras\u0131nda \u00e7at\u0131\u015fma varsa, orada bir galip bulmak zordur.<\/p>\n","protected":false},"excerpt":{"rendered":"<p>Hi\u00e7 akl\u0131n\u0131za geldi mi, acaba dan\u0131\u015fanlar\u0131n derdine derman olan, ruhlar\u0131na dokunan, y\u00fcreklerdeki s\u00f6k\u00fckleri diken ve ailelere y\u00f6n g\u00f6steren ruh sa\u011fl\u0131\u011f\u0131 uzmanlar\u0131n\u0131n kendi babalar\u0131yla ili\u015fkileri nas\u0131ld\u0131? Nas\u0131l<span class=\"excerpt-hellip\"> [\u2026]<\/span><\/p>\n","protected":false},"featured_media":0,"template":"","meta":{"_monsterinsights_skip_tracking":false,"_monsterinsights_sitenote_active":false,"_monsterinsights_sitenote_note":"","_monsterinsights_sitenote_category":0},"product_brand":[],"product_cat":[12358,12357],"product_tag":[],"class_list":{"0":"post-729280","1":"product","2":"type-product","3":"status-publish","5":"product_cat-genel-psikoloji","6":"product_cat-psikoloji","7":"pa_cilt-ciltsiz","8":"pa_tur-kitap","9":"pa_yayinevi-timas-yayinlari","10":"pa_yazar-timas-yayinlari-kolektif","12":"first","13":"instock","14":"sale","15":"shipping-taxable","16":"purchasable","17":"product-type-simple"},"_links":{"self":[{"href":"https:\/\/roveyayinevi.com.tr\/index.php\/wp-json\/wp\/v2\/product\/729280","targetHints":{"allow":["GET"]}}],"collection":[{"href":"https:\/\/roveyayinevi.com.tr\/index.php\/wp-json\/wp\/v2\/product"}],"about":[{"href":"https:\/\/roveyayinevi.com.tr\/index.php\/wp-json\/wp\/v2\/types\/product"}],"wp:attachment":[{"href":"https:\/\/roveyayinevi.com.tr\/index.php\/wp-json\/wp\/v2\/media?parent=729280"}],"wp:term":[{"taxonomy":"product_brand","embeddable":true,"href":"https:\/\/roveyayinevi.com.tr\/index.php\/wp-json\/wp\/v2\/product_brand?post=729280"},{"taxonomy":"product_cat","embeddable":true,"href":"https:\/\/roveyayinevi.com.tr\/index.php\/wp-json\/wp\/v2\/product_cat?post=729280"},{"taxonomy":"product_tag","embeddable":true,"href":"https:\/\/roveyayinevi.com.tr\/index.php\/wp-json\/wp\/v2\/product_tag?post=729280"}],"curies":[{"name":"wp","href":"https:\/\/api.w.org\/{rel}","templated":true}]}}