{"id":729279,"date":"2025-08-27T20:53:31","date_gmt":"2025-08-27T17:53:31","guid":{"rendered":"https:\/\/roveyayinevi.com.tr\/index.php\/urun\/ingiliz-kiskaci\/"},"modified":"2026-04-16T02:37:05","modified_gmt":"2026-04-15T23:37:05","slug":"ingiliz-kiskaci","status":"publish","type":"product","link":"https:\/\/roveyayinevi.com.tr\/index.php\/urun\/ingiliz-kiskaci\/","title":{"rendered":"\u0130ngiliz K\u0131skac\u0131"},"content":{"rendered":"<p>Birinci D\u00fcnya Sava\u015f\u0131&#8217;ndan sonra y\u0131k\u0131lmak \u00fczere olan, i\u015fgal alt\u0131nda bir vatan.Bu y\u0131k\u0131m\u0131 kendi istedikleri gibi sonland\u0131rmak isteyen \u0130ngilizler ise bo\u015f durmuyor, her yerde casuslar\u0131 ile \u00e7al\u0131\u015f\u0131yorlar\u2026Devleti yeniden aya\u011fa kald\u0131rmak isteyen vatanperverler ise i\u015fgali sonland\u0131rmak ve yeniden ba\u011f\u0131ms\u0131z olmak i\u00e7in var g\u00fc\u00e7leriyle gizlice \u00e7al\u0131\u015f\u0131yorlar. \u00c7\u0131k\u0131\u015f aran\u0131yor\u2026En b\u00fcy\u00fck d\u00fc\u015fmanlar\u0131 ise kendilerinden gibi g\u00f6z\u00fcken casuslar\u2026Bu casuslardan en tehlikesi ise \u0130ngilizlere \u00e7al\u0131\u015fan Hint as\u0131ll\u0131 Mustafa Sagir.\u0130stanbul&#8217;a geldi\u011finde kendini ba\u011f\u0131ms\u0131zl\u0131k taraftar\u0131 olarak tan\u0131t\u0131r. Hint M\u00fcsl\u00fcmanlar\u0131n\u0131n temsilcisi oldu\u011funu ve b\u00fcy\u00fck miktarda mali yard\u0131m i\u00e7in arac\u0131l\u0131k edece\u011fini belirtir. Daha sonra ise b\u00fcy\u00fck g\u00f6revi olan Mill\u00ee M\u00fccadele\u2019yi engellemek amac\u0131yla Ankara\u2019ya ula\u015f\u0131r. Hedefi m\u00fccadelenin \u00f6nderi Mustafa Kemal Pa\u015fa\u2019ya suikast d\u00fczenlemektir.Devleti ve milleti i\u00e7in can\u0131n\u0131 ortaya koyanlar\u0131n ise ba\u015fka bir plan\u0131 vard\u0131r\u2026\u0130smail Bilgin\u2019in s\u00fcr\u00fckleyici kaleminden \u0130ngiliz K\u0131skac\u0131, \u0130stanbul&#8217;un \u0130\u015fgali\u2019nden ba\u015flayarak Ankara&#8217;ya dek uzanan olaylar zincirini, sa\u011flam bir kurgu ve ak\u0131c\u0131 bir anlat\u0131m ile kaynaklar e\u015fli\u011finde okuyucuya sunan \u00f6zel bir tarihi roman.O zor ve fedak\u00e2rl\u0131k dolu g\u00fcnleri tekrar hat\u0131rlamak ve unutmamak ad\u0131na&#8230;<\/p>\n","protected":false},"excerpt":{"rendered":"<p>Birinci D\u00fcnya Sava\u015f\u0131&#8217;ndan sonra y\u0131k\u0131lmak \u00fczere olan, i\u015fgal alt\u0131nda bir vatan.Bu y\u0131k\u0131m\u0131 kendi istedikleri gibi sonland\u0131rmak isteyen \u0130ngilizler ise bo\u015f durmuyor, her yerde casuslar\u0131 ile \u00e7al\u0131\u015f\u0131yorlar\u2026Devleti<span class=\"excerpt-hellip\"> [\u2026]<\/span><\/p>\n","protected":false},"featured_media":0,"template":"","meta":{"_monsterinsights_skip_tracking":false,"_monsterinsights_sitenote_active":false,"_monsterinsights_sitenote_note":"","_monsterinsights_sitenote_category":0},"product_brand":[],"product_cat":[12291,12745],"product_tag":[],"class_list":{"0":"post-729279","1":"product","2":"type-product","3":"status-publish","5":"product_cat-edebiyat","6":"product_cat-tarihi-roman","7":"pa_cilt-ciltsiz","8":"pa_tur-kitap","9":"pa_yayinevi-timas-yayinlari","10":"pa_yazar-ismail-bilgin","12":"first","13":"instock","14":"sale","15":"shipping-taxable","16":"purchasable","17":"product-type-simple"},"_links":{"self":[{"href":"https:\/\/roveyayinevi.com.tr\/index.php\/wp-json\/wp\/v2\/product\/729279","targetHints":{"allow":["GET"]}}],"collection":[{"href":"https:\/\/roveyayinevi.com.tr\/index.php\/wp-json\/wp\/v2\/product"}],"about":[{"href":"https:\/\/roveyayinevi.com.tr\/index.php\/wp-json\/wp\/v2\/types\/product"}],"wp:attachment":[{"href":"https:\/\/roveyayinevi.com.tr\/index.php\/wp-json\/wp\/v2\/media?parent=729279"}],"wp:term":[{"taxonomy":"product_brand","embeddable":true,"href":"https:\/\/roveyayinevi.com.tr\/index.php\/wp-json\/wp\/v2\/product_brand?post=729279"},{"taxonomy":"product_cat","embeddable":true,"href":"https:\/\/roveyayinevi.com.tr\/index.php\/wp-json\/wp\/v2\/product_cat?post=729279"},{"taxonomy":"product_tag","embeddable":true,"href":"https:\/\/roveyayinevi.com.tr\/index.php\/wp-json\/wp\/v2\/product_tag?post=729279"}],"curies":[{"name":"wp","href":"https:\/\/api.w.org\/{rel}","templated":true}]}}