{"id":729278,"date":"2025-08-27T20:53:31","date_gmt":"2025-08-27T17:53:31","guid":{"rendered":"https:\/\/roveyayinevi.com.tr\/index.php\/urun\/gonlum-dilime-dargin\/"},"modified":"2026-04-02T02:49:23","modified_gmt":"2026-04-01T23:49:23","slug":"gonlum-dilime-dargin","status":"publish","type":"product","link":"https:\/\/roveyayinevi.com.tr\/index.php\/urun\/gonlum-dilime-dargin\/","title":{"rendered":"G\u00f6nl\u00fcm Dilime Darg\u0131n"},"content":{"rendered":"<p>Zaman zaman onu duymam zor olsa da bu sefer s\u00f6yledi\u011fini anlam\u0131\u015ft\u0131m. Anlam\u0131\u015ft\u0131m ama i\u00e7ime alam\u0131yordum, o ayr\u0131.\u201cOn iki ya\u015f\u0131nda intihara te\u015febb\u00fcs m\u00fc?\u201d\u201cEvet\u201d dedi, g\u00fcl\u00fcp ge\u00e7i\u015ftirerek.Kan\u0131m\u0131 donduran bu g\u00fcl\u00fc\u015f\u00fc hemen tan\u0131m\u0131\u015ft\u0131m.Bu g\u00fcl\u00fc\u015fe \u201cCellad\u0131n Kahkahas\u0131\u201d deriz biz.Dan\u0131\u015fan\u0131n asl\u0131nda \u00e7ok ac\u0131 \u00e7ekti\u011fi ve utand\u0131\u011f\u0131 anlarda durumu ele alan \u201c Cellat\u201d asl\u0131nda ki\u015finin i\u00e7ten i\u00e7e neyle ba\u015f etmeye \u00e7al\u0131\u015ft\u0131\u011f\u0131n\u0131 bize g\u00f6sterir. Bu kocaman adam\u0131n i\u00e7inde, k\u00fc\u00e7\u00fcc\u00fck ve ac\u0131 \u00e7eken bir \u00c7ocuk ve onun kar\u015f\u0131s\u0131nda da istek ve ihtiya\u00e7lar\u0131n\u0131 dile getirmesine izin vermeyen, her ad\u0131mda onun \u00f6d\u00fcn\u00fc kopartan ve de on iki ya\u015f\u0131ndayken onu intihara s\u00fcr\u00fckleyecek kadar eline ge\u00e7irmi\u015f bir \u201cCellat\u201d vard\u0131.Psikoterapi nedir? Kayna\u011f\u0131n\u0131 Bat\u0131\u2019dan, \u00e7\u0131k\u0131\u015f noktas\u0131n\u0131 \u201cg\u00fcnah \u00e7\u0131karma\u201d prati\u011finden alan bu disiplin bizim i\u00e7in \u201cM\u00fcsl\u00fcman mahallesinde salyangoz satmak\u201d m\u0131d\u0131r? Empatik ileti\u015fim ne i\u015fe yarar? Benlik dedi\u011fimiz, \u00e7\u00f6zmek u\u011fruna b\u00fct\u00fcn hayat\u0131m\u0131z\u0131 harcad\u0131\u011f\u0131m\u0131z bir bilmece mi asl\u0131nda? Travmalar\u0131m\u0131z\u0131n kayna\u011f\u0131 i\u00e7imizdeki \u00c7ocuk\u2019un duyulmam\u0131\u015f sesi olabilir mi? Peki ya i\u00e7imizdeki Cellat? O bize ne anlatmak ister?Dr. Psikolog Elvin Ayd\u0131n Kele\u015f, Bat\u0131l\u0131 yakla\u015f\u0131m\u0131n t\u00fcm heybetiyle teoriler boyu anlatt\u0131\u011f\u0131n\u0131, Mevl\u00e2n\u00e2\u2019n\u0131n bir s\u00f6z\u00fcnde, \u201cG\u00f6nl\u00fcm dilime darg\u0131n\u201d ifadesinde yakalayarak bize psikolojik a\u00e7\u0131dan iyile\u015fmeye giden yolun kendi i\u00e7imizde oldu\u011funu hat\u0131rlat\u0131yor.<\/p>\n","protected":false},"excerpt":{"rendered":"<p>Zaman zaman onu duymam zor olsa da bu sefer s\u00f6yledi\u011fini anlam\u0131\u015ft\u0131m. Anlam\u0131\u015ft\u0131m ama i\u00e7ime alam\u0131yordum, o ayr\u0131.\u201cOn iki ya\u015f\u0131nda intihara te\u015febb\u00fcs m\u00fc?\u201d\u201cEvet\u201d dedi, g\u00fcl\u00fcp ge\u00e7i\u015ftirerek.Kan\u0131m\u0131 donduran<span class=\"excerpt-hellip\"> [\u2026]<\/span><\/p>\n","protected":false},"featured_media":0,"template":"","meta":{"_monsterinsights_skip_tracking":false,"_monsterinsights_sitenote_active":false,"_monsterinsights_sitenote_note":"","_monsterinsights_sitenote_category":0},"product_brand":[],"product_cat":[12358,12357],"product_tag":[],"class_list":{"0":"post-729278","1":"product","2":"type-product","3":"status-publish","5":"product_cat-genel-psikoloji","6":"product_cat-psikoloji","7":"pa_cilt-ciltsiz","8":"pa_tur-kitap","9":"pa_yayinevi-dogan-novus","10":"pa_yazar-elvin-aydin-keles","12":"first","13":"instock","14":"sale","15":"shipping-taxable","16":"purchasable","17":"product-type-simple"},"_links":{"self":[{"href":"https:\/\/roveyayinevi.com.tr\/index.php\/wp-json\/wp\/v2\/product\/729278","targetHints":{"allow":["GET"]}}],"collection":[{"href":"https:\/\/roveyayinevi.com.tr\/index.php\/wp-json\/wp\/v2\/product"}],"about":[{"href":"https:\/\/roveyayinevi.com.tr\/index.php\/wp-json\/wp\/v2\/types\/product"}],"wp:attachment":[{"href":"https:\/\/roveyayinevi.com.tr\/index.php\/wp-json\/wp\/v2\/media?parent=729278"}],"wp:term":[{"taxonomy":"product_brand","embeddable":true,"href":"https:\/\/roveyayinevi.com.tr\/index.php\/wp-json\/wp\/v2\/product_brand?post=729278"},{"taxonomy":"product_cat","embeddable":true,"href":"https:\/\/roveyayinevi.com.tr\/index.php\/wp-json\/wp\/v2\/product_cat?post=729278"},{"taxonomy":"product_tag","embeddable":true,"href":"https:\/\/roveyayinevi.com.tr\/index.php\/wp-json\/wp\/v2\/product_tag?post=729278"}],"curies":[{"name":"wp","href":"https:\/\/api.w.org\/{rel}","templated":true}]}}