{"id":729275,"date":"2025-08-27T20:53:28","date_gmt":"2025-08-27T17:53:28","guid":{"rendered":"https:\/\/roveyayinevi.com.tr\/index.php\/urun\/daha-oldurucu-matematik\/"},"modified":"2026-02-03T02:52:57","modified_gmt":"2026-02-02T23:52:57","slug":"daha-oldurucu-matematik","status":"publish","type":"product","link":"https:\/\/roveyayinevi.com.tr\/index.php\/urun\/daha-oldurucu-matematik\/","title":{"rendered":"Daha \u00d6ld\u00fcr\u00fcc\u00fc Matematik"},"content":{"rendered":"<p>Yoksa matematik derslerinde uyuyor musunuz? O zaman bu kitap sizin i\u00e7in \u00f6ld\u00fcr\u00fcc\u00fc nitelikte olan matemati\u011fi daha e\u011flenceli bir h\u00e2le getirecek..\u015eimdi kendinizi daha \u00f6ld\u00fcr\u00fcc\u00fc bir matemati\u011fe haz\u0131rlay\u0131n. Matemati\u011fin \u00f6ld\u00fcr\u00fcc\u00fc oldu\u011fundan haberiniz yoksa bile bu kitab\u0131 okuyun. \u00c7\u00fcnk\u00fc bu kitapta &#8220;berbat al\u0131\u015ft\u0131rmalarla ve s\u0131k\u0131c\u0131 i\u015flemlerle&#8221; kar\u015f\u0131la\u015fmayaca\u011f\u0131n\u0131z garanti..    TeParm Jimmy ve ekibi, matemati\u011fin ne kadar tehlikeli olabilece\u011fini anlatmak i\u00e7in geri d\u00f6nd\u00fcler. Profes\u00f6r Fiendish de \u00f6ld\u00fcr\u00fcc\u00fc matemati\u011fin tehlikelerinden nas\u0131l korunabilece\u011finizi \u00f6\u011fretecek sizlere..    \u00d6\u011frenmenin bir\u00e7ok yolu var ama E\u011flenceli Bilgi gibisi yok!<\/p>\n","protected":false},"excerpt":{"rendered":"<p>Yoksa matematik derslerinde uyuyor musunuz? O zaman bu kitap sizin i\u00e7in \u00f6ld\u00fcr\u00fcc\u00fc nitelikte olan matemati\u011fi daha e\u011flenceli bir h\u00e2le getirecek..\u015eimdi kendinizi daha \u00f6ld\u00fcr\u00fcc\u00fc bir matemati\u011fe haz\u0131rlay\u0131n.<span class=\"excerpt-hellip\"> [\u2026]<\/span><\/p>\n","protected":false},"featured_media":0,"template":"","meta":{"_monsterinsights_skip_tracking":false,"_monsterinsights_sitenote_active":false,"_monsterinsights_sitenote_note":"","_monsterinsights_sitenote_category":0},"product_brand":[],"product_cat":[12274,12631],"product_tag":[],"class_list":{"0":"post-729275","1":"product","2":"type-product","3":"status-publish","5":"product_cat-cocuk-ve-genclik-kitaplari","6":"product_cat-diger-cocuk-ve-genclik-kitaplari","7":"pa_cilt-ciltsiz","8":"pa_tur-kitap","9":"pa_yayinevi-eglenceli-bilgi-yayinlari","10":"pa_yazar-kjartan-poskitt","12":"first","13":"instock","14":"sale","15":"shipping-taxable","16":"purchasable","17":"product-type-simple"},"_links":{"self":[{"href":"https:\/\/roveyayinevi.com.tr\/index.php\/wp-json\/wp\/v2\/product\/729275","targetHints":{"allow":["GET"]}}],"collection":[{"href":"https:\/\/roveyayinevi.com.tr\/index.php\/wp-json\/wp\/v2\/product"}],"about":[{"href":"https:\/\/roveyayinevi.com.tr\/index.php\/wp-json\/wp\/v2\/types\/product"}],"wp:attachment":[{"href":"https:\/\/roveyayinevi.com.tr\/index.php\/wp-json\/wp\/v2\/media?parent=729275"}],"wp:term":[{"taxonomy":"product_brand","embeddable":true,"href":"https:\/\/roveyayinevi.com.tr\/index.php\/wp-json\/wp\/v2\/product_brand?post=729275"},{"taxonomy":"product_cat","embeddable":true,"href":"https:\/\/roveyayinevi.com.tr\/index.php\/wp-json\/wp\/v2\/product_cat?post=729275"},{"taxonomy":"product_tag","embeddable":true,"href":"https:\/\/roveyayinevi.com.tr\/index.php\/wp-json\/wp\/v2\/product_tag?post=729275"}],"curies":[{"name":"wp","href":"https:\/\/api.w.org\/{rel}","templated":true}]}}