{"id":729274,"date":"2025-08-27T20:53:27","date_gmt":"2025-08-27T17:53:27","guid":{"rendered":"https:\/\/roveyayinevi.com.tr\/index.php\/urun\/parcaciksal\/"},"modified":"2026-04-16T02:37:05","modified_gmt":"2026-04-15T23:37:05","slug":"parcaciksal","status":"publish","type":"product","link":"https:\/\/roveyayinevi.com.tr\/index.php\/urun\/parcaciksal\/","title":{"rendered":"Par\u00e7ac\u0131ksal"},"content":{"rendered":"<p>Kuantum ve Par\u00e7ac\u0131k Fizi\u011fiyle Nas\u0131l (Yer \u00c7ekimi Hari\u00e7) Her \u015eeyi A\u00e7\u0131klars\u0131n\u0131z?Yirminci y\u00fczy\u0131l\u0131n ba\u015f\u0131nda bilimin m\u00fcmk\u00fcn olan en u\u00e7 noktaya ula\u015ft\u0131\u011f\u0131 ve do\u011fa yasalar\u0131n\u0131n neredeyse t\u00fcm\u00fcn\u00fcn ke\u015ffedildi\u011fi d\u00fc\u015f\u00fcn\u00fcl\u00fcyordu.Sonra uyuyan devi uyand\u0131rd\u0131k: Kuantum mekani\u011fini ke\u015ffettik. Bu \u00e2lemde nesneler ayn\u0131 anda iki yerde olabiliyor, sebep-sonu\u00e7 ili\u015fkisi tersine i\u015fleyebiliyor hatta zaman yolculu\u011fu bile m\u00fcmk\u00fcn! Peki, insanl\u0131\u011f\u0131n hangi temel \u00e7abas\u0131 kuantum mekani\u011finin do\u011fu\u015funu m\u00fcmk\u00fcn k\u0131ld\u0131?Higgs bozonu, fotonlar, antimadde, B\u00fcy\u00fck Hadron \u00c7arp\u0131\u015ft\u0131r\u0131c\u0131s\u0131&#8230; Kuantum mekani\u011fi hem hepimizin bir \u015fekilde a\u015fina oldu\u011fu hem de gizemini h\u00e2l\u00e2 koruyan, evrenin en merak uyand\u0131ran konular\u0131ndan biri. \u0130lk kitab\u0131 Elementsel\u2019de periyodik tablodan yola \u00e7\u0131karak evrenle ilgili neredeyse b\u00fct\u00fcn sorular\u0131m\u0131z\u0131 cevaplayan Tim James, Par\u00e7ac\u0131ksal\u2019da kuantum mekani\u011fini ilk varsay\u0131mlar ve deneylerden en g\u00fcncel geli\u015fmelere kadar kendine \u00f6zg\u00fc, mizahi \u00fcslubuyla anlat\u0131yor ve Higgs bozonunun neden bu hik\u00e2yenin sonu olmad\u0131\u011f\u0131n\u0131 a\u00e7\u0131kl\u0131yor.\u201cPar\u00e7ac\u0131ksal kuantum fizi\u011fine yeni ba\u015flayanlar i\u00e7in olduk\u00e7a e\u011flenceli bir rehber.\u201d &#8211; The Telegraph\u201cE\u011flenceli ve anla\u015f\u0131l\u0131r bir kuantum mekani\u011fi rehberi. Fizik \u00fczerine ilk defa okuma yapanlar bile kitab\u0131 bitirdiklerinde evrenin en esrarengiz konusuyla ilgili tahmin ettiklerinden \u00e7ok daha fazla \u015fey \u00f6\u011frenmi\u015f olacaklar.\u201d &#8211; Kirkus Reviews\u201cMizahi ama derin\u2026 Par\u00e7ac\u0131ksal her t\u00fcrden okura hitap ediyor.\u201d &#8211; Profes\u00f6r Charles Antoine, Sorbonne \u00dcniversitesi<\/p>\n","protected":false},"excerpt":{"rendered":"<p>Kuantum ve Par\u00e7ac\u0131k Fizi\u011fiyle Nas\u0131l (Yer \u00c7ekimi Hari\u00e7) Her \u015eeyi A\u00e7\u0131klars\u0131n\u0131z?Yirminci y\u00fczy\u0131l\u0131n ba\u015f\u0131nda bilimin m\u00fcmk\u00fcn olan en u\u00e7 noktaya ula\u015ft\u0131\u011f\u0131 ve do\u011fa yasalar\u0131n\u0131n neredeyse t\u00fcm\u00fcn\u00fcn ke\u015ffedildi\u011fi<span class=\"excerpt-hellip\"> [\u2026]<\/span><\/p>\n","protected":false},"featured_media":0,"template":"","meta":{"_monsterinsights_skip_tracking":false,"_monsterinsights_sitenote_active":false,"_monsterinsights_sitenote_note":"","_monsterinsights_sitenote_category":0},"product_brand":[],"product_cat":[13005,37328],"product_tag":[],"class_list":{"0":"post-729274","1":"product","2":"type-product","3":"status-publish","5":"product_cat-bilim-muhendislik","6":"product_cat-diger-bilim-muhendislik","7":"pa_cilt-ciltsiz","8":"pa_tur-kitap","9":"pa_yayinevi-timas-yayinlari","10":"pa_yazar-tim-james","12":"first","13":"instock","14":"sale","15":"shipping-taxable","16":"purchasable","17":"product-type-simple"},"_links":{"self":[{"href":"https:\/\/roveyayinevi.com.tr\/index.php\/wp-json\/wp\/v2\/product\/729274","targetHints":{"allow":["GET"]}}],"collection":[{"href":"https:\/\/roveyayinevi.com.tr\/index.php\/wp-json\/wp\/v2\/product"}],"about":[{"href":"https:\/\/roveyayinevi.com.tr\/index.php\/wp-json\/wp\/v2\/types\/product"}],"wp:attachment":[{"href":"https:\/\/roveyayinevi.com.tr\/index.php\/wp-json\/wp\/v2\/media?parent=729274"}],"wp:term":[{"taxonomy":"product_brand","embeddable":true,"href":"https:\/\/roveyayinevi.com.tr\/index.php\/wp-json\/wp\/v2\/product_brand?post=729274"},{"taxonomy":"product_cat","embeddable":true,"href":"https:\/\/roveyayinevi.com.tr\/index.php\/wp-json\/wp\/v2\/product_cat?post=729274"},{"taxonomy":"product_tag","embeddable":true,"href":"https:\/\/roveyayinevi.com.tr\/index.php\/wp-json\/wp\/v2\/product_tag?post=729274"}],"curies":[{"name":"wp","href":"https:\/\/api.w.org\/{rel}","templated":true}]}}