{"id":729267,"date":"2025-08-27T20:53:21","date_gmt":"2025-08-27T17:53:21","guid":{"rendered":"https:\/\/roveyayinevi.com.tr\/index.php\/urun\/disarda-kotuluk-vardi-ciltli\/"},"modified":"2026-04-11T02:45:32","modified_gmt":"2026-04-10T23:45:32","slug":"disarda-kotuluk-vardi-ciltli","status":"publish","type":"product","link":"https:\/\/roveyayinevi.com.tr\/index.php\/urun\/disarda-kotuluk-vardi-ciltli\/","title":{"rendered":"D\u0131\u015farda K\u00f6t\u00fcl\u00fck Vard\u0131 (Ciltli)"},"content":{"rendered":"<p>K\u00fcr\u015fat Ba\u015far\u2019\u0131n her ku\u015fa\u011f\u0131n severek okudu\u011fu, adeta k\u00fcltle\u015fmi\u015f \u00fc\u00e7lemesi ilk kez tek cillte, bir arada! \u0130nsan\u0131n en do\u011fal hallerine, ili\u015fkilerin en tarafs\u0131z izahlar\u0131na ve ya\u015fam\u0131n \u00e7\u0131kmazlar\u0131na dair en \u00f6zg\u00fcn ve \u00e7arp\u0131c\u0131 c\u00fcmlelerin ustas\u0131 K\u00fcr\u015fat Ba\u015far, zamans\u0131z anlat\u0131 ritmiyle h\u00e2l\u00e2 g\u00fcnceli yakal\u0131yor. \u201cD\u0131\u015farda K\u00f6t\u00fcl\u00fck Vard\u0131\u201d d\u00fcn, bug\u00fcn ve yar\u0131n i\u00e7in\u2026   \u201cBir zaman hep onu d\u00fc\u015f\u00fcnd\u00fcm. D\u00fc\u015f\u00fcnmek denebilir mi buna, bilmiyorum, hani durup dururken bilin\u00e7te par\u0131ldayan bir g\u00f6r\u00fcnt\u00fc, bir s\u00f6zc\u00fck, bir imge, bir ses, i\u015fte hep \u00f6yle oldu, say\u0131s\u0131z resim silindi zihnimde. \u015eimdi, bunca zaman sonra o resimlerin hepsi sisli, kimbilir ne kadar de\u011fi\u015fti, bana ondan kalanlar\u0131n t\u00fcm\u00fc yanl\u0131\u015f imgeler olmal\u0131. Yine de o yanl\u0131\u015f imgelerin i\u00e7inde, gece yata\u011f\u0131mda d\u00f6nerken, birdenbire ona dokunmak, \u00e7ocuk y\u00fcz\u00fcndeki o a\u011f\u0131r anlam\u0131 g\u00f6rmek, y\u00fcz\u00fcm\u00fc, sakallar\u0131n\u0131n hen\u00fcz \u00e7\u0131kmaya ba\u015flad\u0131\u011f\u0131 y\u00fcz\u00fcne s\u00fcrmek geliyor i\u00e7imden. Bazen bir d\u00fc\u015fte \u00e7\u0131k\u0131yor kar\u015f\u0131ma, ne yapsam unutam\u0131yorum.\u201d  \u2013 K\u0131\u015f \u0130kindisinin Evinde   \u201cZaman bizi sertle\u015ftiriyor, eski, \u00e7ocuksu heyecanlar\u0131m\u0131z, ilk kar\u015f\u0131la\u015fma anlar\u0131n\u0131n yaratt\u0131\u011f\u0131 o gizlenmez sevin\u00e7 yerini ku\u015fkulara, hep ayn\u0131 olanla \u00e7arp\u0131\u015fman\u0131n b\u0131kk\u0131nl\u0131\u011f\u0131na, ya\u015fam\u0131n ge\u00e7ip giden h\u0131z\u0131na asla yeti\u015femeyece\u011fimizi anlaman\u0131n verdi\u011fi bulant\u0131ya, ac\u0131mas\u0131z bir kendini yok edi\u015fe, sonsuz bir gizlenmeye, i\u00e7e kapanmaya d\u00f6n\u00fc\u015f\u00fcyor.\u201d  \u2013 Konu\u015ftu\u011fumuz Gibi Uzaklara   \u201cKendimizi herkese ba\u015fka t\u00fcrl\u00fc sunuyoruz, b\u00fcy\u00fck, anla\u015f\u0131lmaz par\u00e7alanmalar\u0131m\u0131z, kimsenin, en yak\u0131n\u0131m\u0131zdakilerin bile bilmedi\u011fi bulan\u0131k d\u00fc\u015fresimleriyle belirip yiten i\u00e7 g\u00f6r\u00fcnt\u00fclerimiz, yalanlar, k\u00fc\u00e7\u00fck oyunlar ve i\u00e7inden \u00e7\u0131k\u0131lmaz, karma\u015f\u0131k s\u00f6zdizimleri var. Sonra zaman. Zaman\u0131n insanlarda, olaylarda, mekanda ve e\u015fyada olu\u015fturdu\u011fu farkl\u0131l\u0131klar, kendi bilincimizde uyanan ve ger\u00e7ekli\u011fi bir \u00f6ncekinden ay\u0131rdedilemeyen d\u00fc\u015f\u00fcnceler&#8230; her an yeni bi\u00e7imler alan, de\u011fi\u015fen de\u011ferler, yeniden ke\u015ffedilen ba\u011flant\u0131lar, an\u0131lar, hi\u00e7bir anlam kazanmayan rastlant\u0131lar, asla birle\u015femeyecek puslu g\u00f6r\u00fcn\u00fcmler.\u201d  \u2013 Sen Olsayd\u0131n Yapmazd\u0131n Biliyorum<\/p>\n","protected":false},"excerpt":{"rendered":"<p>K\u00fcr\u015fat Ba\u015far\u2019\u0131n her ku\u015fa\u011f\u0131n severek okudu\u011fu, adeta k\u00fcltle\u015fmi\u015f \u00fc\u00e7lemesi ilk kez tek cillte, bir arada! \u0130nsan\u0131n en do\u011fal hallerine, ili\u015fkilerin en tarafs\u0131z izahlar\u0131na ve ya\u015fam\u0131n \u00e7\u0131kmazlar\u0131na<span class=\"excerpt-hellip\"> [\u2026]<\/span><\/p>\n","protected":false},"featured_media":0,"template":"","meta":{"_monsterinsights_skip_tracking":false,"_monsterinsights_sitenote_active":false,"_monsterinsights_sitenote_note":"","_monsterinsights_sitenote_category":0},"product_brand":[],"product_cat":[12291,12711],"product_tag":[],"class_list":{"0":"post-729267","1":"product","2":"type-product","3":"status-publish","5":"product_cat-edebiyat","6":"product_cat-roman-oyku","7":"pa_cilt-ciltli","8":"pa_tur-kitap","9":"pa_yayinevi-everest-yayinlari","10":"pa_yazar-kursat-basar","12":"first","13":"instock","14":"sale","15":"shipping-taxable","16":"purchasable","17":"product-type-simple"},"_links":{"self":[{"href":"https:\/\/roveyayinevi.com.tr\/index.php\/wp-json\/wp\/v2\/product\/729267","targetHints":{"allow":["GET"]}}],"collection":[{"href":"https:\/\/roveyayinevi.com.tr\/index.php\/wp-json\/wp\/v2\/product"}],"about":[{"href":"https:\/\/roveyayinevi.com.tr\/index.php\/wp-json\/wp\/v2\/types\/product"}],"wp:attachment":[{"href":"https:\/\/roveyayinevi.com.tr\/index.php\/wp-json\/wp\/v2\/media?parent=729267"}],"wp:term":[{"taxonomy":"product_brand","embeddable":true,"href":"https:\/\/roveyayinevi.com.tr\/index.php\/wp-json\/wp\/v2\/product_brand?post=729267"},{"taxonomy":"product_cat","embeddable":true,"href":"https:\/\/roveyayinevi.com.tr\/index.php\/wp-json\/wp\/v2\/product_cat?post=729267"},{"taxonomy":"product_tag","embeddable":true,"href":"https:\/\/roveyayinevi.com.tr\/index.php\/wp-json\/wp\/v2\/product_tag?post=729267"}],"curies":[{"name":"wp","href":"https:\/\/api.w.org\/{rel}","templated":true}]}}